{"id":393965,"date":"2026-04-08T07:28:17","date_gmt":"2026-04-08T07:28:17","guid":{"rendered":"https:\/\/inspectogroup.com\/informazioni-sui-nostri-clienti\/"},"modified":"2026-04-08T14:23:07","modified_gmt":"2026-04-08T14:23:07","slug":"informazioni-sui-nostri-clienti","status":"publish","type":"page","link":"https:\/\/inspectogroup.com\/it\/informazioni-sui-nostri-clienti\/","title":{"rendered":"INFORMAZIONI SUI NOSTRI CLIENTI"},"content":{"rendered":"<p>[et_pb_section fb_built=&#8221;1&#8243; admin_label=&#8221;HEADER&#8221; _builder_version=&#8221;4.19.2&#8243; background_image=&#8221;https:\/\/inspectogroup.com\/wp-content\/uploads\/2022\/12\/blog.jpg&#8221; locked=&#8221;off&#8221; global_colors_info=&#8221;{}&#8221;][et_pb_row _builder_version=&#8221;4.16&#8243; background_size=&#8221;initial&#8221; background_position=&#8221;top_left&#8221; background_repeat=&#8221;repeat&#8221; custom_padding=&#8221;5vw||5vw|&#8221; global_colors_info=&#8221;{}&#8221;][et_pb_column type=&#8221;4_4&#8243; _builder_version=&#8221;4.16&#8243; background_position=&#8221;top_left&#8221; custom_padding=&#8221;|||&#8221; global_colors_info=&#8221;{}&#8221; custom_padding__hover=&#8221;|||&#8221;][et_pb_cta title=&#8221;La fiducia dei professionisti dell\u2019industria&#8221; admin_label=&#8221;Content Page White&#8221; _builder_version=&#8221;4.27.6&#8243; header_font=&#8221;|700||on|||||&#8221; header_font_size=&#8221;50px&#8221; use_background_color=&#8221;off&#8221; header_font_size_tablet=&#8221;52&#8243; header_font_size_phone=&#8221;40&#8243; header_font_size_last_edited=&#8221;on|phone&#8221; custom_css_promo_description=&#8221;padding-bottom: 0;&#8221; custom_css_promo_title=&#8221; font-weight: 300;||padding-bottom: 0;&#8221; global_colors_info=&#8221;{}&#8221; button_text_size__hover_enabled=&#8221;off&#8221; button_one_text_size__hover_enabled=&#8221;off&#8221; button_two_text_size__hover_enabled=&#8221;off&#8221; button_text_color__hover_enabled=&#8221;off&#8221; button_one_text_color__hover_enabled=&#8221;off&#8221; button_two_text_color__hover_enabled=&#8221;off&#8221; button_border_width__hover_enabled=&#8221;off&#8221; button_one_border_width__hover_enabled=&#8221;off&#8221; button_two_border_width__hover_enabled=&#8221;off&#8221; button_border_color__hover_enabled=&#8221;off&#8221; button_one_border_color__hover_enabled=&#8221;off&#8221; button_two_border_color__hover_enabled=&#8221;off&#8221; button_border_radius__hover_enabled=&#8221;off&#8221; button_one_border_radius__hover_enabled=&#8221;off&#8221; button_two_border_radius__hover_enabled=&#8221;off&#8221; button_letter_spacing__hover_enabled=&#8221;off&#8221; button_one_letter_spacing__hover_enabled=&#8221;off&#8221; button_two_letter_spacing__hover_enabled=&#8221;off&#8221; button_bg_color__hover_enabled=&#8221;off&#8221; button_one_bg_color__hover_enabled=&#8221;off&#8221; button_two_bg_color__hover_enabled=&#8221;off&#8221;][\/et_pb_cta][et_pb_text _builder_version=&#8221;4.27.6&#8243; _module_preset=&#8221;default&#8221; text_text_color=&#8221;#002F5F&#8221; text_font_size=&#8221;20px&#8221; hover_enabled=&#8221;0&#8243; global_colors_info=&#8221;{}&#8221; sticky_enabled=&#8221;0&#8243;]<\/p>\n<div id=\"story_ff7848870ee16540450a697d88dc6fce\" class=\"up-d-story-item top\" data-v-56f947a6=\"\" data-v-10921212=\"\">\n<div class=\"up-d-story\" data-v-56f947a6=\"\" data-test=\"story-container\" data-ev-sublocation=\"chat_room\">\n<div data-v-56f947a6=\"\">\n<div class=\"story-inner top\" data-v-56f947a6=\"\">\n<div class=\"story-section rr-block\" data-v-56f947a6=\"\" tabindex=\"0\">\n<div class=\"story-message\" data-v-56f947a6=\"\">\n<div class=\"up-d-message rr-mask\" data-v-4c632c5c=\"\" data-v-56f947a6=\"\" data-test=\"story-message\">\n<p style=\"text-align: center;\"><span dir=\"auto\" style=\"vertical-align: inherit;\"><span dir=\"auto\" style=\"vertical-align: inherit;\">In industries with the highest quality and compliance requirements, our clients rely on Inspecto to structure their processes, improve efficiency, and strengthen operational control. Here&#8217;s what they say about their experience.<\/span><\/span><\/p>\n<\/div>\n<\/div>\n<\/div>\n<div class=\"story-menu-section\" data-v-56f947a6=\"\">\n<div data-v-fd0426ea=\"\" data-v-56f947a6=\"\">\n<div class=\"story-menu-items\" data-v-fd0426ea=\"\">\n<div class=\"icon air3-icon sm\" data-v-fd0426ea=\"\"><\/div>\n<\/div>\n<\/div>\n<\/div>\n<\/div>\n<\/div>\n<\/div>\n<\/div>\n<div id=\"story_c4a396055761aa77186e3685d8654677\" class=\"up-d-story-item top\" data-v-56f947a6=\"\" data-v-10921212=\"\">\n<div class=\"up-d-story\" data-v-56f947a6=\"\" data-test=\"story-container\" data-ev-sublocation=\"chat_room\">\n<div data-v-56f947a6=\"\">\n<div class=\"story-inner top\" data-v-56f947a6=\"\">\n<div class=\"avatar-section\" data-v-56f947a6=\"\">\n<div id=\"user_story_c4a396055761aa77186e3685d8654677_avatar\" class=\"up-d-avatar rr-block story-avatar\" data-v-1ab545de=\"\" data-v-56f947a6=\"\">\n<div class=\"avatar-content person medium-small\" data-v-1ab545de=\"\"><\/div>\n<\/div>\n<\/div>\n<\/div>\n<\/div>\n<\/div>\n<\/div>\n<p>[\/et_pb_text][\/et_pb_column][\/et_pb_row][\/et_pb_section][et_pb_section fb_built=&#8221;1&#8243; _builder_version=&#8221;4.27.6&#8243; _module_preset=&#8221;default&#8221; locked=&#8221;off&#8221; collapsed=&#8221;on&#8221; global_colors_info=&#8221;{}&#8221;][et_pb_row _builder_version=&#8221;4.27.6&#8243; _module_preset=&#8221;default&#8221; global_colors_info=&#8221;{}&#8221;][et_pb_column type=&#8221;4_4&#8243; _builder_version=&#8221;4.27.6&#8243; _module_preset=&#8221;default&#8221; global_colors_info=&#8221;{}&#8221;][et_pb_slider show_content_on_mobile=&#8221;off&#8221; show_cta_on_mobile=&#8221;off&#8221; use_bg_overlay=&#8221;off&#8221; arrows_custom_color=&#8221;#002F5F&#8221; dot_nav_custom_color=&#8221;RGBA(255,255,255,0)&#8221; module_class=&#8221;client_testimonial_slider&#8221; _builder_version=&#8221;4.27.6&#8243; _module_preset=&#8221;default&#8221; body_font=&#8221;&#8211;et_global_heading_font||||||||&#8221; body_text_color=&#8221;#002f5f&#8221; background_color=&#8221;#FFFFFF&#8221; custom_padding=&#8221;8%||8%||false|false&#8221; hover_transition_duration=&#8221;100ms&#8221; hover_transition_delay=&#8221;50ms&#8221; box_shadow_style=&#8221;preset3&#8243; global_colors_info=&#8221;{}&#8221;][et_pb_slide _builder_version=&#8221;4.27.6&#8243; _module_preset=&#8221;default&#8221; global_colors_info=&#8221;{}&#8221; sticky_transition=&#8221;on&#8221;]<\/p>\n<p><span style=\"font-weight: 400;\">Nella nostra attivit\u00e0 (ispezione fornitori per il settore nucleare), avevamo soprattutto un problema nella ricostruzione dei dossier a posteriori. Tra foto, note sul campo e report, perdevamo molto tempo. Con Inspecto, tutto viene fatto direttamente durante l\u2019intervento. Non abbiamo ancora digitalizzato il 100% dei nostri processi, ma gi\u00e0 su questo perimetro \u00e8 diventato molto pi\u00f9 fluido.<\/span><\/p>\n<p><\/p>\n<p><span style=\"font-weight: 400;\"><strong>Responsabile Qualit\u00e0<\/strong> \u2013 PMI nucleare (45 persone)<\/span><\/p>\n<p>[\/et_pb_slide][et_pb_slide _builder_version=&#8221;4.27.6&#8243; _module_preset=&#8221;default&#8221; global_colors_info=&#8221;{}&#8221; sticky_transition=&#8221;on&#8221;]<\/p>\n<p><span style=\"font-weight: 400;\">Utilizzavamo gi\u00e0 un ERP, ma non copriva affatto il monitoraggio operativo delle ispezioni e delle non conformit\u00e0. Inspecto si \u00e8 integrato in modo piuttosto naturale, senza mettere in discussione ci\u00f2 che gi\u00e0 esisteva. Ci\u00f2 che apprezziamo \u00e8 la possibilit\u00e0 di procedere gradualmente, senza dover strutturare tutto fin dall\u2019inizio.<\/span><\/p>\n<p><\/p>\n<p><span style=\"font-weight: 400;\"><strong>Direttore Industriale<\/strong> \u2013 Industria meccanica (120 persone)<\/span><\/p>\n<p>[\/et_pb_slide][et_pb_slide _builder_version=&#8221;4.27.6&#8243; _module_preset=&#8221;default&#8221; global_colors_info=&#8221;{}&#8221; sticky_transition=&#8221;on&#8221;]<\/p>\n<p>We save time every day, without making our processes more complex.<\/p>\n<p>[\/et_pb_slide][et_pb_slide _builder_version=&#8221;4.27.6&#8243; _module_preset=&#8221;default&#8221; global_colors_info=&#8221;{}&#8221; sticky_transition=&#8221;on&#8221;]<\/p>\n<p><span style=\"font-weight: 400;\">Prima ognuno lavorava con i propri file. Funzionava, ma era difficile avere una visione globale e affidabile. Con Inspecto, abbiamo almeno una base comune e soprattutto una tracciabilit\u00e0 chiara. Non \u00e8 un cambiamento radicale, ma struttura davvero il lavoro quotidiano.<\/span><\/p>\n<p><\/p>\n<p><span style=\"font-weight: 400;\"><strong>Responsabile Metodi<\/strong> \u2013 PMI industriale (30 persone)<\/span><\/p>\n<p>[\/et_pb_slide][et_pb_slide _builder_version=&#8221;4.27.6&#8243; _module_preset=&#8221;default&#8221; global_colors_info=&#8221;{}&#8221; sticky_transition=&#8221;on&#8221;]<\/p>\n<p><span style=\"font-weight: 400;\">Ci\u00f2 che ci ha fatto fare un passo avanti \u00e8 stata la possibilit\u00e0 di generare automaticamente i report a partire dalle ispezioni. All\u2019inizio non ce ne si rende conto, ma \u00e8 un risparmio di tempo importante. Abbiamo ancora qualche adattamento da fare, ma non torneremmo indietro.<\/span><\/p>\n<p><\/p>\n<p><span style=\"font-weight: 400;\"><strong>Project Manager<\/strong> \u2013 Subfornitura aeronautica<\/span><\/p>\n<p>[\/et_pb_slide][et_pb_slide _builder_version=&#8221;4.27.6&#8243; _module_preset=&#8221;default&#8221; global_colors_info=&#8221;{}&#8221; sticky_transition=&#8221;on&#8221;]<\/p>\n<p><span style=\"font-weight: 400;\">Ci abbiamo messo un po\u2019 a decidere, ma l\u2019implementazione \u00e8 stata molto pi\u00f9 rapida del previsto.<\/span><\/p>\n<p>[\/et_pb_slide][et_pb_slide _builder_version=&#8221;4.27.6&#8243; _module_preset=&#8221;default&#8221; global_colors_info=&#8221;{}&#8221; sticky_transition=&#8221;on&#8221;]<\/p>\n<p><span style=\"font-weight: 400;\">Lo strumento \u00e8 facile da utilizzare, anche per chi non ha molta familiarit\u00e0 con il digitale. Per noi era un punto importante. Non lo utilizziamo ancora in tutti i reparti, ma dove \u00e8 stato implementato viene usato quotidianamente senza difficolt\u00e0.<\/span><\/p>\n<p><\/p>\n<p><span style=\"font-weight: 400;\"><strong>Responsabile Produzione<\/strong> \u2013 PMI (60 persone)<\/span><\/p>\n<p>[\/et_pb_slide][et_pb_slide _builder_version=&#8221;4.27.6&#8243; _module_preset=&#8221;default&#8221; global_colors_info=&#8221;{}&#8221; sticky_transition=&#8221;on&#8221;]<\/p>\n<p><span style=\"font-weight: 400;\">Abbiamo smesso di moltiplicare file Excel e scambi di email per seguire le azioni. Ora tutto \u00e8 in un unico posto: pu\u00f2 sembrare semplice, ma nella pratica fa davvero la differenza. Abbiamo meno perdite di informazioni e meno scambi inutili.<\/span><\/p>\n<p><\/p>\n<p><span style=\"font-weight: 400;\"><strong>Coordinatore Qualit\u00e0<\/strong> \u2013 Industria di processo<\/span><\/p>\n<p>[\/et_pb_slide][et_pb_slide _builder_version=&#8221;4.27.6&#8243; _module_preset=&#8221;default&#8221; global_colors_info=&#8221;{}&#8221; sticky_transition=&#8221;on&#8221;]<\/p>\n<p><span style=\"font-weight: 400;\">Inspecto si integra bene nel nostro ambiente esistente. Non abbiamo dovuto rivedere tutta la nostra organizzazione. Abbiamo iniziato in piccolo e poi ampliato progressivamente. Questo approccio funziona bene per noi.<\/span><\/p>\n<p><\/p>\n<p><span style=\"font-weight: 400;\"><strong>Responsabile IT<\/strong> \u2013 Gruppo industriale (500+ persone)<\/span><\/p>\n<p>[\/et_pb_slide][et_pb_slide _builder_version=&#8221;4.27.6&#8243; _module_preset=&#8221;default&#8221; global_colors_info=&#8221;{}&#8221; sticky_transition=&#8221;on&#8221;]<\/p>\n<p><span style=\"font-weight: 400;\">Non \u00e8 uno strumento che fa tutto al posto tuo, ma fornisce un quadro di riferimento. E questo quadro aiuta a essere pi\u00f9 rigorosi, soprattutto nel monitoraggio delle non conformit\u00e0 e delle azioni. \u00c8 l\u00ec che vediamo il maggior valore.<\/span><\/p>\n<p><\/p>\n<p><span style=\"font-weight: 400;\"><strong>Responsabile QHSE<\/strong> \u2013 PMI multi-sito<\/span><\/p>\n<p>[\/et_pb_slide][et_pb_slide _builder_version=&#8221;4.27.6&#8243; _module_preset=&#8221;default&#8221; global_colors_info=&#8221;{}&#8221; sticky_transition=&#8221;on&#8221;]<\/p>\n<p><span style=\"font-weight: 400;\">Cercavamo soprattutto di preparare meglio i nostri audit clienti. Prima era molto stress e preparazione all\u2019ultimo minuto. Oggi le informazioni sono gi\u00e0 strutturate, quindi lavoriamo con molta pi\u00f9 serenit\u00e0. Non \u00e8 magia, ma cambia davvero il modo di lavorare.<\/span><\/p>\n<p><\/p>\n<p><span style=\"font-weight: 400;\"><strong>Responsabile Qualit\u00e0<\/strong> \u2013 Settore difesa<\/span><\/p>\n<p>[\/et_pb_slide][et_pb_slide _builder_version=&#8221;4.27.6&#8243; _module_preset=&#8221;default&#8221; global_colors_info=&#8221;{}&#8221; sticky_transition=&#8221;on&#8221;]<\/p>\n<p><span style=\"font-weight: 400;\">Il personale sul campo ha aderito rapidamente. E per noi era il punto chiave.<\/span><\/p>\n<p>[\/et_pb_slide][et_pb_slide _builder_version=&#8221;4.27.6&#8243; _module_preset=&#8221;default&#8221; global_colors_info=&#8221;{}&#8221; sticky_transition=&#8221;on&#8221;]<\/p>\n<p><span style=\"font-weight: 400;\">All\u2019inizio eravamo piuttosto riluttanti, soprattutto a causa delle esperienze passate con strumenti complessi da implementare. Alla fine abbiamo iniziato con un caso semplice (audit interno) e in pochi giorni era gi\u00e0 operativo. Le squadre sul campo lo hanno adottato rapidamente, cosa non sempre scontata per noi.<\/span><\/p>\n<p><\/p>\n<p><span style=\"font-weight: 400;\"><strong>Responsabile QHSE<\/strong> \u2013 Settore energia<\/span><\/p>\n<p>[\/et_pb_slide][\/et_pb_slider][\/et_pb_column][\/et_pb_row][et_pb_row _builder_version=&#8221;4.27.6&#8243; _module_preset=&#8221;default&#8221; global_colors_info=&#8221;{}&#8221;][et_pb_column type=&#8221;4_4&#8243; _builder_version=&#8221;4.27.6&#8243; _module_preset=&#8221;default&#8221; global_colors_info=&#8221;{}&#8221;][et_pb_code _builder_version=&#8221;4.27.6&#8243; _module_preset=&#8221;default&#8221; global_colors_info=&#8221;{}&#8221;]<script><!-- [et_pb_line_break_holder] -->jQuery(document).ready(function($) {<!-- [et_pb_line_break_holder] --> <!-- [et_pb_line_break_holder] -->  $('.client_testimonial_slider.et_pb_slider').each(function(){<!-- [et_pb_line_break_holder] --> <!-- [et_pb_line_break_holder] -->    var $slider = $(this);<!-- [et_pb_line_break_holder] -->    var sliderInterval;<!-- [et_pb_line_break_holder] --> <!-- [et_pb_line_break_holder] -->    function startSlider() {<!-- [et_pb_line_break_holder] -->      sliderInterval = setInterval(function(){<!-- [et_pb_line_break_holder] -->        $slider.find('.et-pb-arrow-next').click();<!-- [et_pb_line_break_holder] -->      }, 3000);<!-- [et_pb_line_break_holder] -->    }<!-- [et_pb_line_break_holder] --> <!-- [et_pb_line_break_holder] -->    function stopSlider() {<!-- [et_pb_line_break_holder] -->      clearInterval(sliderInterval);<!-- [et_pb_line_break_holder] -->    }<!-- [et_pb_line_break_holder] --> <!-- [et_pb_line_break_holder] -->    startSlider();<!-- [et_pb_line_break_holder] --> <!-- [et_pb_line_break_holder] -->    $slider.hover(<!-- [et_pb_line_break_holder] -->      function() {<!-- [et_pb_line_break_holder] -->        stopSlider();<!-- [et_pb_line_break_holder] -->      },<!-- [et_pb_line_break_holder] -->      function() {<!-- [et_pb_line_break_holder] -->        startSlider();<!-- [et_pb_line_break_holder] -->      }<!-- [et_pb_line_break_holder] -->    );<!-- [et_pb_line_break_holder] --> <!-- [et_pb_line_break_holder] -->  });<!-- [et_pb_line_break_holder] --> <!-- [et_pb_line_break_holder] -->});<!-- [et_pb_line_break_holder] --><\/script>[\/et_pb_code][\/et_pb_column][\/et_pb_row][\/et_pb_section]<\/p>\n","protected":false},"excerpt":{"rendered":"<p>In industries with the highest quality and compliance requirements, our clients rely on Inspecto to structure their processes, improve efficiency, and strengthen operational control. Here&#8217;s what they say about their experience. Nella nostra attivit\u00e0 (ispezione fornitori per il settore nucleare), avevamo soprattutto un problema nella ricostruzione dei dossier a posteriori. Tra foto, note sul campo [&hellip;]<\/p>\n","protected":false},"author":1,"featured_media":0,"parent":0,"menu_order":0,"comment_status":"closed","ping_status":"closed","template":"","meta":{"_et_pb_use_builder":"on","_et_pb_old_content":"","_et_gb_content_width":"","footnotes":""},"class_list":["post-393965","page","type-page","status-publish","hentry"],"yoast_head":"<!-- This site is optimized with the Yoast SEO plugin v27.5 - https:\/\/yoast.com\/product\/yoast-seo-wordpress\/ -->\n<title>INFORMAZIONI SUI NOSTRI CLIENTI - INSPECTO GROUP<\/title>\n<meta name=\"robots\" content=\"index, follow, max-snippet:-1, max-image-preview:large, max-video-preview:-1\" \/>\n<link rel=\"canonical\" href=\"https:\/\/inspectogroup.com\/it\/informazioni-sui-nostri-clienti\/\" \/>\n<meta property=\"og:locale\" content=\"it_IT\" \/>\n<meta property=\"og:type\" content=\"article\" \/>\n<meta property=\"og:title\" content=\"INFORMAZIONI SUI NOSTRI CLIENTI - INSPECTO GROUP\" \/>\n<meta property=\"og:description\" content=\"In industries with the highest quality and compliance requirements, our clients rely on Inspecto to structure their processes, improve efficiency, and strengthen operational control. Here&#039;s what they say about their experience. Nella nostra attivit\u00e0 (ispezione fornitori per il settore nucleare), avevamo soprattutto un problema nella ricostruzione dei dossier a posteriori. Tra foto, note sul campo [&hellip;]\" \/>\n<meta property=\"og:url\" content=\"https:\/\/inspectogroup.com\/it\/informazioni-sui-nostri-clienti\/\" \/>\n<meta property=\"og:site_name\" content=\"INSPECTO GROUP\" \/>\n<meta property=\"article:modified_time\" content=\"2026-04-08T14:23:07+00:00\" \/>\n<meta name=\"twitter:card\" content=\"summary_large_image\" \/>\n<meta name=\"twitter:label1\" content=\"Tempo di lettura stimato\" \/>\n\t<meta name=\"twitter:data1\" content=\"6 minuti\" \/>\n<script type=\"application\/ld+json\" class=\"yoast-schema-graph\">{\"@context\":\"https:\\\/\\\/schema.org\",\"@graph\":[{\"@type\":\"WebPage\",\"@id\":\"https:\\\/\\\/inspectogroup.com\\\/it\\\/informazioni-sui-nostri-clienti\\\/\",\"url\":\"https:\\\/\\\/inspectogroup.com\\\/it\\\/informazioni-sui-nostri-clienti\\\/\",\"name\":\"INFORMAZIONI SUI NOSTRI CLIENTI - INSPECTO GROUP\",\"isPartOf\":{\"@id\":\"https:\\\/\\\/inspectogroup.com\\\/#website\"},\"datePublished\":\"2026-04-08T07:28:17+00:00\",\"dateModified\":\"2026-04-08T14:23:07+00:00\",\"breadcrumb\":{\"@id\":\"https:\\\/\\\/inspectogroup.com\\\/it\\\/informazioni-sui-nostri-clienti\\\/#breadcrumb\"},\"inLanguage\":\"it-IT\",\"potentialAction\":[{\"@type\":\"ReadAction\",\"target\":[\"https:\\\/\\\/inspectogroup.com\\\/it\\\/informazioni-sui-nostri-clienti\\\/\"]}]},{\"@type\":\"BreadcrumbList\",\"@id\":\"https:\\\/\\\/inspectogroup.com\\\/it\\\/informazioni-sui-nostri-clienti\\\/#breadcrumb\",\"itemListElement\":[{\"@type\":\"ListItem\",\"position\":1,\"name\":\"Accueil\",\"item\":\"https:\\\/\\\/inspectogroup.com\\\/it\\\/\"},{\"@type\":\"ListItem\",\"position\":2,\"name\":\"INFORMAZIONI SUI NOSTRI CLIENTI\"}]},{\"@type\":\"WebSite\",\"@id\":\"https:\\\/\\\/inspectogroup.com\\\/#website\",\"url\":\"https:\\\/\\\/inspectogroup.com\\\/\",\"name\":\"INSPECTO GROUP\",\"description\":\"Inspection, contr\u00f4les et audits digitalis\u00e9s!\",\"potentialAction\":[{\"@type\":\"SearchAction\",\"target\":{\"@type\":\"EntryPoint\",\"urlTemplate\":\"https:\\\/\\\/inspectogroup.com\\\/?s={search_term_string}\"},\"query-input\":{\"@type\":\"PropertyValueSpecification\",\"valueRequired\":true,\"valueName\":\"search_term_string\"}}],\"inLanguage\":\"it-IT\"}]}<\/script>\n<!-- \/ Yoast SEO plugin. -->","yoast_head_json":{"title":"INFORMAZIONI SUI NOSTRI CLIENTI - INSPECTO GROUP","robots":{"index":"index","follow":"follow","max-snippet":"max-snippet:-1","max-image-preview":"max-image-preview:large","max-video-preview":"max-video-preview:-1"},"canonical":"https:\/\/inspectogroup.com\/it\/informazioni-sui-nostri-clienti\/","og_locale":"it_IT","og_type":"article","og_title":"INFORMAZIONI SUI NOSTRI CLIENTI - INSPECTO GROUP","og_description":"In industries with the highest quality and compliance requirements, our clients rely on Inspecto to structure their processes, improve efficiency, and strengthen operational control. Here's what they say about their experience. Nella nostra attivit\u00e0 (ispezione fornitori per il settore nucleare), avevamo soprattutto un problema nella ricostruzione dei dossier a posteriori. Tra foto, note sul campo [&hellip;]","og_url":"https:\/\/inspectogroup.com\/it\/informazioni-sui-nostri-clienti\/","og_site_name":"INSPECTO GROUP","article_modified_time":"2026-04-08T14:23:07+00:00","twitter_card":"summary_large_image","twitter_misc":{"Tempo di lettura stimato":"6 minuti"},"schema":{"@context":"https:\/\/schema.org","@graph":[{"@type":"WebPage","@id":"https:\/\/inspectogroup.com\/it\/informazioni-sui-nostri-clienti\/","url":"https:\/\/inspectogroup.com\/it\/informazioni-sui-nostri-clienti\/","name":"INFORMAZIONI SUI NOSTRI CLIENTI - INSPECTO GROUP","isPartOf":{"@id":"https:\/\/inspectogroup.com\/#website"},"datePublished":"2026-04-08T07:28:17+00:00","dateModified":"2026-04-08T14:23:07+00:00","breadcrumb":{"@id":"https:\/\/inspectogroup.com\/it\/informazioni-sui-nostri-clienti\/#breadcrumb"},"inLanguage":"it-IT","potentialAction":[{"@type":"ReadAction","target":["https:\/\/inspectogroup.com\/it\/informazioni-sui-nostri-clienti\/"]}]},{"@type":"BreadcrumbList","@id":"https:\/\/inspectogroup.com\/it\/informazioni-sui-nostri-clienti\/#breadcrumb","itemListElement":[{"@type":"ListItem","position":1,"name":"Accueil","item":"https:\/\/inspectogroup.com\/it\/"},{"@type":"ListItem","position":2,"name":"INFORMAZIONI SUI NOSTRI CLIENTI"}]},{"@type":"WebSite","@id":"https:\/\/inspectogroup.com\/#website","url":"https:\/\/inspectogroup.com\/","name":"INSPECTO GROUP","description":"Inspection, contr\u00f4les et audits digitalis\u00e9s!","potentialAction":[{"@type":"SearchAction","target":{"@type":"EntryPoint","urlTemplate":"https:\/\/inspectogroup.com\/?s={search_term_string}"},"query-input":{"@type":"PropertyValueSpecification","valueRequired":true,"valueName":"search_term_string"}}],"inLanguage":"it-IT"}]}},"_links":{"self":[{"href":"https:\/\/inspectogroup.com\/it\/wp-json\/wp\/v2\/pages\/393965","targetHints":{"allow":["GET"]}}],"collection":[{"href":"https:\/\/inspectogroup.com\/it\/wp-json\/wp\/v2\/pages"}],"about":[{"href":"https:\/\/inspectogroup.com\/it\/wp-json\/wp\/v2\/types\/page"}],"author":[{"embeddable":true,"href":"https:\/\/inspectogroup.com\/it\/wp-json\/wp\/v2\/users\/1"}],"replies":[{"embeddable":true,"href":"https:\/\/inspectogroup.com\/it\/wp-json\/wp\/v2\/comments?post=393965"}],"version-history":[{"count":5,"href":"https:\/\/inspectogroup.com\/it\/wp-json\/wp\/v2\/pages\/393965\/revisions"}],"predecessor-version":[{"id":393977,"href":"https:\/\/inspectogroup.com\/it\/wp-json\/wp\/v2\/pages\/393965\/revisions\/393977"}],"wp:attachment":[{"href":"https:\/\/inspectogroup.com\/it\/wp-json\/wp\/v2\/media?parent=393965"}],"curies":[{"name":"wp","href":"https:\/\/api.w.org\/{rel}","templated":true}]}}