{"id":392784,"date":"2025-06-06T10:17:57","date_gmt":"2025-06-06T10:17:57","guid":{"rendered":"https:\/\/inspectogroup.com\/difesa-novita\/"},"modified":"2025-06-10T11:25:33","modified_gmt":"2025-06-10T11:25:33","slug":"difesa","status":"publish","type":"page","link":"https:\/\/inspectogroup.com\/it\/difesa\/","title":{"rendered":"DIFESA"},"content":{"rendered":"<p>[et_pb_section fb_built=&#8221;1&#8243; admin_label=&#8221;HEADER&#8221; _builder_version=&#8221;4.27.2&#8243; use_background_color_gradient=&#8221;on&#8221; background_color_gradient_stops=&#8221;rgba(17,23,42,0.41) 0%|rgba(17,23,42,0.22) 100%&#8221; background_color_gradient_overlays_image=&#8221;on&#8221; background_image=&#8221;https:\/\/inspectogroup.com\/wp-content\/uploads\/2025\/04\/Armee-2-1-scaled.jpeg&#8221; z_index=&#8221;1&#8243; width=&#8221;100%&#8221; max_width=&#8221;100%&#8221; min_height=&#8221;1000px&#8221; height=&#8221;832px&#8221; max_height=&#8221;951px&#8221; global_colors_info=&#8221;{}&#8221;][et_pb_row _builder_version=&#8221;4.25.2&#8243; background_size=&#8221;initial&#8221; background_position=&#8221;top_left&#8221; background_repeat=&#8221;repeat&#8221; z_index=&#8221;1&#8243; custom_padding=&#8221;5vw||5vw|&#8221; global_colors_info=&#8221;{}&#8221;][et_pb_column type=&#8221;4_4&#8243; _builder_version=&#8221;4.16&#8243; background_position=&#8221;top_left&#8221; custom_padding=&#8221;|||&#8221; global_colors_info=&#8221;{}&#8221; custom_padding__hover=&#8221;|||&#8221;][et_pb_cta title=&#8221;Settore Difesa&#8221; admin_label=&#8221;Content Page White&#8221; _builder_version=&#8221;4.25.2&#8243; header_font=&#8221;|700||on|||||&#8221; header_font_size=&#8221;70&#8243; use_background_color=&#8221;off&#8221; z_index=&#8221;1&#8243; header_font_size_tablet=&#8221;52&#8243; header_font_size_phone=&#8221;40&#8243; header_font_size_last_edited=&#8221;on|phone&#8221; custom_css_promo_description=&#8221;padding-bottom: 0;&#8221; custom_css_promo_title=&#8221; font-weight: 300;||padding-bottom: 0;&#8221; global_colors_info=&#8221;{}&#8221; button_text_size__hover_enabled=&#8221;off&#8221; button_one_text_size__hover_enabled=&#8221;off&#8221; button_two_text_size__hover_enabled=&#8221;off&#8221; button_text_color__hover_enabled=&#8221;off&#8221; button_one_text_color__hover_enabled=&#8221;off&#8221; button_two_text_color__hover_enabled=&#8221;off&#8221; button_border_width__hover_enabled=&#8221;off&#8221; button_one_border_width__hover_enabled=&#8221;off&#8221; button_two_border_width__hover_enabled=&#8221;off&#8221; button_border_color__hover_enabled=&#8221;off&#8221; button_one_border_color__hover_enabled=&#8221;off&#8221; button_two_border_color__hover_enabled=&#8221;off&#8221; button_border_radius__hover_enabled=&#8221;off&#8221; button_one_border_radius__hover_enabled=&#8221;off&#8221; button_two_border_radius__hover_enabled=&#8221;off&#8221; button_letter_spacing__hover_enabled=&#8221;off&#8221; button_one_letter_spacing__hover_enabled=&#8221;off&#8221; button_two_letter_spacing__hover_enabled=&#8221;off&#8221; button_bg_color__hover_enabled=&#8221;off&#8221; button_one_bg_color__hover_enabled=&#8221;off&#8221; button_two_bg_color__hover_enabled=&#8221;off&#8221;][\/et_pb_cta][\/et_pb_column][\/et_pb_row][\/et_pb_section][et_pb_section fb_built=&#8221;1&#8243; _builder_version=&#8221;4.25.2&#8243; _module_preset=&#8221;default&#8221; global_colors_info=&#8221;{}&#8221;][et_pb_row _builder_version=&#8221;4.25.2&#8243; _module_preset=&#8221;default&#8221; z_index=&#8221;1&#8243; global_colors_info=&#8221;{}&#8221;][et_pb_column type=&#8221;4_4&#8243; _builder_version=&#8221;4.25.2&#8243; _module_preset=&#8221;default&#8221; global_colors_info=&#8221;{}&#8221;][et_pb_accordion _builder_version=&#8221;4.27.4&#8243; _module_preset=&#8221;default&#8221; hover_enabled=&#8221;0&#8243; global_colors_info=&#8221;{}&#8221; sticky_enabled=&#8221;0&#8243;][et_pb_accordion_item title=&#8221;Rispetto delle norme e degli standard di riferimento: ISO 9001, AQAP 2110, AS\/EN 9100, MIL-STD-810 e STANAG&#8221; open=&#8221;on&#8221; _builder_version=&#8221;4.27.4&#8243; _module_preset=&#8221;default&#8221; hover_enabled=&#8221;0&#8243; global_colors_info=&#8221;{}&#8221; sticky_enabled=&#8221;0&#8243;]<\/p>\n<ul><\/ul>\n<p class=\"p1\">L&#8217;industria della difesa impone standard di produzione rigorosi, dove la <span class=\"s1\"><b>qualit\u00e0, la tracciabilit\u00e0 e la conformit\u00e0 normativa<\/b><\/span> sono requisiti imprescindibili.<\/p>\n<p class=\"p1\"><span class=\"s1\"><b>Inspecto<\/b><\/span> supporta le aziende del settore fornendo <span class=\"s1\"><b>una piattaforma digitale dedicata alla gestione degli audit, delle non conformit\u00e0 (NC) e dei piani di azione correttiva (CAPA)<\/b><\/span>, garantendo la piena conformit\u00e0 a standard di riferimento come <span class=\"s1\"><b>AQAP 2110, AS\/EN 9100, MIL-STD-810 e STANAG<\/b><\/span>.<\/p>\n<p class=\"p5\" style=\"padding-left: 40px; text-align: center;\"><span style=\"text-decoration: underline;\"><b>Inspecto: una soluzione allineata agli standard del settore della Difesa<\/b><\/span><\/p>\n<p class=\"p1\">Noi di <span class=\"s1\"><b>Inspecto<\/b><\/span> accompagniamo le aziende del settore della Difesa nella <span class=\"s1\"><b>digitalizzazione dei processi di ispezione, audit, controllo qualit\u00e0 e conformit\u00e0<\/b><\/span>.<\/p>\n<p class=\"p1\">Grazie alla nostra piattaforma, permettiamo alle organizzazioni di:<\/p>\n<ul>\n<li class=\"p1\"><span class=\"s1\"><b>Garantire la tracciabilit\u00e0 completa<\/b><\/span> delle ispezioni e degli audit, con una gestione centralizzata di documenti e rapporti conformi.<\/li>\n<li class=\"p1\"><span class=\"s1\"><b>Facilitare la conformit\u00e0 normativa<\/b><\/span> automatizzando la gestione dei requisiti qualitativi e degli indicatori di performance.<\/li>\n<li class=\"p1\"><span class=\"s1\"><b>Migliorare la collaborazione con i subappaltatori<\/b><\/span> grazie a workflow di validazione e strumenti di monitoraggio dei piani d\u2019azione correttivi.<\/li>\n<li class=\"p1\"><span class=\"s1\"><b>Rafforzare la cultura della sicurezza<\/b><\/span> mettendo a disposizione soluzioni digitali che rendono affidabili i processi di valutazione e controllo.<\/li>\n<\/ul>\n<p class=\"p5\" style=\"padding-left: 40px;\"><b>Perch\u00e9 scegliere Inspecto?<\/b><\/p>\n<ul>\n<li class=\"p6\"><b>Competenza settoriale<\/b><span class=\"s3\">: La nostra soluzione \u00e8 progettata per rispondere alle <\/span><b>esigenze specifiche del settore Difesa<\/b><span class=\"s3\">.<\/span><\/li>\n<li class=\"p1\"><span class=\"s1\"><b>Risparmio di tempo ed efficienza<\/b><\/span>: Riduzione degli errori manuali, automazione dei processi e accesso rapido ai dati critici.<\/li>\n<li class=\"p1\"><span class=\"s1\"><b>Supporto normativo<\/b><\/span>: Inspecto facilita la dimostrazione della conformit\u00e0 in caso di audit o valutazioni da parte di enti certificatori.<\/li>\n<li class=\"p1\"><span class=\"s1\"><b>Integrazione fluida<\/b><\/span>: Compatibile con i vostri sistemi esistenti (ERP, GED, software di qualit\u00e0).<\/li>\n<\/ul>\n<p class=\"p5\" style=\"padding-left: 40px;\"><b>Digitalizzati con Inspecto.<\/b><\/p>\n<p class=\"p1\">Desiderate ottimizzare i vostri processi di ispezione e controllo nel settore Difesa?<br \/><span class=\"s1\"><b>Contattateci oggi stesso<\/b><\/span> per una dimostrazione e scoprite come <span class=\"s1\"><b>Inspecto<\/b><\/span> pu\u00f2 aiutarvi a garantire una conformit\u00e0 impeccabile.<\/p>\n<p>[\/et_pb_accordion_item][et_pb_accordion_item title=&#8221;Ispezioni a distanza, semplici e senza attrezzature speciali&#8221; _builder_version=&#8221;4.25.2&#8243; _module_preset=&#8221;default&#8221; global_colors_info=&#8221;{}&#8221; open=&#8221;off&#8221;]<\/p>\n<ul>\n<li>Eseguite ispezioni a distanza con uno smartphone e un PC<\/li>\n<li>Rapida implementazione senza costi aggiuntivi<\/li>\n<\/ul>\n<p>[\/et_pb_accordion_item][et_pb_accordion_item title=&#8221;Gestione in tempo reale delle non conformit\u00e0&#8221; _builder_version=&#8221;4.27.2&#8243; _module_preset=&#8221;default&#8221; global_colors_info=&#8221;{}&#8221; open=&#8221;off&#8221;]<\/p>\n<ul>\n<li>Rispondere rapidamente alle non conformit\u00e0 identificate durante le ispezioni e gli audit interni e dei fornitori<\/li>\n<li>Avvisi automatici per un azioni immediate, riducendo i rischi e migliorando la sicurezza<\/li>\n<\/ul>\n<p>[\/et_pb_accordion_item][et_pb_accordion_item title=&#8221;Rilevamento di problemi basato sull&apos;intelligenza artificiale&#8221; _builder_version=&#8221;4.25.2&#8243; _module_preset=&#8221;default&#8221; global_colors_info=&#8221;{}&#8221; open=&#8221;off&#8221;]<\/p>\n<ul>\n<li>Utilizzare l&#8217;intelligenza artificiale per rilevare difetti e anomalie durante le ispezioni e i controlli qualit\u00e0.<\/li>\n<li>Identificazione rapida e accurata dei problemi, migliorando l&#8217;affidabilit\u00e0 delle ispezioni<\/li>\n<\/ul>\n<p>[\/et_pb_accordion_item][et_pb_accordion_item title=&#8221;Audit sui fornitori e trasparenza della supply chain&#8221; _builder_version=&#8221;4.27.2&#8243; _module_preset=&#8221;default&#8221; global_colors_info=&#8221;{}&#8221; open=&#8221;off&#8221;]<\/p>\n<ul>\n<li>Gestione e documentazione completa degli audit di fornitori e subappaltatori<\/li>\n<li>Completa tracciabilit\u00e0 e trasparenza tra i vari attori della catena di approvvigionamento<\/li>\n<\/ul>\n<p>[\/et_pb_accordion_item][et_pb_accordion_item title=&#8221;Facilit\u00e0 del flusso di informazioni&#8221; _builder_version=&#8221;4.25.2&#8243; _module_preset=&#8221;default&#8221; global_colors_info=&#8221;{}&#8221; open=&#8221;off&#8221;]<\/p>\n<ul>\n<li>Facilita il flusso di informazioni tra i vari anelli della catena di fornitura, consentendone una stretta collaborazione.<\/li>\n<li>Centralizzazione dei dati per garantire l&#8217;accesso alle informazioni rilevanti in tempo reale<\/li>\n<\/ul>\n<p>[\/et_pb_accordion_item][et_pb_accordion_item title=&#8221;Reporting e analisi automatizzati&#8221; _builder_version=&#8221;4.25.2&#8243; _module_preset=&#8221;default&#8221; global_colors_info=&#8221;{}&#8221; open=&#8221;off&#8221;]<\/p>\n<ul>\n<li>Produrre report dettagliati sulla qualit\u00e0 delle operazioni, in conformit\u00e0 con i requisiti normativi internazionali.<\/li>\n<li>Analisi dei dati per identificare trend e potenziali problemi, contribuendo a migliorare i processi.<\/li>\n<\/ul>\n<p>[\/et_pb_accordion_item][et_pb_accordion_item title=&#8221;Informazioni disponibili in tempo reale&#8221; _builder_version=&#8221;4.25.2&#8243; _module_preset=&#8221;default&#8221; global_colors_info=&#8221;{}&#8221; open=&#8221;off&#8221;]<\/p>\n<ul>\n<li>Garantisce che le informazioni siano disponibili in tempo reale in qualsiasi parte del mondo, consentendo di prendere decisioni rapide ed efficaci.<\/li>\n<li>Dati centralizzati accessibili da remoto per una risposta ottimale<\/li>\n<\/ul>\n<p>[\/et_pb_accordion_item][et_pb_accordion_item title=&#8221;Interfaccia intuitiva&#8221; _builder_version=&#8221;4.25.2&#8243; _module_preset=&#8221;default&#8221; global_colors_info=&#8221;{}&#8221; open=&#8221;off&#8221;]<\/p>\n<ul>\n<li>L&#8217;interfaccia user-friendly facilita la rapida adozione da parte dei team di qualit\u00e0 e produzione, riducendo la necessit\u00e0 di una formazione approfondita<\/li>\n<\/ul>\n<p>[\/et_pb_accordion_item][et_pb_accordion_item title=&#8221;Rispetto degli standard e della conformit\u00e0&#8221; _builder_version=&#8221;4.25.2&#8243; _module_preset=&#8221;default&#8221; global_colors_info=&#8221;{}&#8221; open=&#8221;off&#8221;]<\/p>\n<ul>\n<li>Gestione proattiva delle non conformit\u00e0, garantendo la rigorosa conformit\u00e0 alle normative internazionali e ai requisiti del settore, compresa la norma ISO 19443.<\/li>\n<\/ul>\n<p>[\/et_pb_accordion_item][et_pb_accordion_item title=&#8221;Trasparenza e collaborazione&#8221; _builder_version=&#8221;4.25.2&#8243; _module_preset=&#8221;default&#8221; global_colors_info=&#8221;{}&#8221; open=&#8221;off&#8221;]<\/p>\n<ul>\n<li>Totale trasparenza tra gli attori della catena di fornitura e flusso di informazioni fluido, che facilita una collaborazione stretta ed efficace.<\/li>\n<\/ul>\n<p>[\/et_pb_accordion_item][et_pb_accordion_item title=&#8221;Efficienza e riduzione dei costi&#8221; _builder_version=&#8221;4.25.2&#8243; _module_preset=&#8221;default&#8221; global_colors_info=&#8221;{}&#8221; open=&#8221;off&#8221;]<\/p>\n<ul>\n<li>Automazione dei processi di qualit\u00e0, riducendo il tempo e le risorse necessarie per gestire i controlli di qualit\u00e0, gli audit e la reportistica<\/li>\n<\/ul>\n<p>[\/et_pb_accordion_item][et_pb_accordion_item title=&#8221;Ottimizzazione delle relazioni con i fornitori&#8221; _builder_version=&#8221;4.25.2&#8243; _module_preset=&#8221;default&#8221; global_colors_info=&#8221;{}&#8221; open=&#8221;off&#8221;]<\/p>\n<ul>\n<li>Reporting dettagliato e analisi dei dati per migliorare i processi con fornitori e subappaltatori, garantendo una migliore qualit\u00e0 dei servizi e dei materiali.<\/li>\n<\/ul>\n<p>[\/et_pb_accordion_item][et_pb_accordion_item title=&#8221;Monitoraggio e ottimizzazione dei processi del sito&#8221; _builder_version=&#8221;4.25.2&#8243; _module_preset=&#8221;default&#8221; global_colors_info=&#8221;{}&#8221; open=&#8221;off&#8221;]<\/p>\n<ul>\n<li>Analisi dei dati per identificare e correggere le inefficienze nei processi del sito, contribuendo al miglioramento continuo e a una maggiore affidabilit\u00e0 delle operazioni.<\/li>\n<\/ul>\n<p>[\/et_pb_accordion_item][\/et_pb_accordion][\/et_pb_column][\/et_pb_row][\/et_pb_section][et_pb_section fb_built=&#8221;1&#8243; _builder_version=&#8221;4.25.2&#8243; _module_preset=&#8221;default&#8221; global_colors_info=&#8221;{}&#8221;][et_pb_row _builder_version=&#8221;4.25.2&#8243; _module_preset=&#8221;default&#8221; global_colors_info=&#8221;{}&#8221;][et_pb_column type=&#8221;4_4&#8243; _builder_version=&#8221;4.25.2&#8243; _module_preset=&#8221;default&#8221; global_colors_info=&#8221;{}&#8221;][et_pb_button button_url=&#8221;https:\/\/inspectogroup.com\/it\/contatto\/&#8221; button_text=&#8221;PIANIFICARE UNA DEMO&#8221; button_alignment=&#8221;center&#8221; _builder_version=&#8221;4.25.2&#8243; _module_preset=&#8221;default&#8221; custom_button=&#8221;on&#8221; button_text_color=&#8221;#FFFFFF&#8221; button_bg_color=&#8221;#002F5F&#8221; button_use_icon=&#8221;off&#8221; sticky_position=&#8221;top_bottom&#8221; global_colors_info=&#8221;{}&#8221;][\/et_pb_button][\/et_pb_column][\/et_pb_row][\/et_pb_section]<\/p>\n","protected":false},"excerpt":{"rendered":"<p>L&#8217;industria della difesa impone standard di produzione rigorosi, dove la qualit\u00e0, la tracciabilit\u00e0 e la conformit\u00e0 normativa sono requisiti imprescindibili. Inspecto supporta le aziende del settore fornendo una piattaforma digitale dedicata alla gestione degli audit, delle non conformit\u00e0 (NC) e dei piani di azione correttiva (CAPA), garantendo la piena conformit\u00e0 a standard di riferimento come [&hellip;]<\/p>\n","protected":false},"author":3,"featured_media":388689,"parent":0,"menu_order":0,"comment_status":"closed","ping_status":"closed","template":"","meta":{"_et_pb_use_builder":"on","_et_pb_old_content":"","_et_gb_content_width":"","footnotes":""},"class_list":["post-392784","page","type-page","status-publish","has-post-thumbnail","hentry"],"yoast_head":"<!-- This site is optimized with the Yoast SEO plugin v27.5 - https:\/\/yoast.com\/product\/yoast-seo-wordpress\/ -->\n<title>software di qualit\u00e0 per l&#039;industria della difesa<\/title>\n<meta name=\"description\" content=\"Soluzione di ispezione digitale per il settore della difesa. Conforme agli standard AQAP 2110 e MIL-STD, per garantire tracciabilit\u00e0 e precisione.\" \/>\n<meta name=\"robots\" content=\"index, follow, max-snippet:-1, max-image-preview:large, max-video-preview:-1\" \/>\n<link rel=\"canonical\" href=\"https:\/\/inspectogroup.com\/defense\/\" \/>\n<meta property=\"og:locale\" content=\"it_IT\" \/>\n<meta property=\"og:type\" content=\"article\" \/>\n<meta property=\"og:title\" content=\"software di qualit\u00e0 per l&#039;industria della difesa\" \/>\n<meta property=\"og:description\" content=\"Soluzione di ispezione digitale per il settore della difesa. Conforme agli standard AQAP 2110 e MIL-STD, per garantire tracciabilit\u00e0 e precisione.\" \/>\n<meta property=\"og:url\" content=\"https:\/\/inspectogroup.com\/defense\/\" \/>\n<meta property=\"og:site_name\" content=\"INSPECTO GROUP\" \/>\n<meta property=\"article:modified_time\" content=\"2025-06-10T11:25:33+00:00\" \/>\n<meta name=\"twitter:card\" content=\"summary_large_image\" \/>\n<meta name=\"twitter:label1\" content=\"Tempo di lettura stimato\" \/>\n\t<meta name=\"twitter:data1\" content=\"7 minuti\" \/>\n<script type=\"application\/ld+json\" class=\"yoast-schema-graph\">{\"@context\":\"https:\\\/\\\/schema.org\",\"@graph\":[{\"@type\":\"WebPage\",\"@id\":\"https:\\\/\\\/inspectogroup.com\\\/defense\\\/\",\"url\":\"https:\\\/\\\/inspectogroup.com\\\/defense\\\/\",\"name\":\"software di qualit\u00e0 per l'industria della difesa\",\"isPartOf\":{\"@id\":\"https:\\\/\\\/inspectogroup.com\\\/#website\"},\"primaryImageOfPage\":{\"@id\":\"https:\\\/\\\/inspectogroup.com\\\/defense\\\/#primaryimage\"},\"image\":{\"@id\":\"https:\\\/\\\/inspectogroup.com\\\/defense\\\/#primaryimage\"},\"thumbnailUrl\":\"https:\\\/\\\/inspectogroup.com\\\/wp-content\\\/uploads\\\/2023\\\/01\\\/fonctionalite-6.jpg\",\"datePublished\":\"2025-06-06T10:17:57+00:00\",\"dateModified\":\"2025-06-10T11:25:33+00:00\",\"description\":\"Soluzione di ispezione digitale per il settore della difesa. Conforme agli standard AQAP 2110 e MIL-STD, per garantire tracciabilit\u00e0 e precisione.\",\"breadcrumb\":{\"@id\":\"https:\\\/\\\/inspectogroup.com\\\/defense\\\/#breadcrumb\"},\"inLanguage\":\"it-IT\",\"potentialAction\":[{\"@type\":\"ReadAction\",\"target\":[\"https:\\\/\\\/inspectogroup.com\\\/defense\\\/\"]}]},{\"@type\":\"ImageObject\",\"inLanguage\":\"it-IT\",\"@id\":\"https:\\\/\\\/inspectogroup.com\\\/defense\\\/#primaryimage\",\"url\":\"https:\\\/\\\/inspectogroup.com\\\/wp-content\\\/uploads\\\/2023\\\/01\\\/fonctionalite-6.jpg\",\"contentUrl\":\"https:\\\/\\\/inspectogroup.com\\\/wp-content\\\/uploads\\\/2023\\\/01\\\/fonctionalite-6.jpg\",\"width\":1082,\"height\":542,\"caption\":\"logiciel contr\u00f4le qualit\u00e9 d\u00e9fense\"},{\"@type\":\"BreadcrumbList\",\"@id\":\"https:\\\/\\\/inspectogroup.com\\\/defense\\\/#breadcrumb\",\"itemListElement\":[{\"@type\":\"ListItem\",\"position\":1,\"name\":\"Accueil\",\"item\":\"https:\\\/\\\/inspectogroup.com\\\/it\\\/\"},{\"@type\":\"ListItem\",\"position\":2,\"name\":\"DIFESA\"}]},{\"@type\":\"WebSite\",\"@id\":\"https:\\\/\\\/inspectogroup.com\\\/#website\",\"url\":\"https:\\\/\\\/inspectogroup.com\\\/\",\"name\":\"INSPECTO GROUP\",\"description\":\"Inspection, contr\u00f4les et audits digitalis\u00e9s!\",\"potentialAction\":[{\"@type\":\"SearchAction\",\"target\":{\"@type\":\"EntryPoint\",\"urlTemplate\":\"https:\\\/\\\/inspectogroup.com\\\/?s={search_term_string}\"},\"query-input\":{\"@type\":\"PropertyValueSpecification\",\"valueRequired\":true,\"valueName\":\"search_term_string\"}}],\"inLanguage\":\"it-IT\"}]}<\/script>\n<!-- \/ Yoast SEO plugin. -->","yoast_head_json":{"title":"software di qualit\u00e0 per l'industria della difesa","description":"Soluzione di ispezione digitale per il settore della difesa. Conforme agli standard AQAP 2110 e MIL-STD, per garantire tracciabilit\u00e0 e precisione.","robots":{"index":"index","follow":"follow","max-snippet":"max-snippet:-1","max-image-preview":"max-image-preview:large","max-video-preview":"max-video-preview:-1"},"canonical":"https:\/\/inspectogroup.com\/defense\/","og_locale":"it_IT","og_type":"article","og_title":"software di qualit\u00e0 per l'industria della difesa","og_description":"Soluzione di ispezione digitale per il settore della difesa. Conforme agli standard AQAP 2110 e MIL-STD, per garantire tracciabilit\u00e0 e precisione.","og_url":"https:\/\/inspectogroup.com\/defense\/","og_site_name":"INSPECTO GROUP","article_modified_time":"2025-06-10T11:25:33+00:00","twitter_card":"summary_large_image","twitter_misc":{"Tempo di lettura stimato":"7 minuti"},"schema":{"@context":"https:\/\/schema.org","@graph":[{"@type":"WebPage","@id":"https:\/\/inspectogroup.com\/defense\/","url":"https:\/\/inspectogroup.com\/defense\/","name":"software di qualit\u00e0 per l'industria della difesa","isPartOf":{"@id":"https:\/\/inspectogroup.com\/#website"},"primaryImageOfPage":{"@id":"https:\/\/inspectogroup.com\/defense\/#primaryimage"},"image":{"@id":"https:\/\/inspectogroup.com\/defense\/#primaryimage"},"thumbnailUrl":"https:\/\/inspectogroup.com\/wp-content\/uploads\/2023\/01\/fonctionalite-6.jpg","datePublished":"2025-06-06T10:17:57+00:00","dateModified":"2025-06-10T11:25:33+00:00","description":"Soluzione di ispezione digitale per il settore della difesa. Conforme agli standard AQAP 2110 e MIL-STD, per garantire tracciabilit\u00e0 e precisione.","breadcrumb":{"@id":"https:\/\/inspectogroup.com\/defense\/#breadcrumb"},"inLanguage":"it-IT","potentialAction":[{"@type":"ReadAction","target":["https:\/\/inspectogroup.com\/defense\/"]}]},{"@type":"ImageObject","inLanguage":"it-IT","@id":"https:\/\/inspectogroup.com\/defense\/#primaryimage","url":"https:\/\/inspectogroup.com\/wp-content\/uploads\/2023\/01\/fonctionalite-6.jpg","contentUrl":"https:\/\/inspectogroup.com\/wp-content\/uploads\/2023\/01\/fonctionalite-6.jpg","width":1082,"height":542,"caption":"logiciel contr\u00f4le qualit\u00e9 d\u00e9fense"},{"@type":"BreadcrumbList","@id":"https:\/\/inspectogroup.com\/defense\/#breadcrumb","itemListElement":[{"@type":"ListItem","position":1,"name":"Accueil","item":"https:\/\/inspectogroup.com\/it\/"},{"@type":"ListItem","position":2,"name":"DIFESA"}]},{"@type":"WebSite","@id":"https:\/\/inspectogroup.com\/#website","url":"https:\/\/inspectogroup.com\/","name":"INSPECTO GROUP","description":"Inspection, contr\u00f4les et audits digitalis\u00e9s!","potentialAction":[{"@type":"SearchAction","target":{"@type":"EntryPoint","urlTemplate":"https:\/\/inspectogroup.com\/?s={search_term_string}"},"query-input":{"@type":"PropertyValueSpecification","valueRequired":true,"valueName":"search_term_string"}}],"inLanguage":"it-IT"}]}},"_links":{"self":[{"href":"https:\/\/inspectogroup.com\/it\/wp-json\/wp\/v2\/pages\/392784","targetHints":{"allow":["GET"]}}],"collection":[{"href":"https:\/\/inspectogroup.com\/it\/wp-json\/wp\/v2\/pages"}],"about":[{"href":"https:\/\/inspectogroup.com\/it\/wp-json\/wp\/v2\/types\/page"}],"author":[{"embeddable":true,"href":"https:\/\/inspectogroup.com\/it\/wp-json\/wp\/v2\/users\/3"}],"replies":[{"embeddable":true,"href":"https:\/\/inspectogroup.com\/it\/wp-json\/wp\/v2\/comments?post=392784"}],"version-history":[{"count":11,"href":"https:\/\/inspectogroup.com\/it\/wp-json\/wp\/v2\/pages\/392784\/revisions"}],"predecessor-version":[{"id":392883,"href":"https:\/\/inspectogroup.com\/it\/wp-json\/wp\/v2\/pages\/392784\/revisions\/392883"}],"wp:featuredmedia":[{"embeddable":true,"href":"https:\/\/inspectogroup.com\/it\/wp-json\/wp\/v2\/media\/388689"}],"wp:attachment":[{"href":"https:\/\/inspectogroup.com\/it\/wp-json\/wp\/v2\/media?parent=392784"}],"curies":[{"name":"wp","href":"https:\/\/api.w.org\/{rel}","templated":true}]}}