{"id":392777,"date":"2025-06-05T14:01:05","date_gmt":"2025-06-05T14:01:05","guid":{"rendered":"https:\/\/inspectogroup.com\/aero\/"},"modified":"2025-06-10T08:37:28","modified_gmt":"2025-06-10T08:37:28","slug":"aero","status":"publish","type":"page","link":"https:\/\/inspectogroup.com\/it\/aero\/","title":{"rendered":"AERO"},"content":{"rendered":"<p>[et_pb_section fb_built=&#8221;1&#8243; admin_label=&#8221;HEADER&#8221; _builder_version=&#8221;4.27.4&#8243; use_background_color_gradient=&#8221;on&#8221; background_color_gradient_stops=&#8221;rgba(17,23,42,0.41) 0%|rgba(17,23,42,0.22) 100%&#8221; background_color_gradient_overlays_image=&#8221;on&#8221; background_image=&#8221;https:\/\/inspectogroup.com\/wp-content\/uploads\/2025\/06\/Aeroport-2-1-scaled.jpg&#8221; z_index=&#8221;1&#8243; width=&#8221;100%&#8221; max_width=&#8221;100%&#8221; min_height=&#8221;1000px&#8221; height=&#8221;832px&#8221; max_height=&#8221;951px&#8221; hover_enabled=&#8221;0&#8243; global_colors_info=&#8221;{}&#8221; title_text=&#8221;Aeroport-2 (1)&#8221; sticky_enabled=&#8221;0&#8243;][et_pb_row _builder_version=&#8221;4.25.2&#8243; background_size=&#8221;initial&#8221; background_position=&#8221;top_left&#8221; background_repeat=&#8221;repeat&#8221; z_index=&#8221;1&#8243; custom_padding=&#8221;5vw||5vw|&#8221; global_colors_info=&#8221;{}&#8221;][et_pb_column type=&#8221;4_4&#8243; _builder_version=&#8221;4.16&#8243; background_position=&#8221;top_left&#8221; custom_padding=&#8221;|||&#8221; global_colors_info=&#8221;{}&#8221; custom_padding__hover=&#8221;|||&#8221;][et_pb_cta title=&#8221;SeTTORE AERAUNOTICO&#8221; admin_label=&#8221;Content Page White&#8221; _builder_version=&#8221;4.25.2&#8243; header_font=&#8221;|700||on|||||&#8221; header_font_size=&#8221;70&#8243; use_background_color=&#8221;off&#8221; z_index=&#8221;1&#8243; header_font_size_tablet=&#8221;52&#8243; header_font_size_phone=&#8221;40&#8243; header_font_size_last_edited=&#8221;on|phone&#8221; custom_css_promo_description=&#8221;padding-bottom: 0;&#8221; custom_css_promo_title=&#8221; font-weight: 300;||padding-bottom: 0;&#8221; global_colors_info=&#8221;{}&#8221; button_text_size__hover_enabled=&#8221;off&#8221; button_one_text_size__hover_enabled=&#8221;off&#8221; button_two_text_size__hover_enabled=&#8221;off&#8221; button_text_color__hover_enabled=&#8221;off&#8221; button_one_text_color__hover_enabled=&#8221;off&#8221; button_two_text_color__hover_enabled=&#8221;off&#8221; button_border_width__hover_enabled=&#8221;off&#8221; button_one_border_width__hover_enabled=&#8221;off&#8221; button_two_border_width__hover_enabled=&#8221;off&#8221; button_border_color__hover_enabled=&#8221;off&#8221; button_one_border_color__hover_enabled=&#8221;off&#8221; button_two_border_color__hover_enabled=&#8221;off&#8221; button_border_radius__hover_enabled=&#8221;off&#8221; button_one_border_radius__hover_enabled=&#8221;off&#8221; button_two_border_radius__hover_enabled=&#8221;off&#8221; button_letter_spacing__hover_enabled=&#8221;off&#8221; button_one_letter_spacing__hover_enabled=&#8221;off&#8221; button_two_letter_spacing__hover_enabled=&#8221;off&#8221; button_bg_color__hover_enabled=&#8221;off&#8221; button_one_bg_color__hover_enabled=&#8221;off&#8221; button_two_bg_color__hover_enabled=&#8221;off&#8221;][\/et_pb_cta][\/et_pb_column][\/et_pb_row][\/et_pb_section][et_pb_section fb_built=&#8221;1&#8243; _builder_version=&#8221;4.25.2&#8243; _module_preset=&#8221;default&#8221; global_colors_info=&#8221;{}&#8221;][et_pb_row _builder_version=&#8221;4.25.2&#8243; _module_preset=&#8221;default&#8221; z_index=&#8221;1&#8243; global_colors_info=&#8221;{}&#8221;][et_pb_column type=&#8221;4_4&#8243; _builder_version=&#8221;4.25.2&#8243; _module_preset=&#8221;default&#8221; global_colors_info=&#8221;{}&#8221;][et_pb_accordion _builder_version=&#8221;4.27.4&#8243; _module_preset=&#8221;default&#8221; global_colors_info=&#8221;{}&#8221;][et_pb_accordion_item title=&#8221;Rispetto delle norme e dei riferimenti: ISO 9001, AQAP 2110, AS\/EN 9100, MIL-STD-810 e STANAG&#8221; open=&#8221;on&#8221; _builder_version=&#8221;4.27.4&#8243; _module_preset=&#8221;default&#8221; global_colors_info=&#8221;{}&#8221;]<\/p>\n<ul><\/ul>\n<p class=\"p1\">L&#8217;industria Aeronautica impone standard di produzione rigorosi, dove la <span class=\"s1\"><b>qualit\u00e0, la tracciabilit\u00e0 e la conformit\u00e0 normativa<\/b><\/span> sono requisiti imprescindibili.<\/p>\n<p class=\"p1\"><span class=\"s1\"><b>Inspecto<\/b><\/span> supporta le aziende del settore fornendo <span class=\"s1\"><b>una piattaforma digitale dedicata alla gestione degli audit, delle non conformit\u00e0 (NC) e dei piani di azione correttiva (CAPA)<\/b><\/span>, garantendo la piena conformit\u00e0 a standard di riferimento come <span class=\"s1\"><b>AQAP 2110, AS\/EN 9100, MIL-STD-810 e STANAG<\/b><\/span>.<\/p>\n<p class=\"p5\" style=\"padding-left: 40px; text-align: center;\"><span style=\"text-decoration: underline;\"><b>Inspecto: una soluzione allineata agli standard del settore Aeronautico<\/b><\/span><\/p>\n<p class=\"p1\">Noi di <span class=\"s1\"><b>Inspecto<\/b><\/span> accompagniamo le aziende del settore della Difesa nella <span class=\"s1\"><b>digitalizzazione dei processi di ispezione, audit, controllo qualit\u00e0 e conformit\u00e0<\/b><\/span>.<\/p>\n<p class=\"p1\">Grazie alla nostra piattaforma, permettiamo alle organizzazioni di:<\/p>\n<ul>\n<li class=\"p1\"><span class=\"s1\"><b>Garantire la tracciabilit\u00e0 completa<\/b><\/span> delle ispezioni e degli audit, con una gestione centralizzata di documenti e rapporti conformi.<\/li>\n<li class=\"p1\"><span class=\"s1\"><b>Facilitare la conformit\u00e0 normativa<\/b><\/span> automatizzando la gestione dei requisiti qualitativi e degli indicatori di performance.<\/li>\n<li class=\"p1\"><span class=\"s1\"><b>Migliorare la collaborazione con i subappaltatori<\/b><\/span> grazie a workflow di validazione e strumenti di monitoraggio dei piani d\u2019azione correttivi.<\/li>\n<li class=\"p1\"><span class=\"s1\"><b>Rafforzare la cultura della sicurezza<\/b><\/span> mettendo a disposizione soluzioni digitali che rendono affidabili i processi di valutazione e controllo.<\/li>\n<\/ul>\n<p class=\"p5\" style=\"padding-left: 40px;\"><b>Perch\u00e9 scegliere Inspecto?<\/b><\/p>\n<ul>\n<li class=\"p6\"><b>Competenza settoriale<\/b><span class=\"s3\">: La nostra soluzione \u00e8 progettata per rispondere alle <\/span><b>esigenze specifiche del settore Aeronautico<\/b><span class=\"s3\">.<\/span><\/li>\n<li class=\"p1\"><span class=\"s1\"><b>Risparmio di tempo ed efficienza<\/b><\/span>: Riduzione degli errori manuali, automazione dei processi e accesso rapido ai dati critici.<\/li>\n<li class=\"p1\"><span class=\"s1\"><b>Supporto normativo<\/b><\/span>: Inspecto facilita la dimostrazione della conformit\u00e0 in caso di audit o valutazioni da parte di enti certificatori.<\/li>\n<li class=\"p1\"><span class=\"s1\"><b>Integrazione fluida<\/b><\/span>: Compatibile con i vostri sistemi esistenti (ERP, GED, software di qualit\u00e0).<\/li>\n<\/ul>\n<p class=\"p5\" style=\"padding-left: 40px;\"><b>Digitalizzati con Inspecto.<\/b><\/p>\n<p class=\"p1\">Desiderate ottimizzare i vostri processi di ispezione e controllo nel settore Aeronautico?<br \/><span class=\"s1\"><b>Contattateci oggi stesso<\/b><\/span> per una dimostrazione e scoprite come <span class=\"s1\"><b>Inspecto<\/b><\/span> pu\u00f2 aiutarvi a garantire una conformit\u00e0 impeccabile.<\/p>\n<p>[\/et_pb_accordion_item][et_pb_accordion_item title=&#8221;Ispezioni a distanza, semplici e senza attrezzature speciali&#8221; _builder_version=&#8221;4.25.2&#8243; _module_preset=&#8221;default&#8221; global_colors_info=&#8221;{}&#8221; open=&#8221;off&#8221;]<\/p>\n<ul>\n<li>Effectue des inspections de qualit\u00e9 \u00e0 distance avec un smartphone et un PC.<\/li>\n<li>Adoption rapide et r\u00e9duction des co\u00fbts li\u00e9s \u00e0 l&#8217;achat de mat\u00e9riel suppl\u00e9mentaire.<\/li>\n<\/ul>\n<p>[\/et_pb_accordion_item][et_pb_accordion_item title=&#8221;Gestione in tempo reale delle non conformit\u00e0&#8221; _builder_version=&#8221;4.27.2&#8243; _module_preset=&#8221;default&#8221; global_colors_info=&#8221;{}&#8221; open=&#8221;off&#8221;]<\/p>\n<ul>\n<li>R\u00e9pond rapidement aux non-conformit\u00e9s identifi\u00e9es lors des inspections et audits de sous-traitance.<\/li>\n<li>Alertes automatiques pour une intervention imm\u00e9diate et une am\u00e9lioration globale de la s\u00e9curit\u00e9.<\/li>\n<\/ul>\n<p>[\/et_pb_accordion_item][et_pb_accordion_item title=&#8221;Rilevamento di problemi basato sull&apos;intelligenza artificiale&#8221; _builder_version=&#8221;4.25.2&#8243; _module_preset=&#8221;default&#8221; global_colors_info=&#8221;{}&#8221; open=&#8221;off&#8221;]<\/p>\n<ul>\n<li>Utilise l&#8217;intelligence artificielle pour d\u00e9tecter les d\u00e9fauts et anomalies lors des inspections et contr\u00f4les qualit\u00e9.<\/li>\n<li>Identification rapide et pr\u00e9cise des probl\u00e8mes, am\u00e9liorant la fiabilit\u00e9 des inspections.<\/li>\n<\/ul>\n<p>[\/et_pb_accordion_item][et_pb_accordion_item title=&#8221;Audit sui fornitori e trasparenza della supply chain&#8221; _builder_version=&#8221;4.27.2&#8243; _module_preset=&#8221;default&#8221; global_colors_info=&#8221;{}&#8221; open=&#8221;off&#8221;]<\/p>\n<ul>\n<li>Gestion et documentation exhaustive des audits chez les fournisseurs et sous-traitants.<\/li>\n<li>Tra\u00e7abilit\u00e9 compl\u00e8te et transparence totale entre les diff\u00e9rents acteurs de la supply chain.<\/li>\n<\/ul>\n<p>[\/et_pb_accordion_item][et_pb_accordion_item title=&#8221;Facilit\u00e0 del flusso di informazioni&#8221; _builder_version=&#8221;4.25.2&#8243; _module_preset=&#8221;default&#8221; global_colors_info=&#8221;{}&#8221; open=&#8221;off&#8221;]<\/p>\n<ul>\n<li>Facilite la circulation de l&#8217;information entre les diff\u00e9rents maillons de la supply chain, permettant une collaboration \u00e9troite.<\/li>\n<li>Centralisation des donn\u00e9es pour garantir l&#8217;acc\u00e8s aux informations pertinentes en temps r\u00e9el.<\/li>\n<\/ul>\n<p>[\/et_pb_accordion_item][et_pb_accordion_item title=&#8221;Reporting e analisi automatizzati&#8221; _builder_version=&#8221;4.25.2&#8243; _module_preset=&#8221;default&#8221; global_colors_info=&#8221;{}&#8221; open=&#8221;off&#8221;]<\/p>\n<ul>\n<li>Produit des rapports d\u00e9taill\u00e9s sur la qualit\u00e9 des op\u00e9rations, conformes aux exigences des r\u00e9gulations internationales.<\/li>\n<li>Analysesde donn\u00e9es pour identifier les tendances et les probl\u00e8mes potentiels, aidant \u00e0 am\u00e9liorer les processus.<\/li>\n<\/ul>\n<p>[\/et_pb_accordion_item][et_pb_accordion_item title=&#8221;Informazioni disponibili in tempo reale&#8221; _builder_version=&#8221;4.25.2&#8243; _module_preset=&#8221;default&#8221; global_colors_info=&#8221;{}&#8221; open=&#8221;off&#8221;]<\/p>\n<ul>\n<li>Assure une disponibilit\u00e9 des informations en temps r\u00e9el partout dans le monde, permettant une prise de d\u00e9cision rapide et \u00e9clair\u00e9e.<\/li>\n<li>Donn\u00e9es centralis\u00e9es et accessibles \u00e0 distance pour une r\u00e9activit\u00e9 optimale.<\/li>\n<\/ul>\n<p>[\/et_pb_accordion_item][et_pb_accordion_item title=&#8221;Interfaccia intuitiva&#8221; _builder_version=&#8221;4.25.2&#8243; _module_preset=&#8221;default&#8221; global_colors_info=&#8221;{}&#8221; open=&#8221;off&#8221;]<\/p>\n<ul>\n<li>Interface conviviale pour une adoption rapide par les \u00e9quipes, r\u00e9duisant le besoin de formation extensive.<\/li>\n<\/ul>\n<p><\/p>\n<p>&nbsp;<\/p>\n<p>[\/et_pb_accordion_item][et_pb_accordion_item title=&#8221;Rispetto degli standard e della conformit\u00e0&#8221; _builder_version=&#8221;4.25.2&#8243; _module_preset=&#8221;default&#8221; global_colors_info=&#8221;{}&#8221; open=&#8221;off&#8221;]<\/p>\n<ul>\n<li>Gestion proactive des non-conformit\u00e9s, assurant une conformit\u00e9 stricte avec les r\u00e9gulations internationales et les exigences du secteur, y compris la norme ISO 19443.<\/li>\n<\/ul>\n<p>[\/et_pb_accordion_item][et_pb_accordion_item title=&#8221;Trasparenza e collaborazione&#8221; _builder_version=&#8221;4.25.2&#8243; _module_preset=&#8221;default&#8221; global_colors_info=&#8221;{}&#8221; open=&#8221;off&#8221;]<\/p>\n<ul>\n<li>Transparence totale entre les acteurs de la supply chain et circulation fluide de l&#8217;information, facilitant une collaboration \u00e9troite et efficace.<\/li>\n<\/ul>\n<p>[\/et_pb_accordion_item][et_pb_accordion_item title=&#8221;Efficienza e riduzione dei costi&#8221; _builder_version=&#8221;4.25.2&#8243; _module_preset=&#8221;default&#8221; global_colors_info=&#8221;{}&#8221; open=&#8221;off&#8221;]<\/p>\n<ul>\n<li>Automatisation des processus de qualit\u00e9, r\u00e9duisant le temps et les ressources n\u00e9cessaires pour la gestion des contr\u00f4les qualit\u00e9 et des audits de sous-traitance.<\/li>\n<li>Inspections \u00e0 distance pour des \u00e9conomies significatives et une r\u00e9duction des \u00e9missions de CO2.<\/li>\n<\/ul>\n<p>[\/et_pb_accordion_item][et_pb_accordion_item title=&#8221;Ottimizzazione delle relazioni con i fornitori&#8221; _builder_version=&#8221;4.25.2&#8243; _module_preset=&#8221;default&#8221; global_colors_info=&#8221;{}&#8221; open=&#8221;off&#8221;]<\/p>\n<ul>\n<li>\n<p>Rapports d\u00e9taill\u00e9s et analyses de donn\u00e9es permettant d&#8217;am\u00e9liorer les processus des fournisseurs et sous-traitants, garantissant une meilleure qualit\u00e9 des services et des mat\u00e9riaux.<\/p>\n<\/li>\n<\/ul>\n<p><\/p>\n<p>&nbsp;<\/p>\n<p><\/p>\n<p>&nbsp;<\/p>\n<p>[\/et_pb_accordion_item][et_pb_accordion_item title=&#8221;Monitoraggio e ottimizzazione dei processi del sito&#8221; _builder_version=&#8221;4.25.2&#8243; _module_preset=&#8221;default&#8221; global_colors_info=&#8221;{}&#8221; open=&#8221;off&#8221;]<\/p>\n<ul>\n<li>Analyses de donn\u00e9es pour identifier et corriger les inefficacit\u00e9s dans les processus de site, contribuant \u00e0 une am\u00e9lioration continue et \u00e0 une plus grande fiabilit\u00e9 des op\u00e9rations.<\/li>\n<\/ul>\n<p>[\/et_pb_accordion_item][\/et_pb_accordion][\/et_pb_column][\/et_pb_row][\/et_pb_section][et_pb_section fb_built=&#8221;1&#8243; _builder_version=&#8221;4.25.2&#8243; _module_preset=&#8221;default&#8221; global_colors_info=&#8221;{}&#8221;][et_pb_row _builder_version=&#8221;4.25.2&#8243; _module_preset=&#8221;default&#8221; global_colors_info=&#8221;{}&#8221;][et_pb_column type=&#8221;4_4&#8243; _builder_version=&#8221;4.25.2&#8243; _module_preset=&#8221;default&#8221; global_colors_info=&#8221;{}&#8221;][et_pb_button button_url=&#8221;https:\/\/inspectogroup.com\/it\/contatto\/&#8221; button_text=&#8221;planifier une d\u00e9mo&#8221; button_alignment=&#8221;center&#8221; _builder_version=&#8221;4.25.2&#8243; _module_preset=&#8221;default&#8221; custom_button=&#8221;on&#8221; button_text_color=&#8221;#FFFFFF&#8221; button_bg_color=&#8221;#002F5F&#8221; button_use_icon=&#8221;off&#8221; sticky_position=&#8221;top_bottom&#8221; global_colors_info=&#8221;{}&#8221;][\/et_pb_button][\/et_pb_column][\/et_pb_row][\/et_pb_section]<\/p>\n","protected":false},"excerpt":{"rendered":"<p>L&#8217;industria Aeronautica impone standard di produzione rigorosi, dove la qualit\u00e0, la tracciabilit\u00e0 e la conformit\u00e0 normativa sono requisiti imprescindibili. Inspecto supporta le aziende del settore fornendo una piattaforma digitale dedicata alla gestione degli audit, delle non conformit\u00e0 (NC) e dei piani di azione correttiva (CAPA), garantendo la piena conformit\u00e0 a standard di riferimento come AQAP [&hellip;]<\/p>\n","protected":false},"author":3,"featured_media":392760,"parent":0,"menu_order":0,"comment_status":"closed","ping_status":"closed","template":"","meta":{"_et_pb_use_builder":"on","_et_pb_old_content":"","_et_gb_content_width":"","footnotes":""},"class_list":["post-392777","page","type-page","status-publish","has-post-thumbnail","hentry"],"yoast_head":"<!-- This site is optimized with the Yoast SEO plugin v27.6 - https:\/\/yoast.com\/product\/yoast-seo-wordpress\/ -->\n<title>Logiciel d&#039;inspection nucl\u00e9aire, audits de s\u00e9curit\u00e9 et contr\u00f4le qualit\u00e9<\/title>\n<meta name=\"description\" content=\"Optimisez le contr\u00f4le qualit\u00e9 de l&#039;industrie nucl\u00e9aire avec le logiciel d&#039;Inspecto. Les fonctionnalit\u00e9s comprennent des inspections, des contr\u00f4les et des audits num\u00e9riques sur site ou \u00e0 distance pour am\u00e9liorer l&#039;efficacit\u00e9 de votre organisation.\" \/>\n<meta name=\"robots\" content=\"index, follow, max-snippet:-1, max-image-preview:large, max-video-preview:-1\" \/>\n<link rel=\"canonical\" href=\"https:\/\/inspectogroup.com\/aero\/\" \/>\n<meta property=\"og:locale\" content=\"it_IT\" \/>\n<meta property=\"og:type\" content=\"article\" \/>\n<meta property=\"og:title\" content=\"Logiciel d&#039;inspection nucl\u00e9aire, audits de s\u00e9curit\u00e9 et contr\u00f4le qualit\u00e9\" \/>\n<meta property=\"og:description\" content=\"Optimisez le contr\u00f4le qualit\u00e9 de l&#039;industrie nucl\u00e9aire avec le logiciel d&#039;Inspecto. Les fonctionnalit\u00e9s comprennent des inspections, des contr\u00f4les et des audits num\u00e9riques sur site ou \u00e0 distance pour am\u00e9liorer l&#039;efficacit\u00e9 de votre organisation.\" \/>\n<meta property=\"og:url\" content=\"https:\/\/inspectogroup.com\/aero\/\" \/>\n<meta property=\"og:site_name\" content=\"INSPECTO GROUP\" \/>\n<meta property=\"article:modified_time\" content=\"2025-06-10T08:37:28+00:00\" \/>\n<meta name=\"twitter:card\" content=\"summary_large_image\" \/>\n<meta name=\"twitter:label1\" content=\"Tempo di lettura stimato\" \/>\n\t<meta name=\"twitter:data1\" content=\"7 minuti\" \/>\n<script type=\"application\/ld+json\" class=\"yoast-schema-graph\">{\"@context\":\"https:\\\/\\\/schema.org\",\"@graph\":[{\"@type\":\"WebPage\",\"@id\":\"https:\\\/\\\/inspectogroup.com\\\/aero\\\/\",\"url\":\"https:\\\/\\\/inspectogroup.com\\\/aero\\\/\",\"name\":\"Logiciel d'inspection nucl\u00e9aire, audits de s\u00e9curit\u00e9 et contr\u00f4le qualit\u00e9\",\"isPartOf\":{\"@id\":\"https:\\\/\\\/inspectogroup.com\\\/#website\"},\"primaryImageOfPage\":{\"@id\":\"https:\\\/\\\/inspectogroup.com\\\/aero\\\/#primaryimage\"},\"image\":{\"@id\":\"https:\\\/\\\/inspectogroup.com\\\/aero\\\/#primaryimage\"},\"thumbnailUrl\":\"https:\\\/\\\/inspectogroup.com\\\/wp-content\\\/uploads\\\/2025\\\/06\\\/thumb_Aero-comp.jpg\",\"datePublished\":\"2025-06-05T14:01:05+00:00\",\"dateModified\":\"2025-06-10T08:37:28+00:00\",\"description\":\"Optimisez le contr\u00f4le qualit\u00e9 de l'industrie nucl\u00e9aire avec le logiciel d'Inspecto. Les fonctionnalit\u00e9s comprennent des inspections, des contr\u00f4les et des audits num\u00e9riques sur site ou \u00e0 distance pour am\u00e9liorer l'efficacit\u00e9 de votre organisation.\",\"breadcrumb\":{\"@id\":\"https:\\\/\\\/inspectogroup.com\\\/aero\\\/#breadcrumb\"},\"inLanguage\":\"it-IT\",\"potentialAction\":[{\"@type\":\"ReadAction\",\"target\":[\"https:\\\/\\\/inspectogroup.com\\\/aero\\\/\"]}]},{\"@type\":\"ImageObject\",\"inLanguage\":\"it-IT\",\"@id\":\"https:\\\/\\\/inspectogroup.com\\\/aero\\\/#primaryimage\",\"url\":\"https:\\\/\\\/inspectogroup.com\\\/wp-content\\\/uploads\\\/2025\\\/06\\\/thumb_Aero-comp.jpg\",\"contentUrl\":\"https:\\\/\\\/inspectogroup.com\\\/wp-content\\\/uploads\\\/2025\\\/06\\\/thumb_Aero-comp.jpg\",\"width\":360,\"height\":354,\"caption\":\"logiciel contr\u00f4le qualit\u00e9 industrie\"},{\"@type\":\"BreadcrumbList\",\"@id\":\"https:\\\/\\\/inspectogroup.com\\\/aero\\\/#breadcrumb\",\"itemListElement\":[{\"@type\":\"ListItem\",\"position\":1,\"name\":\"Accueil\",\"item\":\"https:\\\/\\\/inspectogroup.com\\\/it\\\/\"},{\"@type\":\"ListItem\",\"position\":2,\"name\":\"AERO\"}]},{\"@type\":\"WebSite\",\"@id\":\"https:\\\/\\\/inspectogroup.com\\\/#website\",\"url\":\"https:\\\/\\\/inspectogroup.com\\\/\",\"name\":\"INSPECTO GROUP\",\"description\":\"Inspection, contr\u00f4les et audits digitalis\u00e9s!\",\"potentialAction\":[{\"@type\":\"SearchAction\",\"target\":{\"@type\":\"EntryPoint\",\"urlTemplate\":\"https:\\\/\\\/inspectogroup.com\\\/?s={search_term_string}\"},\"query-input\":{\"@type\":\"PropertyValueSpecification\",\"valueRequired\":true,\"valueName\":\"search_term_string\"}}],\"inLanguage\":\"it-IT\"}]}<\/script>\n<!-- \/ Yoast SEO plugin. -->","yoast_head_json":{"title":"Logiciel d'inspection nucl\u00e9aire, audits de s\u00e9curit\u00e9 et contr\u00f4le qualit\u00e9","description":"Optimisez le contr\u00f4le qualit\u00e9 de l'industrie nucl\u00e9aire avec le logiciel d'Inspecto. Les fonctionnalit\u00e9s comprennent des inspections, des contr\u00f4les et des audits num\u00e9riques sur site ou \u00e0 distance pour am\u00e9liorer l'efficacit\u00e9 de votre organisation.","robots":{"index":"index","follow":"follow","max-snippet":"max-snippet:-1","max-image-preview":"max-image-preview:large","max-video-preview":"max-video-preview:-1"},"canonical":"https:\/\/inspectogroup.com\/aero\/","og_locale":"it_IT","og_type":"article","og_title":"Logiciel d'inspection nucl\u00e9aire, audits de s\u00e9curit\u00e9 et contr\u00f4le qualit\u00e9","og_description":"Optimisez le contr\u00f4le qualit\u00e9 de l'industrie nucl\u00e9aire avec le logiciel d'Inspecto. Les fonctionnalit\u00e9s comprennent des inspections, des contr\u00f4les et des audits num\u00e9riques sur site ou \u00e0 distance pour am\u00e9liorer l'efficacit\u00e9 de votre organisation.","og_url":"https:\/\/inspectogroup.com\/aero\/","og_site_name":"INSPECTO GROUP","article_modified_time":"2025-06-10T08:37:28+00:00","twitter_card":"summary_large_image","twitter_misc":{"Tempo di lettura stimato":"7 minuti"},"schema":{"@context":"https:\/\/schema.org","@graph":[{"@type":"WebPage","@id":"https:\/\/inspectogroup.com\/aero\/","url":"https:\/\/inspectogroup.com\/aero\/","name":"Logiciel d'inspection nucl\u00e9aire, audits de s\u00e9curit\u00e9 et contr\u00f4le qualit\u00e9","isPartOf":{"@id":"https:\/\/inspectogroup.com\/#website"},"primaryImageOfPage":{"@id":"https:\/\/inspectogroup.com\/aero\/#primaryimage"},"image":{"@id":"https:\/\/inspectogroup.com\/aero\/#primaryimage"},"thumbnailUrl":"https:\/\/inspectogroup.com\/wp-content\/uploads\/2025\/06\/thumb_Aero-comp.jpg","datePublished":"2025-06-05T14:01:05+00:00","dateModified":"2025-06-10T08:37:28+00:00","description":"Optimisez le contr\u00f4le qualit\u00e9 de l'industrie nucl\u00e9aire avec le logiciel d'Inspecto. Les fonctionnalit\u00e9s comprennent des inspections, des contr\u00f4les et des audits num\u00e9riques sur site ou \u00e0 distance pour am\u00e9liorer l'efficacit\u00e9 de votre organisation.","breadcrumb":{"@id":"https:\/\/inspectogroup.com\/aero\/#breadcrumb"},"inLanguage":"it-IT","potentialAction":[{"@type":"ReadAction","target":["https:\/\/inspectogroup.com\/aero\/"]}]},{"@type":"ImageObject","inLanguage":"it-IT","@id":"https:\/\/inspectogroup.com\/aero\/#primaryimage","url":"https:\/\/inspectogroup.com\/wp-content\/uploads\/2025\/06\/thumb_Aero-comp.jpg","contentUrl":"https:\/\/inspectogroup.com\/wp-content\/uploads\/2025\/06\/thumb_Aero-comp.jpg","width":360,"height":354,"caption":"logiciel contr\u00f4le qualit\u00e9 industrie"},{"@type":"BreadcrumbList","@id":"https:\/\/inspectogroup.com\/aero\/#breadcrumb","itemListElement":[{"@type":"ListItem","position":1,"name":"Accueil","item":"https:\/\/inspectogroup.com\/it\/"},{"@type":"ListItem","position":2,"name":"AERO"}]},{"@type":"WebSite","@id":"https:\/\/inspectogroup.com\/#website","url":"https:\/\/inspectogroup.com\/","name":"INSPECTO GROUP","description":"Inspection, contr\u00f4les et audits digitalis\u00e9s!","potentialAction":[{"@type":"SearchAction","target":{"@type":"EntryPoint","urlTemplate":"https:\/\/inspectogroup.com\/?s={search_term_string}"},"query-input":{"@type":"PropertyValueSpecification","valueRequired":true,"valueName":"search_term_string"}}],"inLanguage":"it-IT"}]}},"_links":{"self":[{"href":"https:\/\/inspectogroup.com\/it\/wp-json\/wp\/v2\/pages\/392777","targetHints":{"allow":["GET"]}}],"collection":[{"href":"https:\/\/inspectogroup.com\/it\/wp-json\/wp\/v2\/pages"}],"about":[{"href":"https:\/\/inspectogroup.com\/it\/wp-json\/wp\/v2\/types\/page"}],"author":[{"embeddable":true,"href":"https:\/\/inspectogroup.com\/it\/wp-json\/wp\/v2\/users\/3"}],"replies":[{"embeddable":true,"href":"https:\/\/inspectogroup.com\/it\/wp-json\/wp\/v2\/comments?post=392777"}],"version-history":[{"count":6,"href":"https:\/\/inspectogroup.com\/it\/wp-json\/wp\/v2\/pages\/392777\/revisions"}],"predecessor-version":[{"id":392866,"href":"https:\/\/inspectogroup.com\/it\/wp-json\/wp\/v2\/pages\/392777\/revisions\/392866"}],"wp:featuredmedia":[{"embeddable":true,"href":"https:\/\/inspectogroup.com\/it\/wp-json\/wp\/v2\/media\/392760"}],"wp:attachment":[{"href":"https:\/\/inspectogroup.com\/it\/wp-json\/wp\/v2\/media?parent=392777"}],"curies":[{"name":"wp","href":"https:\/\/api.w.org\/{rel}","templated":true}]}}