{"id":392774,"date":"2025-06-06T08:26:55","date_gmt":"2025-06-06T08:26:55","guid":{"rendered":"https:\/\/inspectogroup.com\/nucleare-2\/"},"modified":"2025-06-10T11:35:25","modified_gmt":"2025-06-10T11:35:25","slug":"nucleare","status":"publish","type":"page","link":"https:\/\/inspectogroup.com\/it\/nucleare\/","title":{"rendered":"NUCLEARE"},"content":{"rendered":"<p>[et_pb_section fb_built=&#8221;1&#8243; admin_label=&#8221;HEADER&#8221; _builder_version=&#8221;4.27.2&#8243; use_background_color_gradient=&#8221;on&#8221; background_color_gradient_stops=&#8221;rgba(17,23,42,0.41) 0%|rgba(17,23,42,0.22) 100%&#8221; background_color_gradient_overlays_image=&#8221;on&#8221; background_image=&#8221;https:\/\/inspectogroup.com\/wp-content\/uploads\/2024\/07\/viktor-kiryanov-lAcYPEiau0U-unsplash-scaled.jpg&#8221; z_index=&#8221;1&#8243; min_height=&#8221;592px&#8221; global_colors_info=&#8221;{}&#8221;][et_pb_row _builder_version=&#8221;4.25.2&#8243; background_size=&#8221;initial&#8221; background_position=&#8221;top_left&#8221; background_repeat=&#8221;repeat&#8221; z_index=&#8221;1&#8243; custom_padding=&#8221;5vw||5vw|&#8221; global_colors_info=&#8221;{}&#8221;][et_pb_column type=&#8221;4_4&#8243; _builder_version=&#8221;4.16&#8243; background_position=&#8221;top_left&#8221; custom_padding=&#8221;|||&#8221; global_colors_info=&#8221;{}&#8221; custom_padding__hover=&#8221;|||&#8221;][et_pb_cta title=&#8221;Settore NUCLEARE&#8221; admin_label=&#8221;Content Page White&#8221; _builder_version=&#8221;4.27.2&#8243; header_font=&#8221;|700||on|||||&#8221; header_font_size=&#8221;70&#8243; use_background_color=&#8221;off&#8221; z_index=&#8221;1&#8243; header_font_size_tablet=&#8221;52&#8243; header_font_size_phone=&#8221;40&#8243; header_font_size_last_edited=&#8221;on|phone&#8221; custom_css_promo_description=&#8221;padding-bottom: 0;&#8221; custom_css_promo_title=&#8221; font-weight: 300;||padding-bottom: 0;&#8221; global_colors_info=&#8221;{}&#8221; button_text_size__hover_enabled=&#8221;off&#8221; button_one_text_size__hover_enabled=&#8221;off&#8221; button_two_text_size__hover_enabled=&#8221;off&#8221; button_text_color__hover_enabled=&#8221;off&#8221; button_one_text_color__hover_enabled=&#8221;off&#8221; button_two_text_color__hover_enabled=&#8221;off&#8221; button_border_width__hover_enabled=&#8221;off&#8221; button_one_border_width__hover_enabled=&#8221;off&#8221; button_two_border_width__hover_enabled=&#8221;off&#8221; button_border_color__hover_enabled=&#8221;off&#8221; button_one_border_color__hover_enabled=&#8221;off&#8221; button_two_border_color__hover_enabled=&#8221;off&#8221; button_border_radius__hover_enabled=&#8221;off&#8221; button_one_border_radius__hover_enabled=&#8221;off&#8221; button_two_border_radius__hover_enabled=&#8221;off&#8221; button_letter_spacing__hover_enabled=&#8221;off&#8221; button_one_letter_spacing__hover_enabled=&#8221;off&#8221; button_two_letter_spacing__hover_enabled=&#8221;off&#8221; button_bg_color__hover_enabled=&#8221;off&#8221; button_one_bg_color__hover_enabled=&#8221;off&#8221; button_two_bg_color__hover_enabled=&#8221;off&#8221;][\/et_pb_cta][\/et_pb_column][\/et_pb_row][\/et_pb_section][et_pb_section fb_built=&#8221;1&#8243; _builder_version=&#8221;4.25.2&#8243; _module_preset=&#8221;default&#8221; global_colors_info=&#8221;{}&#8221;][et_pb_row _builder_version=&#8221;4.25.2&#8243; _module_preset=&#8221;default&#8221; z_index=&#8221;1&#8243; global_colors_info=&#8221;{}&#8221;][et_pb_column type=&#8221;4_4&#8243; _builder_version=&#8221;4.25.2&#8243; _module_preset=&#8221;default&#8221; global_colors_info=&#8221;{}&#8221;][et_pb_accordion _builder_version=&#8221;4.27.4&#8243; _module_preset=&#8221;default&#8221; global_colors_info=&#8221;{}&#8221;][et_pb_accordion_item title=&#8221;Conformit\u00e0 alle norme ISO 19443 e nucleari&#8221; open=&#8221;on&#8221; _builder_version=&#8221;4.27.4&#8243; _module_preset=&#8221;default&#8221; hover_enabled=&#8221;0&#8243; global_colors_info=&#8221;{}&#8221; sticky_enabled=&#8221;0&#8243;]<\/p>\n<p class=\"p1\"><span class=\"s1\"><b><strong>L&#8217;industria nucleare<\/strong><\/b> impone standard di produzione rigorosi, dove <b><strong>Qualit\u00e0, Tracciabilit\u00e0 e Conformit\u00e0 normativa<\/strong><\/b> sono imperativi <b>non negoziabili.<\/b><\/span><\/p>\n<p><\/p>\n<p class=\"p1\"><span class=\"s1\"><b>Inspecto<\/b><\/span> accompagna gli industriali del settore fornendo <span class=\"s1\"><b>una piattaforma digitale dedicata alla gestione degli audit, delle non conformit\u00e0 (NC) e dei piani d\u2019azione<\/b><\/span>, garantendo una completa conformit\u00e0 con il riferimento <span class=\"s1\"><b>ISO 19443<\/b><\/span>.<\/p>\n<p><\/p>\n<p class=\"p5\" style=\"padding-left: 40px; text-align: center;\"><span style=\"text-decoration: underline;\"><b>Inspecto: Una soluzione allineata agli standard del settore nucleare<\/b><\/span><\/p>\n<p><\/p>\n<p class=\"p1\">Con <span class=\"s1\"><b>Inspecto<\/b><\/span>, supportiamo le aziende del settore Difesa nella <span class=\"s1\"><b>digitalizzazione dei processi di ispezione, audit, controllo qualit\u00e0 e conformit\u00e0<\/b><\/span>.<\/p>\n<p><\/p>\n<p class=\"p1\">Grazie alla nostra piattaforma, permettiamo alle organizzazioni di:<\/p>\n<p><\/p>\n<ul>\n<li class=\"p1\"><span class=\"s1\"><b>Assicurare la completa tracciabilit\u00e0<\/b><\/span> delle ispezioni e degli audit, con una gestione centralizzata dei documenti e dei rapporti conformi.<\/li>\n<p><\/p>\n<li class=\"p1\"><span class=\"s1\"><b>Facilitare la conformit\u00e0 normativa<\/b><\/span> automatizzando la gestione dei requisiti di qualit\u00e0 e degli indicatori di prestazione.<\/li>\n<p><\/p>\n<li class=\"p1\"><span class=\"s1\"><b>Migliorare la collaborazione con i subappaltatori<\/b><\/span> grazie a workflow di validazione e strumenti per il monitoraggio dei piani d\u2019azione correttivi.<\/li>\n<p><\/p>\n<li class=\"p1\"><span class=\"s1\"><b>Rafforzare la cultura della sicurezza<\/b><\/span> mettendo a disposizione soluzioni digitali che rendono affidabili i processi di valutazione e controllo.<\/li>\n<p><\/ul>\n<p><\/p>\n<p class=\"p5\" style=\"padding-left: 40px;\"><b>Perch\u00e9 scegliere Inspecto?<\/b><\/p>\n<p><\/p>\n<ul>\n<li class=\"p6\"><b>Un&#8217;expertise di settore<\/b><span class=\"s3\">: La nostra soluzione \u00e8 progettata per rispondere alle <\/span><b>esigenze specifiche del settore nucleare<\/b><span class=\"s3\">.<\/span><\/li>\n<p><\/p>\n<li class=\"p1\"><span class=\"s1\"><b>Un risparmio di tempo ed efficienza<\/b><\/span>: riduzione degli errori manuali, automazione dei processi e accesso rapido ai dati critici.<\/li>\n<p><\/p>\n<li class=\"p1\"><span class=\"s1\"><b>Un supporto normativo<\/b><\/span>: Inspecto facilita la dimostrazione della conformit\u00e0 in caso di audit o valutazione da parte degli enti certificatori.<\/li>\n<p><\/p>\n<li class=\"p1\"><span class=\"s1\"><b>Una integrazione fluida<\/b><\/span>: compatibile con i vostri sistemi esistenti (ERP, GED, software per la qualit\u00e0).<\/li>\n<p><\/ul>\n<p><\/p>\n<p class=\"p5\" style=\"padding-left: 40px;\"><b>Digitalizzatevi con Inspecto.<\/b><\/p>\n<p><\/p>\n<p class=\"p1\">Volete ottimizzare i vostri processi di ispezione e controllo nel nucleare?<br \/><span class=\"s1\"><b>Contattateci oggi stesso<\/b><\/span> per una dimostrazione e scoprite come <span class=\"s1\"><b>Inspecto<\/b><\/span> pu\u00f2 aiutarvi a garantire una conformit\u00e0 impeccabile.<\/p>\n<p>[\/et_pb_accordion_item][et_pb_accordion_item title=&#8221;Ispezioni a distanza senza attrezzature specifiche&#8221; _builder_version=&#8221;4.25.2&#8243; _module_preset=&#8221;default&#8221; global_colors_info=&#8221;{}&#8221; open=&#8221;off&#8221;]<\/p>\n<ul>\n<li>Esegue ispezioni di qualit\u00e0 da remoto tramite smartphone e PC.<\/li>\n<li>Rapida adozione e riduzione dei costi associati all&#8217;acquisto di apparecchiature aggiuntive.<\/li>\n<\/ul>\n<p>[\/et_pb_accordion_item][et_pb_accordion_item title=&#8221;Gestione delle non conformit\u00e0 in tempo reale&#8221; _builder_version=&#8221;4.27.2&#8243; _module_preset=&#8221;default&#8221; global_colors_info=&#8221;{}&#8221; open=&#8221;off&#8221;]<\/p>\n<ul>\n<li>Risponde rapidamente alle non conformit\u00e0 identificate durante le ispezioni e gli audit dei subappaltatori.<\/li>\n<li>Avvisi automatici per un intervento immediato e un miglioramento globale della sicurezza.<\/li>\n<\/ul>\n<p>[\/et_pb_accordion_item][et_pb_accordion_item title=&#8221;Rilevamento dei difetti basato sull&apos;intelligenza artificiale&#8221; _builder_version=&#8221;4.25.2&#8243; _module_preset=&#8221;default&#8221; global_colors_info=&#8221;{}&#8221; open=&#8221;off&#8221;]<\/p>\n<ul>\n<li>Utilizza l&#8217;intelligenza artificiale per rilevare difetti e anomalie durante le ispezioni e i controlli di qualit\u00e0.<\/li>\n<li>Identificazione rapida e precisa dei problemi, migliorando l&#8217;affidabilit\u00e0 delle ispezioni.<\/li>\n<\/ul>\n<p>[\/et_pb_accordion_item][et_pb_accordion_item title=&#8221;Audit sui fornitori e trasparenza della supply chain&#8221; _builder_version=&#8221;4.27.2&#8243; _module_preset=&#8221;default&#8221; global_colors_info=&#8221;{}&#8221; open=&#8221;off&#8221;]<\/p>\n<ul>\n<li>Gestione e documentazione esaustiva degli audit presso fornitori e subappaltatori.<\/li>\n<li>Tracciabilit\u00e0 completa e totale trasparenza tra i diversi attori della supply chain.<\/li>\n<\/ul>\n<p>[\/et_pb_accordion_item][et_pb_accordion_item title=&#8221;Facilit\u00e0 del flusso di informazioni&#8221; _builder_version=&#8221;4.25.2&#8243; _module_preset=&#8221;default&#8221; global_colors_info=&#8221;{}&#8221; open=&#8221;off&#8221;]<\/p>\n<ul>\n<li>Facilita la circolazione delle informazioni tra i diversi anelli della supply chain, permettendo una stretta collaborazione.<\/li>\n<li>Centralizzazione dei dati per garantire l&#8217;accesso alle informazioni pertinenti in tempo reale.<\/li>\n<\/ul>\n<p>[\/et_pb_accordion_item][et_pb_accordion_item title=&#8221;Reporting e analisi automatizzati&#8221; _builder_version=&#8221;4.25.2&#8243; _module_preset=&#8221;default&#8221; global_colors_info=&#8221;{}&#8221; open=&#8221;off&#8221;]<\/p>\n<ul>\n<li>Produce rapporti dettagliati sulla qualit\u00e0 delle operazioni, conformi ai requisiti delle normative internazionali.<\/li>\n<li>Analisi dei dati per identificare tendenze e problemi potenziali, aiutando a migliorare i processi.<\/li>\n<\/ul>\n<p>[\/et_pb_accordion_item][et_pb_accordion_item title=&#8221;Disponibilit\u00e0 delle informazioni in tempo reale&#8221; _builder_version=&#8221;4.25.2&#8243; _module_preset=&#8221;default&#8221; global_colors_info=&#8221;{}&#8221; open=&#8221;off&#8221;]<\/p>\n<ul>\n<li>Garantisce la disponibilit\u00e0 delle informazioni in tempo reale in tutto il mondo, permettendo decisioni rapide e informate.<\/li>\n<li>Dati centralizzati e accessibili da remoto per una reattivit\u00e0 ottimale.<\/li>\n<\/ul>\n<p>[\/et_pb_accordion_item][et_pb_accordion_item title=&#8221;Interfaccia intuitiva&#8221; _builder_version=&#8221;4.25.2&#8243; _module_preset=&#8221;default&#8221; global_colors_info=&#8221;{}&#8221; open=&#8221;off&#8221;]<\/p>\n<ul>\n<li>Interfaccia intuitiva per un&#8217;adozione rapida da parte dei team, riducendo la necessit\u00e0 di una formazione estesa.<\/li>\n<\/ul>\n<p><\/p>\n<p>&nbsp;<\/p>\n<p>[\/et_pb_accordion_item][et_pb_accordion_item title=&#8221;Rispetto degli standard di conformit\u00e0&#8221; _builder_version=&#8221;4.25.2&#8243; _module_preset=&#8221;default&#8221; global_colors_info=&#8221;{}&#8221; open=&#8221;off&#8221;]<\/p>\n<ul>\n<li>Gestione proattiva delle non conformit\u00e0, garantendo il rigoroso rispetto delle normative internazionali e dei requisiti di settore, tra cui la norma ISO 19443.<\/li>\n<\/ul>\n<p>[\/et_pb_accordion_item][et_pb_accordion_item title=&#8221;Trasparenza della collaborazione&#8221; _builder_version=&#8221;4.25.2&#8243; _module_preset=&#8221;default&#8221; global_colors_info=&#8221;{}&#8221; open=&#8221;off&#8221;]<\/p>\n<ul>\n<li>Trasparenza totale tra gli stakeholder della supply chain e flusso continuo di informazioni, facilitando una collaborazione stretta ed efficiente.<\/li>\n<\/ul>\n<p>[\/et_pb_accordion_item][et_pb_accordion_item title=&#8221;Efficienza e riduzione dei costi&#8221; _builder_version=&#8221;4.25.2&#8243; _module_preset=&#8221;default&#8221; global_colors_info=&#8221;{}&#8221; open=&#8221;off&#8221;]<\/p>\n<ul>\n<li>Automazione dei processi di qualit\u00e0, riducendo il tempo e le risorse necessarie per la gestione dei controlli qualit\u00e0 e degli audit dei subappaltatori.<\/li>\n<li>Ispezioni a distanza per risparmi significativi e riduzione delle emissioni di CO2.<\/li>\n<\/ul>\n<p>[\/et_pb_accordion_item][et_pb_accordion_item title=&#8221;Ottimizzazione dei rapporti con fornitori e subappaltatori&#8221; _builder_version=&#8221;4.25.2&#8243; _module_preset=&#8221;default&#8221; global_colors_info=&#8221;{}&#8221; open=&#8221;off&#8221;]<\/p>\n<ul>\n<li>\n<p>Reporting dettagliato e analisi dei dati per migliorare i processi di fornitori e subappaltatori, garantendo servizi e materiali di qualit\u00e0 superiore.<\/p>\n<\/li>\n<\/ul>\n<p><\/p>\n<p>&nbsp;<\/p>\n<p><\/p>\n<p>&nbsp;<\/p>\n<p>[\/et_pb_accordion_item][et_pb_accordion_item title=&#8221;Monitoraggio e ottimizzazione dei processi di sito&#8221; _builder_version=&#8221;4.25.2&#8243; _module_preset=&#8221;default&#8221; global_colors_info=&#8221;{}&#8221; open=&#8221;off&#8221;]<\/p>\n<ul>\n<li>Analisi dei dati per identificare e correggere le inefficienze nei processi aziendali, contribuendo al miglioramento continuo e a una maggiore affidabilit\u00e0 operativa.<\/li>\n<\/ul>\n<p>[\/et_pb_accordion_item][\/et_pb_accordion][\/et_pb_column][\/et_pb_row][\/et_pb_section][et_pb_section fb_built=&#8221;1&#8243; _builder_version=&#8221;4.25.2&#8243; _module_preset=&#8221;default&#8221; global_colors_info=&#8221;{}&#8221;][et_pb_row _builder_version=&#8221;4.25.2&#8243; _module_preset=&#8221;default&#8221; global_colors_info=&#8221;{}&#8221;][et_pb_column type=&#8221;4_4&#8243; _builder_version=&#8221;4.25.2&#8243; _module_preset=&#8221;default&#8221; global_colors_info=&#8221;{}&#8221;][et_pb_button button_url=&#8221;https:\/\/inspectogroup.com\/it\/contatto\/&#8221; button_text=&#8221;programma una demo&#8221; button_alignment=&#8221;center&#8221; _builder_version=&#8221;4.27.4&#8243; _module_preset=&#8221;default&#8221; custom_button=&#8221;on&#8221; button_text_color=&#8221;#FFFFFF&#8221; button_bg_color=&#8221;#002F5F&#8221; button_use_icon=&#8221;off&#8221; sticky_position=&#8221;top_bottom&#8221; global_colors_info=&#8221;{}&#8221;][\/et_pb_button][\/et_pb_column][\/et_pb_row][\/et_pb_section]<\/p>\n","protected":false},"excerpt":{"rendered":"<p>L&#8217;industria nucleare impone standard di produzione rigorosi, dove Qualit\u00e0, Tracciabilit\u00e0 e Conformit\u00e0 normativa sono imperativi non negoziabili.Inspecto accompagna gli industriali del settore fornendo una piattaforma digitale dedicata alla gestione degli audit, delle non conformit\u00e0 (NC) e dei piani d\u2019azione, garantendo una completa conformit\u00e0 con il riferimento ISO 19443.Inspecto: Una soluzione allineata agli standard del settore [&hellip;]<\/p>\n","protected":false},"author":3,"featured_media":0,"parent":0,"menu_order":0,"comment_status":"closed","ping_status":"closed","template":"","meta":{"_et_pb_use_builder":"on","_et_pb_old_content":"","_et_gb_content_width":"","footnotes":""},"class_list":["post-392774","page","type-page","status-publish","hentry"],"yoast_head":"<!-- This site is optimized with the Yoast SEO plugin v27.6 - https:\/\/yoast.com\/product\/yoast-seo-wordpress\/ -->\n<title>la soluzione di qualit\u00e0 digitale per l&#039;energia nucleare<\/title>\n<meta name=\"description\" content=\"Software di qualit\u00e0 conforme alla norma ISO 19443 per il settore nucleare. Inspecto digitalizza audit, controlli e ispezioni RCC-M.\" \/>\n<meta name=\"robots\" content=\"index, follow, max-snippet:-1, max-image-preview:large, max-video-preview:-1\" \/>\n<link rel=\"canonical\" href=\"https:\/\/inspectogroup.com\/nucleaire\/\" \/>\n<meta property=\"og:locale\" content=\"it_IT\" \/>\n<meta property=\"og:type\" content=\"article\" \/>\n<meta property=\"og:title\" content=\"la soluzione di qualit\u00e0 digitale per l&#039;energia nucleare\" \/>\n<meta property=\"og:description\" content=\"Software di qualit\u00e0 conforme alla norma ISO 19443 per il settore nucleare. Inspecto digitalizza audit, controlli e ispezioni RCC-M.\" \/>\n<meta property=\"og:url\" content=\"https:\/\/inspectogroup.com\/nucleaire\/\" \/>\n<meta property=\"og:site_name\" content=\"INSPECTO GROUP\" \/>\n<meta property=\"article:modified_time\" content=\"2025-06-10T11:35:25+00:00\" \/>\n<meta name=\"twitter:card\" content=\"summary_large_image\" \/>\n<meta name=\"twitter:label1\" content=\"Tempo di lettura stimato\" \/>\n\t<meta name=\"twitter:data1\" content=\"7 minuti\" \/>\n<script type=\"application\/ld+json\" class=\"yoast-schema-graph\">{\"@context\":\"https:\\\/\\\/schema.org\",\"@graph\":[{\"@type\":\"WebPage\",\"@id\":\"https:\\\/\\\/inspectogroup.com\\\/nucleaire\\\/\",\"url\":\"https:\\\/\\\/inspectogroup.com\\\/nucleaire\\\/\",\"name\":\"la soluzione di qualit\u00e0 digitale per l'energia nucleare\",\"isPartOf\":{\"@id\":\"https:\\\/\\\/inspectogroup.com\\\/#website\"},\"datePublished\":\"2025-06-06T08:26:55+00:00\",\"dateModified\":\"2025-06-10T11:35:25+00:00\",\"description\":\"Software di qualit\u00e0 conforme alla norma ISO 19443 per il settore nucleare. Inspecto digitalizza audit, controlli e ispezioni RCC-M.\",\"breadcrumb\":{\"@id\":\"https:\\\/\\\/inspectogroup.com\\\/nucleaire\\\/#breadcrumb\"},\"inLanguage\":\"it-IT\",\"potentialAction\":[{\"@type\":\"ReadAction\",\"target\":[\"https:\\\/\\\/inspectogroup.com\\\/nucleaire\\\/\"]}]},{\"@type\":\"BreadcrumbList\",\"@id\":\"https:\\\/\\\/inspectogroup.com\\\/nucleaire\\\/#breadcrumb\",\"itemListElement\":[{\"@type\":\"ListItem\",\"position\":1,\"name\":\"Accueil\",\"item\":\"https:\\\/\\\/inspectogroup.com\\\/it\\\/\"},{\"@type\":\"ListItem\",\"position\":2,\"name\":\"NUCLEARE\"}]},{\"@type\":\"WebSite\",\"@id\":\"https:\\\/\\\/inspectogroup.com\\\/#website\",\"url\":\"https:\\\/\\\/inspectogroup.com\\\/\",\"name\":\"INSPECTO GROUP\",\"description\":\"Inspection, contr\u00f4les et audits digitalis\u00e9s!\",\"potentialAction\":[{\"@type\":\"SearchAction\",\"target\":{\"@type\":\"EntryPoint\",\"urlTemplate\":\"https:\\\/\\\/inspectogroup.com\\\/?s={search_term_string}\"},\"query-input\":{\"@type\":\"PropertyValueSpecification\",\"valueRequired\":true,\"valueName\":\"search_term_string\"}}],\"inLanguage\":\"it-IT\"}]}<\/script>\n<!-- \/ Yoast SEO plugin. -->","yoast_head_json":{"title":"la soluzione di qualit\u00e0 digitale per l'energia nucleare","description":"Software di qualit\u00e0 conforme alla norma ISO 19443 per il settore nucleare. Inspecto digitalizza audit, controlli e ispezioni RCC-M.","robots":{"index":"index","follow":"follow","max-snippet":"max-snippet:-1","max-image-preview":"max-image-preview:large","max-video-preview":"max-video-preview:-1"},"canonical":"https:\/\/inspectogroup.com\/nucleaire\/","og_locale":"it_IT","og_type":"article","og_title":"la soluzione di qualit\u00e0 digitale per l'energia nucleare","og_description":"Software di qualit\u00e0 conforme alla norma ISO 19443 per il settore nucleare. Inspecto digitalizza audit, controlli e ispezioni RCC-M.","og_url":"https:\/\/inspectogroup.com\/nucleaire\/","og_site_name":"INSPECTO GROUP","article_modified_time":"2025-06-10T11:35:25+00:00","twitter_card":"summary_large_image","twitter_misc":{"Tempo di lettura stimato":"7 minuti"},"schema":{"@context":"https:\/\/schema.org","@graph":[{"@type":"WebPage","@id":"https:\/\/inspectogroup.com\/nucleaire\/","url":"https:\/\/inspectogroup.com\/nucleaire\/","name":"la soluzione di qualit\u00e0 digitale per l'energia nucleare","isPartOf":{"@id":"https:\/\/inspectogroup.com\/#website"},"datePublished":"2025-06-06T08:26:55+00:00","dateModified":"2025-06-10T11:35:25+00:00","description":"Software di qualit\u00e0 conforme alla norma ISO 19443 per il settore nucleare. Inspecto digitalizza audit, controlli e ispezioni RCC-M.","breadcrumb":{"@id":"https:\/\/inspectogroup.com\/nucleaire\/#breadcrumb"},"inLanguage":"it-IT","potentialAction":[{"@type":"ReadAction","target":["https:\/\/inspectogroup.com\/nucleaire\/"]}]},{"@type":"BreadcrumbList","@id":"https:\/\/inspectogroup.com\/nucleaire\/#breadcrumb","itemListElement":[{"@type":"ListItem","position":1,"name":"Accueil","item":"https:\/\/inspectogroup.com\/it\/"},{"@type":"ListItem","position":2,"name":"NUCLEARE"}]},{"@type":"WebSite","@id":"https:\/\/inspectogroup.com\/#website","url":"https:\/\/inspectogroup.com\/","name":"INSPECTO GROUP","description":"Inspection, contr\u00f4les et audits digitalis\u00e9s!","potentialAction":[{"@type":"SearchAction","target":{"@type":"EntryPoint","urlTemplate":"https:\/\/inspectogroup.com\/?s={search_term_string}"},"query-input":{"@type":"PropertyValueSpecification","valueRequired":true,"valueName":"search_term_string"}}],"inLanguage":"it-IT"}]}},"_links":{"self":[{"href":"https:\/\/inspectogroup.com\/it\/wp-json\/wp\/v2\/pages\/392774","targetHints":{"allow":["GET"]}}],"collection":[{"href":"https:\/\/inspectogroup.com\/it\/wp-json\/wp\/v2\/pages"}],"about":[{"href":"https:\/\/inspectogroup.com\/it\/wp-json\/wp\/v2\/types\/page"}],"author":[{"embeddable":true,"href":"https:\/\/inspectogroup.com\/it\/wp-json\/wp\/v2\/users\/3"}],"replies":[{"embeddable":true,"href":"https:\/\/inspectogroup.com\/it\/wp-json\/wp\/v2\/comments?post=392774"}],"version-history":[{"count":9,"href":"https:\/\/inspectogroup.com\/it\/wp-json\/wp\/v2\/pages\/392774\/revisions"}],"predecessor-version":[{"id":392889,"href":"https:\/\/inspectogroup.com\/it\/wp-json\/wp\/v2\/pages\/392774\/revisions\/392889"}],"wp:attachment":[{"href":"https:\/\/inspectogroup.com\/it\/wp-json\/wp\/v2\/media?parent=392774"}],"curies":[{"name":"wp","href":"https:\/\/api.w.org\/{rel}","templated":true}]}}