{"id":391731,"date":"2024-07-01T13:16:17","date_gmt":"2024-07-01T13:16:17","guid":{"rendered":"https:\/\/inspectogroup.com\/trasporto-logostica\/"},"modified":"2024-09-05T17:08:55","modified_gmt":"2024-09-05T17:08:55","slug":"trasporto-logistica","status":"publish","type":"page","link":"https:\/\/inspectogroup.com\/it\/trasporto-logistica\/","title":{"rendered":"TRASPORTO &amp; LOGISTICA"},"content":{"rendered":"<p>[et_pb_section fb_built=&#8221;1&#8243; admin_label=&#8221;HEADER&#8221; _builder_version=&#8221;4.25.2&#8243; use_background_color_gradient=&#8221;on&#8221; background_color_gradient_stops=&#8221;rgba(17,23,42,0.41) 0%|rgba(17,23,42,0.22) 100%&#8221; background_color_gradient_overlays_image=&#8221;on&#8221; background_image=&#8221;https:\/\/inspectogroup.com\/wp-content\/uploads\/2022\/12\/header-consultinf.jpg&#8221; global_colors_info=&#8221;{}&#8221;][et_pb_row _builder_version=&#8221;4.25.2&#8243; background_size=&#8221;initial&#8221; background_position=&#8221;top_left&#8221; background_repeat=&#8221;repeat&#8221; custom_padding=&#8221;5vw||5vw|&#8221; hover_enabled=&#8221;0&#8243; global_colors_info=&#8221;{}&#8221; z_index=&#8221;1&#8243; sticky_enabled=&#8221;0&#8243;][et_pb_column type=&#8221;4_4&#8243; _builder_version=&#8221;4.16&#8243; background_position=&#8221;top_left&#8221; custom_padding=&#8221;|||&#8221; global_colors_info=&#8221;{}&#8221; custom_padding__hover=&#8221;|||&#8221;][et_pb_cta title=&#8221;SETTORE DEI TRASPORTI E DELLA LOGISTICA&#8221; admin_label=&#8221;Content Page White&#8221; _builder_version=&#8221;4.25.2&#8243; header_font=&#8221;|700||on|||||&#8221; header_font_size=&#8221;70&#8243; use_background_color=&#8221;off&#8221; hover_enabled=&#8221;0&#8243; header_font_size_tablet=&#8221;52&#8243; header_font_size_phone=&#8221;40&#8243; header_font_size_last_edited=&#8221;on|phone&#8221; custom_css_promo_description=&#8221;padding-bottom: 0;&#8221; custom_css_promo_title=&#8221; font-weight: 300;||padding-bottom: 0;&#8221; global_colors_info=&#8221;{}&#8221; button_text_size__hover_enabled=&#8221;off&#8221; button_one_text_size__hover_enabled=&#8221;off&#8221; button_two_text_size__hover_enabled=&#8221;off&#8221; button_text_color__hover_enabled=&#8221;off&#8221; button_one_text_color__hover_enabled=&#8221;off&#8221; button_two_text_color__hover_enabled=&#8221;off&#8221; button_border_width__hover_enabled=&#8221;off&#8221; button_one_border_width__hover_enabled=&#8221;off&#8221; button_two_border_width__hover_enabled=&#8221;off&#8221; button_border_color__hover_enabled=&#8221;off&#8221; button_one_border_color__hover_enabled=&#8221;off&#8221; button_two_border_color__hover_enabled=&#8221;off&#8221; button_border_radius__hover_enabled=&#8221;off&#8221; button_one_border_radius__hover_enabled=&#8221;off&#8221; button_two_border_radius__hover_enabled=&#8221;off&#8221; button_letter_spacing__hover_enabled=&#8221;off&#8221; button_one_letter_spacing__hover_enabled=&#8221;off&#8221; button_two_letter_spacing__hover_enabled=&#8221;off&#8221; button_bg_color__hover_enabled=&#8221;off&#8221; button_one_bg_color__hover_enabled=&#8221;off&#8221; button_two_bg_color__hover_enabled=&#8221;off&#8221; z_index=&#8221;1&#8243; sticky_enabled=&#8221;0&#8243;][\/et_pb_cta][\/et_pb_column][\/et_pb_row][\/et_pb_section][et_pb_section fb_built=&#8221;1&#8243; _builder_version=&#8221;4.25.2&#8243; _module_preset=&#8221;default&#8221; global_colors_info=&#8221;{}&#8221;][et_pb_row _builder_version=&#8221;4.25.2&#8243; _module_preset=&#8221;default&#8221; hover_enabled=&#8221;0&#8243; global_colors_info=&#8221;{}&#8221; z_index=&#8221;1&#8243; sticky_enabled=&#8221;0&#8243;][et_pb_column type=&#8221;4_4&#8243; _builder_version=&#8221;4.25.2&#8243; _module_preset=&#8221;default&#8221; global_colors_info=&#8221;{}&#8221;][et_pb_accordion _builder_version=&#8221;4.25.2&#8243; _module_preset=&#8221;default&#8221; global_colors_info=&#8221;{}&#8221;][et_pb_accordion_item title=&#8221;Gestione delle rotture di carico&#8221; open=&#8221;on&#8221; _builder_version=&#8221;4.25.2&#8243; _module_preset=&#8221;default&#8221; global_colors_info=&#8221;{}&#8221;]<\/p>\n<ul>\n<li>Controlla e gestisce le rotture di carico nel trasporto internazionale.<\/li>\n<li>Assicura la completa tracciabilit\u00e0 delle merci per ridurre al minimo il rischio di perdite o danni.<\/li>\n<\/ul>\n<p>[\/et_pb_accordion_item][et_pb_accordion_item title=&#8221;Ispezioni a distanza, semplici e senza attrezzature speciali&#8221; _builder_version=&#8221;4.25.2&#8243; _module_preset=&#8221;default&#8221; global_colors_info=&#8221;{}&#8221; open=&#8221;off&#8221;]<\/p>\n<ul>\n<li>Esegue ispezioni di qualit\u00e0 a distanza senza bisogno di attrezzature speciali.<\/li>\n<li>Flessibilit\u00e0 per una rapida adozione e risparmio sui costi.<\/li>\n<\/ul>\n<p>[\/et_pb_accordion_item][et_pb_accordion_item title=&#8221;Gestione della non conformit\u00e0 in tempo reale&#8221; _builder_version=&#8221;4.25.2&#8243; _module_preset=&#8221;default&#8221; global_colors_info=&#8221;{}&#8221; open=&#8221;off&#8221;]<\/p>\n<ul>\n<li>Risponde rapidamente alle non conformit\u00e0 identificate durante le ispezioni e gli audit sui trasporti.<\/li>\n<li>Allarmi automatici per un intervento immediato e un miglioramento generale della qualit\u00e0 della logistica.<\/li>\n<\/ul>\n<p>[\/et_pb_accordion_item][et_pb_accordion_item title=&#8221;Statistiche e rapporti automatizzati&#8221; _builder_version=&#8221;4.25.2&#8243; _module_preset=&#8221;default&#8221; global_colors_info=&#8221;{}&#8221; open=&#8221;off&#8221;]<\/p>\n<ul>\n<li>Produce rapporti dettagliati e statistiche in linea con le normative internazionali.<\/li>\n<li>Analisi dei dati per identificare tendenze e potenziali problemi e migliorare continuamente i processi.<\/li>\n<\/ul>\n<p>[\/et_pb_accordion_item][et_pb_accordion_item title=&#8221;Disponibilit\u00e0 di informazioni in tempo reale&#8221; _builder_version=&#8221;4.25.2&#8243; _module_preset=&#8221;default&#8221; global_colors_info=&#8221;{}&#8221; open=&#8221;off&#8221;]<\/p>\n<ul>\n<li>Garantisce la disponibilit\u00e0 di informazioni ovunque nel mondo per un rapido processo decisionale.<\/li>\n<li>Centralizzazione dei dati per una risposta ottimale, indipendentemente dalla posizione.<\/li>\n<\/ul>\n<p>[\/et_pb_accordion_item][et_pb_accordion_item title=&#8221;Facile trasferimento delle informazioni&#8221; _builder_version=&#8221;4.25.2&#8243; _module_preset=&#8221;default&#8221; global_colors_info=&#8221;{}&#8221; open=&#8221;off&#8221;]<\/p>\n<ul>\n<li>Facilita il flusso di informazioni tra le parti interessate, compresi i clienti.<\/li>\n<li>Notifiche automatiche e dati centralizzati per un coordinamento efficiente e la soddisfazione dei clienti.<\/li>\n<\/ul>\n<p>[\/et_pb_accordion_item][et_pb_accordion_item title=&#8221;Interfaccia intuitiva&#8221; _builder_version=&#8221;4.25.2&#8243; _module_preset=&#8221;default&#8221; global_colors_info=&#8221;{}&#8221; open=&#8221;off&#8221;]<\/p>\n<ul>\n<li>Interfaccia di facile utilizzo per una rapida adozione da parte dei team, riducendo la necessit\u00e0 di una formazione approfondita.<\/li>\n<\/ul>\n<p>[\/et_pb_accordion_item][et_pb_accordion_item title=&#8221;Gestione ottimizzata delle rotture di carico&#8221; _builder_version=&#8221;4.25.2&#8243; _module_preset=&#8221;default&#8221; global_colors_info=&#8221;{}&#8221; open=&#8221;off&#8221;]<\/p>\n<ul>\n<li>Controlla efficacemente la rottura del carico per ridurre al minimo il rischio di danni.<\/li>\n<\/ul>\n<p>[\/et_pb_accordion_item][et_pb_accordion_item title=&#8221;Comunicazione trasparente&#8221; _builder_version=&#8221;4.25.2&#8243; _module_preset=&#8221;default&#8221; global_colors_info=&#8221;{}&#8221; open=&#8221;off&#8221;]<\/p>\n<ul>\n<li>Promuove uno stretto coordinamento e una comunicazione efficace tra le parti interessate.<\/li>\n<\/ul>\n<p>[\/et_pb_accordion_item][et_pb_accordion_item title=&#8221;Efficienza e riduzione dei costi&#8221; _builder_version=&#8221;4.25.2&#8243; _module_preset=&#8221;default&#8221; global_colors_info=&#8221;{}&#8221; open=&#8221;off&#8221;]<\/p>\n<ul>\n<li>Automazione per una gestione efficiente dei controlli di qualit\u00e0 e degli audit.<\/li>\n<li>Ispezioni a distanza per un risparmio significativo e una riduzione delle emissioni di CO2.<\/li>\n<\/ul>\n<p>[\/et_pb_accordion_item][et_pb_accordion_item title=&#8221;Ottimizzazione dei processi logistici&#8221; _builder_version=&#8221;4.25.2&#8243; _module_preset=&#8221;default&#8221; global_colors_info=&#8221;{}&#8221; open=&#8221;off&#8221;]<\/p>\n<ul>\n<li>Identifica e corregge le inefficienze per un miglioramento continuo e una maggiore affidabilit\u00e0 operativa.<\/li>\n<\/ul>\n<p>[\/et_pb_accordion_item][\/et_pb_accordion][\/et_pb_column][\/et_pb_row][et_pb_row _builder_version=&#8221;4.25.2&#8243; _module_preset=&#8221;default&#8221;][et_pb_column _builder_version=&#8221;4.25.2&#8243; _module_preset=&#8221;default&#8221; type=&#8221;4_4&#8243;][et_pb_button button_text=&#8221;PIANIFICARE UNA DEMO&#8221; _builder_version=&#8221;4.25.2&#8243; _module_preset=&#8221;default&#8221; button_url=&#8221;https:\/\/inspectogroup.com\/it\/contatto\/&#8221; button_alignment=&#8221;center&#8221; custom_button=&#8221;on&#8221; button_bg_color=&#8221;#002F5F&#8221; button_bg_enable_color=&#8221;on&#8221; button_use_icon=&#8221;off&#8221; sticky_position=&#8221;top_bottom&#8221; hover_enabled=&#8221;0&#8243; sticky_enabled=&#8221;0&#8243;][\/et_pb_button][\/et_pb_column][\/et_pb_row][\/et_pb_section]<\/p>\n","protected":false},"excerpt":{"rendered":"<p>Controlla e gestisce le rotture di carico nel trasporto internazionale. Assicura la completa tracciabilit\u00e0 delle merci per ridurre al minimo il rischio di perdite o danni. Esegue ispezioni di qualit\u00e0 a distanza senza bisogno di attrezzature speciali. Flessibilit\u00e0 per una rapida adozione e risparmio sui costi. Risponde rapidamente alle non conformit\u00e0 identificate durante le ispezioni [&hellip;]<\/p>\n","protected":false},"author":7,"featured_media":0,"parent":0,"menu_order":0,"comment_status":"closed","ping_status":"closed","template":"","meta":{"_et_pb_use_builder":"on","_et_pb_old_content":"","_et_gb_content_width":"","footnotes":""},"class_list":["post-391731","page","type-page","status-publish","hentry"],"yoast_head":"<!-- This site is optimized with the Yoast SEO plugin v27.6 - https:\/\/yoast.com\/product\/yoast-seo-wordpress\/ -->\n<title>Controllo qualit\u00e0 di trasporti e logistica | Software per ispezioni di sicurezza<\/title>\n<meta name=\"description\" content=\"Semplifica il controllo qualit\u00e0 di trasporti e logistica con il nostro software per ispezioni di sicurezza su Inspecto, inclusa la gestione delle interruzioni del carico e la non conformit\u00e0 in tempo reale.\" \/>\n<meta name=\"robots\" content=\"index, follow, max-snippet:-1, max-image-preview:large, max-video-preview:-1\" \/>\n<link rel=\"canonical\" href=\"https:\/\/inspectogroup.com\/secteur-transport-et-logistique\/\" \/>\n<meta property=\"og:locale\" content=\"it_IT\" \/>\n<meta property=\"og:type\" content=\"article\" \/>\n<meta property=\"og:title\" content=\"Controllo qualit\u00e0 di trasporti e logistica | Software per ispezioni di sicurezza\" \/>\n<meta property=\"og:description\" content=\"Semplifica il controllo qualit\u00e0 di trasporti e logistica con il nostro software per ispezioni di sicurezza su Inspecto, inclusa la gestione delle interruzioni del carico e la non conformit\u00e0 in tempo reale.\" \/>\n<meta property=\"og:url\" content=\"https:\/\/inspectogroup.com\/secteur-transport-et-logistique\/\" \/>\n<meta property=\"og:site_name\" content=\"INSPECTO GROUP\" \/>\n<meta property=\"article:modified_time\" content=\"2024-09-05T17:08:55+00:00\" \/>\n<meta name=\"twitter:card\" content=\"summary_large_image\" \/>\n<meta name=\"twitter:label1\" content=\"Tempo di lettura stimato\" \/>\n\t<meta name=\"twitter:data1\" content=\"2 minuti\" \/>\n<script type=\"application\/ld+json\" class=\"yoast-schema-graph\">{\"@context\":\"https:\\\/\\\/schema.org\",\"@graph\":[{\"@type\":\"WebPage\",\"@id\":\"https:\\\/\\\/inspectogroup.com\\\/secteur-transport-et-logistique\\\/\",\"url\":\"https:\\\/\\\/inspectogroup.com\\\/secteur-transport-et-logistique\\\/\",\"name\":\"Controllo qualit\u00e0 di trasporti e logistica | Software per ispezioni di sicurezza\",\"isPartOf\":{\"@id\":\"https:\\\/\\\/inspectogroup.com\\\/#website\"},\"datePublished\":\"2024-07-01T13:16:17+00:00\",\"dateModified\":\"2024-09-05T17:08:55+00:00\",\"description\":\"Semplifica il controllo qualit\u00e0 di trasporti e logistica con il nostro software per ispezioni di sicurezza su Inspecto, inclusa la gestione delle interruzioni del carico e la non conformit\u00e0 in tempo reale.\",\"breadcrumb\":{\"@id\":\"https:\\\/\\\/inspectogroup.com\\\/secteur-transport-et-logistique\\\/#breadcrumb\"},\"inLanguage\":\"it-IT\",\"potentialAction\":[{\"@type\":\"ReadAction\",\"target\":[\"https:\\\/\\\/inspectogroup.com\\\/secteur-transport-et-logistique\\\/\"]}]},{\"@type\":\"BreadcrumbList\",\"@id\":\"https:\\\/\\\/inspectogroup.com\\\/secteur-transport-et-logistique\\\/#breadcrumb\",\"itemListElement\":[{\"@type\":\"ListItem\",\"position\":1,\"name\":\"Accueil\",\"item\":\"https:\\\/\\\/inspectogroup.com\\\/it\\\/\"},{\"@type\":\"ListItem\",\"position\":2,\"name\":\"TRASPORTO &amp; LOGISTICA\"}]},{\"@type\":\"WebSite\",\"@id\":\"https:\\\/\\\/inspectogroup.com\\\/#website\",\"url\":\"https:\\\/\\\/inspectogroup.com\\\/\",\"name\":\"INSPECTO GROUP\",\"description\":\"Inspection, contr\u00f4les et audits digitalis\u00e9s!\",\"potentialAction\":[{\"@type\":\"SearchAction\",\"target\":{\"@type\":\"EntryPoint\",\"urlTemplate\":\"https:\\\/\\\/inspectogroup.com\\\/?s={search_term_string}\"},\"query-input\":{\"@type\":\"PropertyValueSpecification\",\"valueRequired\":true,\"valueName\":\"search_term_string\"}}],\"inLanguage\":\"it-IT\"}]}<\/script>\n<!-- \/ Yoast SEO plugin. -->","yoast_head_json":{"title":"Controllo qualit\u00e0 di trasporti e logistica | Software per ispezioni di sicurezza","description":"Semplifica il controllo qualit\u00e0 di trasporti e logistica con il nostro software per ispezioni di sicurezza su Inspecto, inclusa la gestione delle interruzioni del carico e la non conformit\u00e0 in tempo reale.","robots":{"index":"index","follow":"follow","max-snippet":"max-snippet:-1","max-image-preview":"max-image-preview:large","max-video-preview":"max-video-preview:-1"},"canonical":"https:\/\/inspectogroup.com\/secteur-transport-et-logistique\/","og_locale":"it_IT","og_type":"article","og_title":"Controllo qualit\u00e0 di trasporti e logistica | Software per ispezioni di sicurezza","og_description":"Semplifica il controllo qualit\u00e0 di trasporti e logistica con il nostro software per ispezioni di sicurezza su Inspecto, inclusa la gestione delle interruzioni del carico e la non conformit\u00e0 in tempo reale.","og_url":"https:\/\/inspectogroup.com\/secteur-transport-et-logistique\/","og_site_name":"INSPECTO GROUP","article_modified_time":"2024-09-05T17:08:55+00:00","twitter_card":"summary_large_image","twitter_misc":{"Tempo di lettura stimato":"2 minuti"},"schema":{"@context":"https:\/\/schema.org","@graph":[{"@type":"WebPage","@id":"https:\/\/inspectogroup.com\/secteur-transport-et-logistique\/","url":"https:\/\/inspectogroup.com\/secteur-transport-et-logistique\/","name":"Controllo qualit\u00e0 di trasporti e logistica | Software per ispezioni di sicurezza","isPartOf":{"@id":"https:\/\/inspectogroup.com\/#website"},"datePublished":"2024-07-01T13:16:17+00:00","dateModified":"2024-09-05T17:08:55+00:00","description":"Semplifica il controllo qualit\u00e0 di trasporti e logistica con il nostro software per ispezioni di sicurezza su Inspecto, inclusa la gestione delle interruzioni del carico e la non conformit\u00e0 in tempo reale.","breadcrumb":{"@id":"https:\/\/inspectogroup.com\/secteur-transport-et-logistique\/#breadcrumb"},"inLanguage":"it-IT","potentialAction":[{"@type":"ReadAction","target":["https:\/\/inspectogroup.com\/secteur-transport-et-logistique\/"]}]},{"@type":"BreadcrumbList","@id":"https:\/\/inspectogroup.com\/secteur-transport-et-logistique\/#breadcrumb","itemListElement":[{"@type":"ListItem","position":1,"name":"Accueil","item":"https:\/\/inspectogroup.com\/it\/"},{"@type":"ListItem","position":2,"name":"TRASPORTO &amp; LOGISTICA"}]},{"@type":"WebSite","@id":"https:\/\/inspectogroup.com\/#website","url":"https:\/\/inspectogroup.com\/","name":"INSPECTO GROUP","description":"Inspection, contr\u00f4les et audits digitalis\u00e9s!","potentialAction":[{"@type":"SearchAction","target":{"@type":"EntryPoint","urlTemplate":"https:\/\/inspectogroup.com\/?s={search_term_string}"},"query-input":{"@type":"PropertyValueSpecification","valueRequired":true,"valueName":"search_term_string"}}],"inLanguage":"it-IT"}]}},"_links":{"self":[{"href":"https:\/\/inspectogroup.com\/it\/wp-json\/wp\/v2\/pages\/391731","targetHints":{"allow":["GET"]}}],"collection":[{"href":"https:\/\/inspectogroup.com\/it\/wp-json\/wp\/v2\/pages"}],"about":[{"href":"https:\/\/inspectogroup.com\/it\/wp-json\/wp\/v2\/types\/page"}],"author":[{"embeddable":true,"href":"https:\/\/inspectogroup.com\/it\/wp-json\/wp\/v2\/users\/7"}],"replies":[{"embeddable":true,"href":"https:\/\/inspectogroup.com\/it\/wp-json\/wp\/v2\/comments?post=391731"}],"version-history":[{"count":10,"href":"https:\/\/inspectogroup.com\/it\/wp-json\/wp\/v2\/pages\/391731\/revisions"}],"predecessor-version":[{"id":392034,"href":"https:\/\/inspectogroup.com\/it\/wp-json\/wp\/v2\/pages\/391731\/revisions\/392034"}],"wp:attachment":[{"href":"https:\/\/inspectogroup.com\/it\/wp-json\/wp\/v2\/media?parent=391731"}],"curies":[{"name":"wp","href":"https:\/\/api.w.org\/{rel}","templated":true}]}}