{"id":391676,"date":"2024-06-26T15:26:17","date_gmt":"2024-06-26T15:26:17","guid":{"rendered":"https:\/\/inspectogroup.com\/faq\/"},"modified":"2024-07-08T16:02:11","modified_gmt":"2024-07-08T16:02:11","slug":"faq","status":"publish","type":"page","link":"https:\/\/inspectogroup.com\/it\/faq\/","title":{"rendered":"FAQ"},"content":{"rendered":"<p>[et_pb_section fb_built=&#8221;1&#8243; admin_label=&#8221;HEADER&#8221; _builder_version=&#8221;4.25.2&#8243; use_background_color_gradient=&#8221;on&#8221; background_color_gradient_stops=&#8221;rgba(17,23,42,0.41) 0%|rgba(17,23,42,0.22) 100%&#8221; background_color_gradient_overlays_image=&#8221;on&#8221; background_image=&#8221;https:\/\/inspectogroup.com\/wp-content\/uploads\/2024\/02\/CW-s10_avec-logiciel-inspecto.png&#8221; global_colors_info=&#8221;{}&#8221;][et_pb_row _builder_version=&#8221;4.25.2&#8243; background_size=&#8221;initial&#8221; background_position=&#8221;top_left&#8221; background_repeat=&#8221;repeat&#8221; custom_padding=&#8221;5vw||5vw|&#8221; hover_enabled=&#8221;0&#8243; global_colors_info=&#8221;{}&#8221; z_index=&#8221;1&#8243; sticky_enabled=&#8221;0&#8243;][et_pb_column type=&#8221;4_4&#8243; _builder_version=&#8221;4.16&#8243; background_position=&#8221;top_left&#8221; custom_padding=&#8221;|||&#8221; global_colors_info=&#8221;{}&#8221; custom_padding__hover=&#8221;|||&#8221;][et_pb_cta title=&#8221;FAQ&#8221; admin_label=&#8221;Content Page White&#8221; _builder_version=&#8221;4.25.2&#8243; header_font=&#8221;|700||on|||||&#8221; header_font_size=&#8221;70&#8243; use_background_color=&#8221;off&#8221; hover_enabled=&#8221;0&#8243; header_font_size_tablet=&#8221;52&#8243; header_font_size_phone=&#8221;40&#8243; header_font_size_last_edited=&#8221;on|phone&#8221; custom_css_promo_description=&#8221;padding-bottom: 0;&#8221; custom_css_promo_title=&#8221; font-weight: 300;||padding-bottom: 0;&#8221; global_colors_info=&#8221;{}&#8221; button_text_size__hover_enabled=&#8221;off&#8221; button_one_text_size__hover_enabled=&#8221;off&#8221; button_two_text_size__hover_enabled=&#8221;off&#8221; button_text_color__hover_enabled=&#8221;off&#8221; button_one_text_color__hover_enabled=&#8221;off&#8221; button_two_text_color__hover_enabled=&#8221;off&#8221; button_border_width__hover_enabled=&#8221;off&#8221; button_one_border_width__hover_enabled=&#8221;off&#8221; button_two_border_width__hover_enabled=&#8221;off&#8221; button_border_color__hover_enabled=&#8221;off&#8221; button_one_border_color__hover_enabled=&#8221;off&#8221; button_two_border_color__hover_enabled=&#8221;off&#8221; button_border_radius__hover_enabled=&#8221;off&#8221; button_one_border_radius__hover_enabled=&#8221;off&#8221; button_two_border_radius__hover_enabled=&#8221;off&#8221; button_letter_spacing__hover_enabled=&#8221;off&#8221; button_one_letter_spacing__hover_enabled=&#8221;off&#8221; button_two_letter_spacing__hover_enabled=&#8221;off&#8221; button_bg_color__hover_enabled=&#8221;off&#8221; button_one_bg_color__hover_enabled=&#8221;off&#8221; button_two_bg_color__hover_enabled=&#8221;off&#8221; z_index=&#8221;1&#8243; sticky_enabled=&#8221;0&#8243;][\/et_pb_cta][\/et_pb_column][\/et_pb_row][\/et_pb_section][et_pb_section fb_built=&#8221;1&#8243; _builder_version=&#8221;4.25.2&#8243; _module_preset=&#8221;default&#8221; global_colors_info=&#8221;{}&#8221;][et_pb_row _builder_version=&#8221;4.25.2&#8243; _module_preset=&#8221;default&#8221; hover_enabled=&#8221;0&#8243; global_colors_info=&#8221;{}&#8221; z_index=&#8221;1&#8243; sticky_enabled=&#8221;0&#8243;][et_pb_column type=&#8221;4_4&#8243; _builder_version=&#8221;4.25.2&#8243; _module_preset=&#8221;default&#8221; global_colors_info=&#8221;{}&#8221;][et_pb_accordion _builder_version=&#8221;4.25.2&#8243; _module_preset=&#8221;default&#8221; global_colors_info=&#8221;{}&#8221;][et_pb_accordion_item title=&#8221;Quanto tempo e denaro risparmier\u00f2?&#8221; _builder_version=&#8221;4.25.2&#8243; _module_preset=&#8221;default&#8221; global_colors_info=&#8221;{}&#8221; open=&#8221;on&#8221;]<\/p>\n<ul>\n<li>Risparmierete molte ore durante tutto il processo, in particolare durante le ispezioni, la raccolta dei dati, l&#8217;elaborazione e la circolazione delle informazioni tra i vostri reparti e la stesura dei rapporti. Queste ore si traducono direttamente in euro, con un aumento dell&#8217;efficienza di almeno il 30% nell&#8217;intero ciclo della qualit\u00e0. Questo rappresenta un risparmio sostanziale. Ad esempio, un&#8217;azienda con un reparto qualit\u00e0 di tre persone pu\u00f2 risparmiare almeno 30.000 euro all&#8217;anno. I risparmi aumentano con le dimensioni dell&#8217;azienda.<\/li>\n<\/ul>\n<p>[\/et_pb_accordion_item][et_pb_accordion_item title=&#8221;\u00c8 complicato da configurare?&#8221; _builder_version=&#8221;4.25.2&#8243; _module_preset=&#8221;default&#8221; global_colors_info=&#8221;{}&#8221; open=&#8221;off&#8221;]<\/p>\n<ul>\n<li>No, \u00e8 molto semplice. Il software pu\u00f2 essere installato sui vostri server interni o sul cloud AWS. Per padroneggiare lo strumento bastano poche ore di formazione, con sessioni disponibili in loco o online. Sono disponibili anche video di esercitazione online.<\/li>\n<\/ul>\n<p>[\/et_pb_accordion_item][et_pb_accordion_item title=&#8221;Possiamo interfacciare Inspecto DQI con i nostri strumenti esistenti?&#8221; _builder_version=&#8221;4.25.2&#8243; _module_preset=&#8221;default&#8221; global_colors_info=&#8221;{}&#8221; open=&#8221;off&#8221;]<\/p>\n<ul>\n<li>S\u00ec, \u00e8 estremamente semplice. Il software dispone di connettori API che consentono di integrare gli strumenti esistenti e di far circolare le informazioni senza problemi.<\/li>\n<\/ul>\n<p>[\/et_pb_accordion_item][et_pb_accordion_item title=&#8221;Quanti dati possono essere memorizzati?&#8221; _builder_version=&#8221;4.25.2&#8243; _module_preset=&#8221;default&#8221; global_colors_info=&#8221;{}&#8221; open=&#8221;off&#8221;]<\/p>\n<ul>\n<li>Non c&#8217;\u00e8 limite di archiviazione, il volume \u00e8 illimitato ed il costo \u00e8 molto accessibile.<\/li>\n<\/ul>\n<p>[\/et_pb_accordion_item][et_pb_accordion_item title=&#8221;Dove sono ospitati i dati?&#8221; _builder_version=&#8221;4.25.2&#8243; _module_preset=&#8221;default&#8221; global_colors_info=&#8221;{}&#8221; open=&#8221;off&#8221;]<\/p>\n<ul>\n<li>I dati sono ospitati di default su AWS, un server a Parigi Ouest, rinomato per la sua sicurezza. \u00c8 approvato dalle autorit\u00e0 francesi, comprese quelle del settore medico.<\/li>\n<\/ul>\n<p>[\/et_pb_accordion_item][et_pb_accordion_item title=&#8221;Possiamo installare Inspecto DQI sul nostro server?&#8221; _builder_version=&#8221;4.25.2&#8243; _module_preset=&#8221;default&#8221; global_colors_info=&#8221;{}&#8221; open=&#8221;off&#8221;]<\/p>\n<ul>\n<li>S\u00ec, possiamo installare il software sul vostro server in base alle vostre esigenze.<\/li>\n<\/ul>\n<p>[\/et_pb_accordion_item][et_pb_accordion_item title=&#8221;\u00c8 possibile assegnare diritti diversi ai membri del team per ogni progetto?&#8221; _builder_version=&#8221;4.25.2&#8243; _module_preset=&#8221;default&#8221; global_colors_info=&#8221;{}&#8221; open=&#8221;off&#8221;]<\/p>\n<ul>\n<li>Assolutamente s\u00ec. \u00c8 possibile definire i diritti di accesso, visualizzazione e modifica per ciascun membro del team, che possono variare a seconda delle attivit\u00e0 monitorate.<\/li>\n<\/ul>\n<p>[\/et_pb_accordion_item][et_pb_accordion_item title=&#8221;Quali sono le tariffe di Inspecto DQI?&#8221; _builder_version=&#8221;4.25.2&#8243; _module_preset=&#8221;default&#8221; global_colors_info=&#8221;{}&#8221; open=&#8221;off&#8221;]<\/p>\n<ul>\n<li>I prezzi partono da 49 euro al mese per utente. Grazie al tempo risparmiato, il software si ripaga da solo non appena si inizia ad usarlo.<\/li>\n<\/ul>\n<p>[\/et_pb_accordion_item][\/et_pb_accordion][\/et_pb_column][\/et_pb_row][et_pb_row _builder_version=&#8221;4.25.2&#8243; _module_preset=&#8221;default&#8221;][et_pb_column _builder_version=&#8221;4.25.2&#8243; _module_preset=&#8221;default&#8221; type=&#8221;4_4&#8243;][et_pb_button button_text=&#8221;PIANIFICARE UNA DEMO&#8221; _builder_version=&#8221;4.25.2&#8243; _module_preset=&#8221;default&#8221; button_url=&#8221;https:\/\/inspectogroup.com\/it\/contatto\/&#8221; button_alignment=&#8221;center&#8221; custom_button=&#8221;on&#8221; button_bg_color=&#8221;#002F5F&#8221; button_bg_enable_color=&#8221;on&#8221; button_use_icon=&#8221;off&#8221; sticky_position=&#8221;top_bottom&#8221; hover_enabled=&#8221;0&#8243; sticky_enabled=&#8221;0&#8243;][\/et_pb_button][\/et_pb_column][\/et_pb_row][\/et_pb_section]<\/p>\n","protected":false},"excerpt":{"rendered":"<p>Risparmierete molte ore durante tutto il processo, in particolare durante le ispezioni, la raccolta dei dati, l&#8217;elaborazione e la circolazione delle informazioni tra i vostri reparti e la stesura dei rapporti. Queste ore si traducono direttamente in euro, con un aumento dell&#8217;efficienza di almeno il 30% nell&#8217;intero ciclo della qualit\u00e0. Questo rappresenta un risparmio sostanziale. [&hellip;]<\/p>\n","protected":false},"author":7,"featured_media":0,"parent":0,"menu_order":0,"comment_status":"closed","ping_status":"closed","template":"","meta":{"_et_pb_use_builder":"on","_et_pb_old_content":"","_et_gb_content_width":"","footnotes":""},"class_list":["post-391676","page","type-page","status-publish","hentry"],"yoast_head":"<!-- This site is optimized with the Yoast SEO plugin v27.6 - https:\/\/yoast.com\/product\/yoast-seo-wordpress\/ -->\n<title>FAQ - INSPECTO GROUP<\/title>\n<meta name=\"description\" content=\"Le nostre FAQ rispondono alle domande pi\u00f9 frequenti, quindi non esitate a consultare questa pagina.\" \/>\n<meta name=\"robots\" content=\"index, follow, max-snippet:-1, max-image-preview:large, max-video-preview:-1\" \/>\n<link rel=\"canonical\" href=\"https:\/\/inspectogroup.com\/faq\/\" \/>\n<meta property=\"og:locale\" content=\"it_IT\" \/>\n<meta property=\"og:type\" content=\"article\" \/>\n<meta property=\"og:title\" content=\"FAQ - INSPECTO GROUP\" \/>\n<meta property=\"og:description\" content=\"Le nostre FAQ rispondono alle domande pi\u00f9 frequenti, quindi non esitate a consultare questa pagina.\" \/>\n<meta property=\"og:url\" content=\"https:\/\/inspectogroup.com\/faq\/\" \/>\n<meta property=\"og:site_name\" content=\"INSPECTO GROUP\" \/>\n<meta property=\"article:modified_time\" content=\"2024-07-08T16:02:11+00:00\" \/>\n<meta name=\"twitter:card\" content=\"summary_large_image\" \/>\n<meta name=\"twitter:label1\" content=\"Tempo di lettura stimato\" \/>\n\t<meta name=\"twitter:data1\" content=\"4 minuti\" \/>\n<script type=\"application\/ld+json\" class=\"yoast-schema-graph\">{\"@context\":\"https:\\\/\\\/schema.org\",\"@graph\":[{\"@type\":\"WebPage\",\"@id\":\"https:\\\/\\\/inspectogroup.com\\\/faq\\\/\",\"url\":\"https:\\\/\\\/inspectogroup.com\\\/faq\\\/\",\"name\":\"FAQ - INSPECTO GROUP\",\"isPartOf\":{\"@id\":\"https:\\\/\\\/inspectogroup.com\\\/#website\"},\"datePublished\":\"2024-06-26T15:26:17+00:00\",\"dateModified\":\"2024-07-08T16:02:11+00:00\",\"description\":\"Le nostre FAQ rispondono alle domande pi\u00f9 frequenti, quindi non esitate a consultare questa pagina.\",\"breadcrumb\":{\"@id\":\"https:\\\/\\\/inspectogroup.com\\\/faq\\\/#breadcrumb\"},\"inLanguage\":\"it-IT\",\"potentialAction\":[{\"@type\":\"ReadAction\",\"target\":[\"https:\\\/\\\/inspectogroup.com\\\/faq\\\/\"]}]},{\"@type\":\"BreadcrumbList\",\"@id\":\"https:\\\/\\\/inspectogroup.com\\\/faq\\\/#breadcrumb\",\"itemListElement\":[{\"@type\":\"ListItem\",\"position\":1,\"name\":\"Accueil\",\"item\":\"https:\\\/\\\/inspectogroup.com\\\/it\\\/\"},{\"@type\":\"ListItem\",\"position\":2,\"name\":\"FAQ\"}]},{\"@type\":\"WebSite\",\"@id\":\"https:\\\/\\\/inspectogroup.com\\\/#website\",\"url\":\"https:\\\/\\\/inspectogroup.com\\\/\",\"name\":\"INSPECTO GROUP\",\"description\":\"Inspection, contr\u00f4les et audits digitalis\u00e9s!\",\"potentialAction\":[{\"@type\":\"SearchAction\",\"target\":{\"@type\":\"EntryPoint\",\"urlTemplate\":\"https:\\\/\\\/inspectogroup.com\\\/?s={search_term_string}\"},\"query-input\":{\"@type\":\"PropertyValueSpecification\",\"valueRequired\":true,\"valueName\":\"search_term_string\"}}],\"inLanguage\":\"it-IT\"}]}<\/script>\n<!-- \/ Yoast SEO plugin. -->","yoast_head_json":{"title":"FAQ - INSPECTO GROUP","description":"Le nostre FAQ rispondono alle domande pi\u00f9 frequenti, quindi non esitate a consultare questa pagina.","robots":{"index":"index","follow":"follow","max-snippet":"max-snippet:-1","max-image-preview":"max-image-preview:large","max-video-preview":"max-video-preview:-1"},"canonical":"https:\/\/inspectogroup.com\/faq\/","og_locale":"it_IT","og_type":"article","og_title":"FAQ - INSPECTO GROUP","og_description":"Le nostre FAQ rispondono alle domande pi\u00f9 frequenti, quindi non esitate a consultare questa pagina.","og_url":"https:\/\/inspectogroup.com\/faq\/","og_site_name":"INSPECTO GROUP","article_modified_time":"2024-07-08T16:02:11+00:00","twitter_card":"summary_large_image","twitter_misc":{"Tempo di lettura stimato":"4 minuti"},"schema":{"@context":"https:\/\/schema.org","@graph":[{"@type":"WebPage","@id":"https:\/\/inspectogroup.com\/faq\/","url":"https:\/\/inspectogroup.com\/faq\/","name":"FAQ - INSPECTO GROUP","isPartOf":{"@id":"https:\/\/inspectogroup.com\/#website"},"datePublished":"2024-06-26T15:26:17+00:00","dateModified":"2024-07-08T16:02:11+00:00","description":"Le nostre FAQ rispondono alle domande pi\u00f9 frequenti, quindi non esitate a consultare questa pagina.","breadcrumb":{"@id":"https:\/\/inspectogroup.com\/faq\/#breadcrumb"},"inLanguage":"it-IT","potentialAction":[{"@type":"ReadAction","target":["https:\/\/inspectogroup.com\/faq\/"]}]},{"@type":"BreadcrumbList","@id":"https:\/\/inspectogroup.com\/faq\/#breadcrumb","itemListElement":[{"@type":"ListItem","position":1,"name":"Accueil","item":"https:\/\/inspectogroup.com\/it\/"},{"@type":"ListItem","position":2,"name":"FAQ"}]},{"@type":"WebSite","@id":"https:\/\/inspectogroup.com\/#website","url":"https:\/\/inspectogroup.com\/","name":"INSPECTO GROUP","description":"Inspection, contr\u00f4les et audits digitalis\u00e9s!","potentialAction":[{"@type":"SearchAction","target":{"@type":"EntryPoint","urlTemplate":"https:\/\/inspectogroup.com\/?s={search_term_string}"},"query-input":{"@type":"PropertyValueSpecification","valueRequired":true,"valueName":"search_term_string"}}],"inLanguage":"it-IT"}]}},"_links":{"self":[{"href":"https:\/\/inspectogroup.com\/it\/wp-json\/wp\/v2\/pages\/391676","targetHints":{"allow":["GET"]}}],"collection":[{"href":"https:\/\/inspectogroup.com\/it\/wp-json\/wp\/v2\/pages"}],"about":[{"href":"https:\/\/inspectogroup.com\/it\/wp-json\/wp\/v2\/types\/page"}],"author":[{"embeddable":true,"href":"https:\/\/inspectogroup.com\/it\/wp-json\/wp\/v2\/users\/7"}],"replies":[{"embeddable":true,"href":"https:\/\/inspectogroup.com\/it\/wp-json\/wp\/v2\/comments?post=391676"}],"version-history":[{"count":2,"href":"https:\/\/inspectogroup.com\/it\/wp-json\/wp\/v2\/pages\/391676\/revisions"}],"predecessor-version":[{"id":391678,"href":"https:\/\/inspectogroup.com\/it\/wp-json\/wp\/v2\/pages\/391676\/revisions\/391678"}],"wp:attachment":[{"href":"https:\/\/inspectogroup.com\/it\/wp-json\/wp\/v2\/media?parent=391676"}],"curies":[{"name":"wp","href":"https:\/\/api.w.org\/{rel}","templated":true}]}}