{"id":391670,"date":"2024-06-26T12:39:24","date_gmt":"2024-06-26T12:39:24","guid":{"rendered":"https:\/\/inspectogroup.com\/chimica\/"},"modified":"2024-09-05T17:50:38","modified_gmt":"2024-09-05T17:50:38","slug":"chimical","status":"publish","type":"page","link":"https:\/\/inspectogroup.com\/it\/chimical\/","title":{"rendered":"CHIMICA"},"content":{"rendered":"<p>[et_pb_section fb_built=&#8221;1&#8243; admin_label=&#8221;HEADER&#8221; _builder_version=&#8221;4.25.2&#8243; background_image=&#8221;https:\/\/inspectogroup.com\/wp-content\/uploads\/2022\/12\/pharma-1.jpg&#8221; global_colors_info=&#8221;{}&#8221;][et_pb_row _builder_version=&#8221;4.25.2&#8243; background_size=&#8221;initial&#8221; background_position=&#8221;top_left&#8221; background_repeat=&#8221;repeat&#8221; z_index=&#8221;1&#8243; custom_padding=&#8221;5vw||5vw|&#8221; global_colors_info=&#8221;{}&#8221;][et_pb_column type=&#8221;4_4&#8243; _builder_version=&#8221;4.16&#8243; background_position=&#8221;top_left&#8221; custom_padding=&#8221;|||&#8221; global_colors_info=&#8221;{}&#8221; custom_padding__hover=&#8221;|||&#8221;][et_pb_cta title=&#8221;Settore Chimica&#8221; admin_label=&#8221;Content Page White&#8221; _builder_version=&#8221;4.25.2&#8243; header_level=&#8221;h1&#8243; header_font=&#8221;|700||on|||||&#8221; header_font_size=&#8221;70&#8243; use_background_color=&#8221;off&#8221; z_index=&#8221;1&#8243; header_font_size_tablet=&#8221;52&#8243; header_font_size_phone=&#8221;40&#8243; header_font_size_last_edited=&#8221;on|phone&#8221; custom_css_promo_description=&#8221;padding-bottom: 0;&#8221; custom_css_promo_title=&#8221; font-weight: 300;||padding-bottom: 0;&#8221; global_colors_info=&#8221;{}&#8221; button_text_size__hover_enabled=&#8221;off&#8221; button_one_text_size__hover_enabled=&#8221;off&#8221; button_two_text_size__hover_enabled=&#8221;off&#8221; button_text_color__hover_enabled=&#8221;off&#8221; button_one_text_color__hover_enabled=&#8221;off&#8221; button_two_text_color__hover_enabled=&#8221;off&#8221; button_border_width__hover_enabled=&#8221;off&#8221; button_one_border_width__hover_enabled=&#8221;off&#8221; button_two_border_width__hover_enabled=&#8221;off&#8221; button_border_color__hover_enabled=&#8221;off&#8221; button_one_border_color__hover_enabled=&#8221;off&#8221; button_two_border_color__hover_enabled=&#8221;off&#8221; button_border_radius__hover_enabled=&#8221;off&#8221; button_one_border_radius__hover_enabled=&#8221;off&#8221; button_two_border_radius__hover_enabled=&#8221;off&#8221; button_letter_spacing__hover_enabled=&#8221;off&#8221; button_one_letter_spacing__hover_enabled=&#8221;off&#8221; button_two_letter_spacing__hover_enabled=&#8221;off&#8221; button_bg_color__hover_enabled=&#8221;off&#8221; button_one_bg_color__hover_enabled=&#8221;off&#8221; button_two_bg_color__hover_enabled=&#8221;off&#8221;][\/et_pb_cta][\/et_pb_column][\/et_pb_row][\/et_pb_section][et_pb_section fb_built=&#8221;1&#8243; _builder_version=&#8221;4.25.2&#8243; _module_preset=&#8221;default&#8221; global_colors_info=&#8221;{}&#8221;][et_pb_row _builder_version=&#8221;4.25.2&#8243; _module_preset=&#8221;default&#8221; z_index=&#8221;1&#8243; hover_enabled=&#8221;0&#8243; global_colors_info=&#8221;{}&#8221; sticky_enabled=&#8221;0&#8243;][et_pb_column type=&#8221;4_4&#8243; _builder_version=&#8221;4.25.2&#8243; _module_preset=&#8221;default&#8221; global_colors_info=&#8221;{}&#8221;][et_pb_accordion _builder_version=&#8221;4.25.2&#8243; _module_preset=&#8221;default&#8221; hover_enabled=&#8221;0&#8243; global_colors_info=&#8221;{}&#8221; z_index=&#8221;1&#8243; sticky_enabled=&#8221;0&#8243;][et_pb_accordion_item title=&#8221;Gestione delle CAPA in tempo reale&#8221; open=&#8221;on&#8221; _builder_version=&#8221;4.25.2&#8243; _module_preset=&#8221;default&#8221; global_colors_info=&#8221;{}&#8221;]<\/p>\n<ul>\n<li>Risposta rapida alle CAPA (Azioni Correttive Preventive) rilevate durante gli audit e i controlli di qualit\u00e0.<\/li>\n<li>Avvisi automatici per un&#8217;azione immediata, riducendo il rischio di non conformit\u00e0.<\/li>\n<\/ul>\n<p>[\/et_pb_accordion_item][et_pb_accordion_item title=&#8221;Monitoraggio delle materie prime&#8221; _builder_version=&#8221;4.25.2&#8243; _module_preset=&#8221;default&#8221; global_colors_info=&#8221;{}&#8221; open=&#8221;off&#8221;]<\/p>\n<ul>\n<li>Monitoraggio e controllo di ogni lotto al ricevimento, per garantire la conformit\u00e0 alle specifiche.<\/li>\n<li>Tracciabilit\u00e0 completa per individuare e correggere rapidamente eventuali anomalie.<\/li>\n<\/ul>\n<p>[\/et_pb_accordion_item][et_pb_accordion_item title=&#8221;Monitoraggio del processo di produzione&#8221; _builder_version=&#8221;4.25.2&#8243; _module_preset=&#8221;default&#8221; global_colors_info=&#8221;{}&#8221; open=&#8221;off&#8221;]<\/p>\n<ul>\n<li>Monitoraggio in tempo reale di ogni fase del processo, per garantire la conformit\u00e0 agli standard di qualit\u00e0 e sicurezza.<\/li>\n<li>Analisi continua dei dati per ottimizzare i processi e prevenire gli errori.<\/li>\n<\/ul>\n<p>[\/et_pb_accordion_item][et_pb_accordion_item title=&#8221;Audit dei fornitori&#8221; _builder_version=&#8221;4.25.2&#8243; _module_preset=&#8221;default&#8221; global_colors_info=&#8221;{}&#8221; open=&#8221;off&#8221;]<\/p>\n<ul>\n<li>Gestione e documentazione completa degli audit dei fornitori per una trasparenza totale.<\/li>\n<li>Rapporti di audit automatizzati per aiutare a valutare e migliorare le prestazioni dei fornitori.<\/li>\n<\/ul>\n<p>[\/et_pb_accordion_item][et_pb_accordion_item title=&#8221;Interfaccia intuitiva&#8221; _builder_version=&#8221;4.25.2&#8243; _module_preset=&#8221;default&#8221; global_colors_info=&#8221;{}&#8221; open=&#8221;off&#8221;]<\/p>\n<ul>\n<li>L&#8217;interfaccia intuitiva facilita il rapido utilizzo da parte dei team, riducendo la necessit\u00e0 di una formazione approfondita.<\/li>\n<\/ul>\n<p>&nbsp;<\/p>\n<p>[\/et_pb_accordion_item][et_pb_accordion_item title=&#8221;Reporting e analisi automatizzati&#8221; _builder_version=&#8221;4.25.2&#8243; _module_preset=&#8221;default&#8221; hover_enabled=&#8221;0&#8243; global_colors_info=&#8221;{}&#8221; open=&#8221;off&#8221; sticky_enabled=&#8221;0&#8243;]<\/p>\n<ul>\n<li>Reporting dettagliato in linea con i requisiti normativi.<\/li>\n<li>Analisi dei dati per identificare le tendenze e migliorare continuamente i processi di qualit\u00e0.<\/li>\n<\/ul>\n<p>[\/et_pb_accordion_item][et_pb_accordion_item title=&#8221;Efficienza e riduzione dei costi&#8221; _builder_version=&#8221;4.25.2&#8243; _module_preset=&#8221;default&#8221; global_colors_info=&#8221;{}&#8221; open=&#8221;off&#8221;]<\/p>\n<ul>\n<li>L&#8217;automazione dei processi di qualit\u00e0 riduce il tempo e le risorse necessarie per gestire i controlli di qualit\u00e0 e gli audit dei fornitori.<\/li>\n<\/ul>\n<p>[\/et_pb_accordion_item][et_pb_accordion_item title=&#8221;Facile integrazione&#8221; _builder_version=&#8221;4.25.2&#8243; _module_preset=&#8221;default&#8221; global_colors_info=&#8221;{}&#8221; open=&#8221;off&#8221;]<\/p>\n<ul>\n<li>Integrazione con i sistemi di gestione della qualit\u00e0 esistenti (ERP, MES) per una transizione graduale alla digitalizzazione.<\/li>\n<li>Interoperabilit\u00e0 per garantire la centralizzazione e l&#8217;accessibilit\u00e0 dei dati.<\/li>\n<\/ul>\n<p>[\/et_pb_accordion_item][et_pb_accordion_item title=&#8221;Migliorare la conformit\u00e0 normativa&#8221; _builder_version=&#8221;4.25.2&#8243; _module_preset=&#8221;default&#8221; global_colors_info=&#8221;{}&#8221; open=&#8221;off&#8221;]<\/p>\n<ul>\n<li>La gestione proattiva delle CAPA garantisce la rigorosa conformit\u00e0 alle normative internazionali.<\/li>\n<\/ul>\n<p>[\/et_pb_accordion_item][et_pb_accordion_item title=&#8221;Ottimizzazione del processo&#8221; _builder_version=&#8221;4.25.2&#8243; _module_preset=&#8221;default&#8221; global_colors_info=&#8221;{}&#8221; open=&#8221;off&#8221;]<\/p>\n<ul>\n<li>Reporting dettagliato e analisi dei dati ottimizzano i processi di produzione e di gestione dei fornitori, identificando e correggendo le inefficienze per un miglioramento continuo.<\/li>\n<\/ul>\n<p>[\/et_pb_accordion_item][\/et_pb_accordion][\/et_pb_column][\/et_pb_row][et_pb_row _builder_version=&#8221;4.25.2&#8243; _module_preset=&#8221;default&#8221; global_colors_info=&#8221;{}&#8221;][et_pb_column type=&#8221;4_4&#8243; _builder_version=&#8221;4.25.2&#8243; _module_preset=&#8221;default&#8221; global_colors_info=&#8221;{}&#8221;][et_pb_button button_url=&#8221;https:\/\/inspectogroup.com\/it\/contatto\/&#8221; button_text=&#8221;PIANIFICARE UNA DEMO&#8221; button_alignment=&#8221;center&#8221; _builder_version=&#8221;4.25.2&#8243; _module_preset=&#8221;default&#8221; custom_button=&#8221;on&#8221; button_bg_color=&#8221;#002F5F&#8221; button_use_icon=&#8221;off&#8221; sticky_position=&#8221;top_bottom&#8221; global_colors_info=&#8221;{}&#8221;][\/et_pb_button][\/et_pb_column][\/et_pb_row][\/et_pb_section]<\/p>\n","protected":false},"excerpt":{"rendered":"<p>Risposta rapida alle CAPA (Azioni Correttive Preventive) rilevate durante gli audit e i controlli di qualit\u00e0. Avvisi automatici per un&#8217;azione immediata, riducendo il rischio di non conformit\u00e0. Monitoraggio e controllo di ogni lotto al ricevimento, per garantire la conformit\u00e0 alle specifiche. Tracciabilit\u00e0 completa per individuare e correggere rapidamente eventuali anomalie. Monitoraggio in tempo reale di [&hellip;]<\/p>\n","protected":false},"author":7,"featured_media":388590,"parent":0,"menu_order":0,"comment_status":"closed","ping_status":"closed","template":"","meta":{"_et_pb_use_builder":"on","_et_pb_old_content":"","_et_gb_content_width":"","footnotes":""},"class_list":["post-391670","page","type-page","status-publish","has-post-thumbnail","hentry"],"yoast_head":"<!-- This site is optimized with the Yoast SEO plugin v27.5 - https:\/\/yoast.com\/product\/yoast-seo-wordpress\/ -->\n<title>Software per ispezioni nel settore chimico, audit e controllo qualit\u00e0<\/title>\n<meta name=\"description\" content=\"Migliora il controllo qualit\u00e0 nel settore chimico con il software per ispezioni di inspecto. Fornisce gestione CAPA in tempo reale, reporting automatizzato e audit di sicurezza.\" \/>\n<meta name=\"robots\" content=\"index, follow, max-snippet:-1, max-image-preview:large, max-video-preview:-1\" \/>\n<link rel=\"canonical\" href=\"https:\/\/inspectogroup.com\/secteur-chimie\/\" \/>\n<meta property=\"og:locale\" content=\"it_IT\" \/>\n<meta property=\"og:type\" content=\"article\" \/>\n<meta property=\"og:title\" content=\"Software per ispezioni nel settore chimico, audit e controllo qualit\u00e0\" \/>\n<meta property=\"og:description\" content=\"Migliora il controllo qualit\u00e0 nel settore chimico con il software per ispezioni di inspecto. Fornisce gestione CAPA in tempo reale, reporting automatizzato e audit di sicurezza.\" \/>\n<meta property=\"og:url\" content=\"https:\/\/inspectogroup.com\/secteur-chimie\/\" \/>\n<meta property=\"og:site_name\" content=\"INSPECTO GROUP\" \/>\n<meta property=\"article:modified_time\" content=\"2024-09-05T17:50:38+00:00\" \/>\n<meta name=\"twitter:card\" content=\"summary_large_image\" \/>\n<meta name=\"twitter:label1\" content=\"Tempo di lettura stimato\" \/>\n\t<meta name=\"twitter:data1\" content=\"2 minuti\" \/>\n<script type=\"application\/ld+json\" class=\"yoast-schema-graph\">{\"@context\":\"https:\\\/\\\/schema.org\",\"@graph\":[{\"@type\":\"WebPage\",\"@id\":\"https:\\\/\\\/inspectogroup.com\\\/secteur-chimie\\\/\",\"url\":\"https:\\\/\\\/inspectogroup.com\\\/secteur-chimie\\\/\",\"name\":\"Software per ispezioni nel settore chimico, audit e controllo qualit\u00e0\",\"isPartOf\":{\"@id\":\"https:\\\/\\\/inspectogroup.com\\\/#website\"},\"primaryImageOfPage\":{\"@id\":\"https:\\\/\\\/inspectogroup.com\\\/secteur-chimie\\\/#primaryimage\"},\"image\":{\"@id\":\"https:\\\/\\\/inspectogroup.com\\\/secteur-chimie\\\/#primaryimage\"},\"thumbnailUrl\":\"https:\\\/\\\/inspectogroup.com\\\/wp-content\\\/uploads\\\/2022\\\/12\\\/pharma-1.jpg\",\"datePublished\":\"2024-06-26T12:39:24+00:00\",\"dateModified\":\"2024-09-05T17:50:38+00:00\",\"description\":\"Migliora il controllo qualit\u00e0 nel settore chimico con il software per ispezioni di inspecto. Fornisce gestione CAPA in tempo reale, reporting automatizzato e audit di sicurezza.\",\"breadcrumb\":{\"@id\":\"https:\\\/\\\/inspectogroup.com\\\/secteur-chimie\\\/#breadcrumb\"},\"inLanguage\":\"it-IT\",\"potentialAction\":[{\"@type\":\"ReadAction\",\"target\":[\"https:\\\/\\\/inspectogroup.com\\\/secteur-chimie\\\/\"]}]},{\"@type\":\"ImageObject\",\"inLanguage\":\"it-IT\",\"@id\":\"https:\\\/\\\/inspectogroup.com\\\/secteur-chimie\\\/#primaryimage\",\"url\":\"https:\\\/\\\/inspectogroup.com\\\/wp-content\\\/uploads\\\/2022\\\/12\\\/pharma-1.jpg\",\"contentUrl\":\"https:\\\/\\\/inspectogroup.com\\\/wp-content\\\/uploads\\\/2022\\\/12\\\/pharma-1.jpg\",\"width\":1200,\"height\":845,\"caption\":\"logiciel contr\u00f4le qualit\u00e9 industrie\"},{\"@type\":\"BreadcrumbList\",\"@id\":\"https:\\\/\\\/inspectogroup.com\\\/secteur-chimie\\\/#breadcrumb\",\"itemListElement\":[{\"@type\":\"ListItem\",\"position\":1,\"name\":\"Accueil\",\"item\":\"https:\\\/\\\/inspectogroup.com\\\/it\\\/\"},{\"@type\":\"ListItem\",\"position\":2,\"name\":\"CHIMICA\"}]},{\"@type\":\"WebSite\",\"@id\":\"https:\\\/\\\/inspectogroup.com\\\/#website\",\"url\":\"https:\\\/\\\/inspectogroup.com\\\/\",\"name\":\"INSPECTO GROUP\",\"description\":\"Inspection, contr\u00f4les et audits digitalis\u00e9s!\",\"potentialAction\":[{\"@type\":\"SearchAction\",\"target\":{\"@type\":\"EntryPoint\",\"urlTemplate\":\"https:\\\/\\\/inspectogroup.com\\\/?s={search_term_string}\"},\"query-input\":{\"@type\":\"PropertyValueSpecification\",\"valueRequired\":true,\"valueName\":\"search_term_string\"}}],\"inLanguage\":\"it-IT\"}]}<\/script>\n<!-- \/ Yoast SEO plugin. -->","yoast_head_json":{"title":"Software per ispezioni nel settore chimico, audit e controllo qualit\u00e0","description":"Migliora il controllo qualit\u00e0 nel settore chimico con il software per ispezioni di inspecto. Fornisce gestione CAPA in tempo reale, reporting automatizzato e audit di sicurezza.","robots":{"index":"index","follow":"follow","max-snippet":"max-snippet:-1","max-image-preview":"max-image-preview:large","max-video-preview":"max-video-preview:-1"},"canonical":"https:\/\/inspectogroup.com\/secteur-chimie\/","og_locale":"it_IT","og_type":"article","og_title":"Software per ispezioni nel settore chimico, audit e controllo qualit\u00e0","og_description":"Migliora il controllo qualit\u00e0 nel settore chimico con il software per ispezioni di inspecto. Fornisce gestione CAPA in tempo reale, reporting automatizzato e audit di sicurezza.","og_url":"https:\/\/inspectogroup.com\/secteur-chimie\/","og_site_name":"INSPECTO GROUP","article_modified_time":"2024-09-05T17:50:38+00:00","twitter_card":"summary_large_image","twitter_misc":{"Tempo di lettura stimato":"2 minuti"},"schema":{"@context":"https:\/\/schema.org","@graph":[{"@type":"WebPage","@id":"https:\/\/inspectogroup.com\/secteur-chimie\/","url":"https:\/\/inspectogroup.com\/secteur-chimie\/","name":"Software per ispezioni nel settore chimico, audit e controllo qualit\u00e0","isPartOf":{"@id":"https:\/\/inspectogroup.com\/#website"},"primaryImageOfPage":{"@id":"https:\/\/inspectogroup.com\/secteur-chimie\/#primaryimage"},"image":{"@id":"https:\/\/inspectogroup.com\/secteur-chimie\/#primaryimage"},"thumbnailUrl":"https:\/\/inspectogroup.com\/wp-content\/uploads\/2022\/12\/pharma-1.jpg","datePublished":"2024-06-26T12:39:24+00:00","dateModified":"2024-09-05T17:50:38+00:00","description":"Migliora il controllo qualit\u00e0 nel settore chimico con il software per ispezioni di inspecto. Fornisce gestione CAPA in tempo reale, reporting automatizzato e audit di sicurezza.","breadcrumb":{"@id":"https:\/\/inspectogroup.com\/secteur-chimie\/#breadcrumb"},"inLanguage":"it-IT","potentialAction":[{"@type":"ReadAction","target":["https:\/\/inspectogroup.com\/secteur-chimie\/"]}]},{"@type":"ImageObject","inLanguage":"it-IT","@id":"https:\/\/inspectogroup.com\/secteur-chimie\/#primaryimage","url":"https:\/\/inspectogroup.com\/wp-content\/uploads\/2022\/12\/pharma-1.jpg","contentUrl":"https:\/\/inspectogroup.com\/wp-content\/uploads\/2022\/12\/pharma-1.jpg","width":1200,"height":845,"caption":"logiciel contr\u00f4le qualit\u00e9 industrie"},{"@type":"BreadcrumbList","@id":"https:\/\/inspectogroup.com\/secteur-chimie\/#breadcrumb","itemListElement":[{"@type":"ListItem","position":1,"name":"Accueil","item":"https:\/\/inspectogroup.com\/it\/"},{"@type":"ListItem","position":2,"name":"CHIMICA"}]},{"@type":"WebSite","@id":"https:\/\/inspectogroup.com\/#website","url":"https:\/\/inspectogroup.com\/","name":"INSPECTO GROUP","description":"Inspection, contr\u00f4les et audits digitalis\u00e9s!","potentialAction":[{"@type":"SearchAction","target":{"@type":"EntryPoint","urlTemplate":"https:\/\/inspectogroup.com\/?s={search_term_string}"},"query-input":{"@type":"PropertyValueSpecification","valueRequired":true,"valueName":"search_term_string"}}],"inLanguage":"it-IT"}]}},"_links":{"self":[{"href":"https:\/\/inspectogroup.com\/it\/wp-json\/wp\/v2\/pages\/391670","targetHints":{"allow":["GET"]}}],"collection":[{"href":"https:\/\/inspectogroup.com\/it\/wp-json\/wp\/v2\/pages"}],"about":[{"href":"https:\/\/inspectogroup.com\/it\/wp-json\/wp\/v2\/types\/page"}],"author":[{"embeddable":true,"href":"https:\/\/inspectogroup.com\/it\/wp-json\/wp\/v2\/users\/7"}],"replies":[{"embeddable":true,"href":"https:\/\/inspectogroup.com\/it\/wp-json\/wp\/v2\/comments?post=391670"}],"version-history":[{"count":7,"href":"https:\/\/inspectogroup.com\/it\/wp-json\/wp\/v2\/pages\/391670\/revisions"}],"predecessor-version":[{"id":392063,"href":"https:\/\/inspectogroup.com\/it\/wp-json\/wp\/v2\/pages\/391670\/revisions\/392063"}],"wp:featuredmedia":[{"embeddable":true,"href":"https:\/\/inspectogroup.com\/it\/wp-json\/wp\/v2\/media\/388590"}],"wp:attachment":[{"href":"https:\/\/inspectogroup.com\/it\/wp-json\/wp\/v2\/media?parent=391670"}],"curies":[{"name":"wp","href":"https:\/\/api.w.org\/{rel}","templated":true}]}}