{"id":391667,"date":"2024-06-26T12:36:24","date_gmt":"2024-06-26T12:36:24","guid":{"rendered":"https:\/\/inspectogroup.com\/agricolo\/"},"modified":"2024-09-05T17:37:14","modified_gmt":"2024-09-05T17:37:14","slug":"agricolo","status":"publish","type":"page","link":"https:\/\/inspectogroup.com\/it\/agricolo\/","title":{"rendered":"AGRICOLTURA"},"content":{"rendered":"<p>[et_pb_section fb_built=&#8221;1&#8243; admin_label=&#8221;HEADER&#8221; _builder_version=&#8221;4.25.2&#8243; use_background_color_gradient=&#8221;on&#8221; background_color_gradient_stops=&#8221;rgba(17,23,42,0.41) 0%|rgba(17,23,42,0.22) 100%&#8221; background_color_gradient_overlays_image=&#8221;on&#8221; background_image=&#8221;https:\/\/inspectogroup.com\/wp-content\/uploads\/2024\/06\/jan-kopriva-LTMaAwxanGk-unsplash-scaled.jpg&#8221; global_colors_info=&#8221;{}&#8221;][et_pb_row _builder_version=&#8221;4.25.2&#8243; background_size=&#8221;initial&#8221; background_position=&#8221;top_left&#8221; background_repeat=&#8221;repeat&#8221; z_index=&#8221;1&#8243; custom_padding=&#8221;5vw||5vw|&#8221; global_colors_info=&#8221;{}&#8221;][et_pb_column type=&#8221;4_4&#8243; _builder_version=&#8221;4.16&#8243; background_position=&#8221;top_left&#8221; custom_padding=&#8221;|||&#8221; global_colors_info=&#8221;{}&#8221; custom_padding__hover=&#8221;|||&#8221;][et_pb_cta title=&#8221;Settore Agricolo&#8221; admin_label=&#8221;Content Page White&#8221; _builder_version=&#8221;4.25.2&#8243; header_font=&#8221;|700||on|||||&#8221; header_font_size=&#8221;70&#8243; use_background_color=&#8221;off&#8221; z_index=&#8221;1&#8243; header_font_size_tablet=&#8221;52&#8243; header_font_size_phone=&#8221;40&#8243; header_font_size_last_edited=&#8221;on|phone&#8221; custom_css_promo_description=&#8221;padding-bottom: 0;&#8221; custom_css_promo_title=&#8221; font-weight: 300;||padding-bottom: 0;&#8221; global_colors_info=&#8221;{}&#8221; button_text_size__hover_enabled=&#8221;off&#8221; button_one_text_size__hover_enabled=&#8221;off&#8221; button_two_text_size__hover_enabled=&#8221;off&#8221; button_text_color__hover_enabled=&#8221;off&#8221; button_one_text_color__hover_enabled=&#8221;off&#8221; button_two_text_color__hover_enabled=&#8221;off&#8221; button_border_width__hover_enabled=&#8221;off&#8221; button_one_border_width__hover_enabled=&#8221;off&#8221; button_two_border_width__hover_enabled=&#8221;off&#8221; button_border_color__hover_enabled=&#8221;off&#8221; button_one_border_color__hover_enabled=&#8221;off&#8221; button_two_border_color__hover_enabled=&#8221;off&#8221; button_border_radius__hover_enabled=&#8221;off&#8221; button_one_border_radius__hover_enabled=&#8221;off&#8221; button_two_border_radius__hover_enabled=&#8221;off&#8221; button_letter_spacing__hover_enabled=&#8221;off&#8221; button_one_letter_spacing__hover_enabled=&#8221;off&#8221; button_two_letter_spacing__hover_enabled=&#8221;off&#8221; button_bg_color__hover_enabled=&#8221;off&#8221; button_one_bg_color__hover_enabled=&#8221;off&#8221; button_two_bg_color__hover_enabled=&#8221;off&#8221;][\/et_pb_cta][\/et_pb_column][\/et_pb_row][\/et_pb_section][et_pb_section fb_built=&#8221;1&#8243; _builder_version=&#8221;4.25.2&#8243; _module_preset=&#8221;default&#8221; global_colors_info=&#8221;{}&#8221;][et_pb_row _builder_version=&#8221;4.25.2&#8243; _module_preset=&#8221;default&#8221; z_index=&#8221;1&#8243; hover_enabled=&#8221;0&#8243; global_colors_info=&#8221;{}&#8221; sticky_enabled=&#8221;0&#8243;][et_pb_column type=&#8221;4_4&#8243; _builder_version=&#8221;4.25.2&#8243; _module_preset=&#8221;default&#8221; global_colors_info=&#8221;{}&#8221;][et_pb_accordion _builder_version=&#8221;4.25.2&#8243; _module_preset=&#8221;default&#8221; hover_enabled=&#8221;0&#8243; global_colors_info=&#8221;{}&#8221; sticky_enabled=&#8221;0&#8243;][et_pb_accordion_item title=&#8221;Monitoraggio della salute dell azienda agricola&#8221; open=&#8221;on&#8221; _builder_version=&#8221;4.25.2&#8243; _module_preset=&#8221;default&#8221; hover_enabled=&#8221;0&#8243; global_colors_info=&#8221;{}&#8221; sticky_enabled=&#8221;0&#8243;]<\/p>\n<ul>\n<li>Garantisce un rigoroso monitoraggio sanitario degli allevamenti per rispettare gli standard sanitari e ridurre al minimo il rischio di contaminazione.<\/li>\n<li>Controlla le condizioni igieniche e le pratiche agricole per garantire la sicurezza alimentare.<\/li>\n<\/ul>\n<p>[\/et_pb_accordion_item][et_pb_accordion_item title=&#8221;Gestione della non conformit\u00e0 in tempo reale&#8221; _builder_version=&#8221;4.25.2&#8243; _module_preset=&#8221;default&#8221; global_colors_info=&#8221;{}&#8221; open=&#8221;off&#8221;]<\/p>\n<ul>\n<li>Risponde rapidamente alle non conformit\u00e0 rilevate durante il monitoraggio sanitario per mantenere la conformit\u00e0 e la sicurezza alimentare.<\/li>\n<li>Alert automatici per un&#8217;azione immediata di riduzione dei rischi per la salute pubblica.<\/li>\n<\/ul>\n<p>[\/et_pb_accordion_item][et_pb_accordion_item title=&#8221;Tracciabilit\u00e0 completa dei prodotti agricoli&#8221; _builder_version=&#8221;4.25.2&#8243; _module_preset=&#8221;default&#8221; global_colors_info=&#8221;{}&#8221; open=&#8221;off&#8221;]<\/p>\n<ul>\n<li>Assicura la completa tracciabilit\u00e0 dei prodotti agricoli dall&#8217;origine alla destinazione finale.<\/li>\n<li>Semplifica la tracciabilit\u00e0 lungo tutta la catena alimentare per una trasparenza totale e una gestione efficace dei richiami dei prodotti.<\/li>\n<\/ul>\n<p>[\/et_pb_accordion_item][et_pb_accordion_item title=&#8221;Piattaforma di scambio di informazioni in tempo reale&#8221; _builder_version=&#8221;4.25.2&#8243; _module_preset=&#8221;default&#8221; global_colors_info=&#8221;{}&#8221; open=&#8221;off&#8221;]<\/p>\n<ul>\n<li>Utilizzato come piattaforma per lo scambio di informazioni in tempo reale tra autorit\u00e0 e agricoltori.<\/li>\n<li>Promuove la comunicazione per la gestione del rischio sanitario e la risposta rapida agli incidenti.<\/li>\n<\/ul>\n<p>[\/et_pb_accordion_item][et_pb_accordion_item title=&#8221;Disponibilit\u00e0 di informazioni in tempo reale\u2022\tAssicura che le informazioni siano disponibili in tempo reale per prendere decisioni rapide e informate. \u2022\tCentralizza i dati per una risposta ottimale, indipendentemente dall&apos;ubicazione delle aziende agricole o dei punti di controllo.&#8221; _builder_version=&#8221;4.25.2&#8243; _module_preset=&#8221;default&#8221; global_colors_info=&#8221;{}&#8221; open=&#8221;off&#8221;]<\/p>\n<ul>\n<li>Assicura che le informazioni siano disponibili in tempo reale per prendere decisioni rapide e informate.<\/li>\n<li>Centralizza i dati per una risposta ottimale, indipendentemente dall&#8217;ubicazione delle aziende agricole o dei punti di controllo.<\/li>\n<\/ul>\n<p>[\/et_pb_accordion_item][et_pb_accordion_item title=&#8221;Interfaccia intuitiva&#8221; _builder_version=&#8221;4.25.2&#8243; _module_preset=&#8221;default&#8221; global_colors_info=&#8221;{}&#8221; open=&#8221;off&#8221;]<\/p>\n<ul>\n<li>Interfaccia di facile utilizzo per le autorit\u00e0 e i professionisti dell&#8217;industria alimentare, che riduce la necessit\u00e0 di formazione.<\/li>\n<\/ul>\n<p>[\/et_pb_accordion_item][et_pb_accordion_item title=&#8221;Sicurezza alimentare e conformit\u00e0 agli standard sanitari&#8221; _builder_version=&#8221;4.25.2&#8243; _module_preset=&#8221;default&#8221; global_colors_info=&#8221;{}&#8221; open=&#8221;off&#8221;]<\/p>\n<ul>\n<li>Garantisce la sicurezza alimentare assicurando un rigoroso monitoraggio sanitario delle aziende agricole e facilitando lo scambio di informazioni.<\/li>\n<\/ul>\n<p>[\/et_pb_accordion_item][et_pb_accordion_item title=&#8221;Processo decisionale rapido e informato&#8221; _builder_version=&#8221;4.25.2&#8243; _module_preset=&#8221;default&#8221; global_colors_info=&#8221;{}&#8221; open=&#8221;off&#8221;]<\/p>\n<ul>\n<li>Le informazioni in tempo reale consentono alle autorit\u00e0 e agli agricoltori di prendere decisioni rapide e ben informate.<\/li>\n<\/ul>\n<p>[\/et_pb_accordion_item][et_pb_accordion_item title=&#8221;Riduce il rischio di non conformit\u00e0&#8221; _builder_version=&#8221;4.25.2&#8243; _module_preset=&#8221;default&#8221; global_colors_info=&#8221;{}&#8221; open=&#8221;off&#8221;]<\/p>\n<ul>\n<li>La gestione proattiva delle non conformit\u00e0 riduce i rischi per la salute pubblica e preserva la reputazione dei produttori agricoli.<\/li>\n<\/ul>\n<p>[\/et_pb_accordion_item][et_pb_accordion_item title=&#8221;Ottimizzazione della gestione dei prodotti agricoli&#8221; _builder_version=&#8221;4.25.2&#8243; _module_preset=&#8221;default&#8221; global_colors_info=&#8221;{}&#8221; open=&#8221;off&#8221;]<\/p>\n<ul>\n<li>Facilita la gestione delle scorte e il ritiro dei prodotti per una migliore gestione del rischio.<\/li>\n<\/ul>\n<p>[\/et_pb_accordion_item][et_pb_accordion_item title=&#8221;Migliora la soddisfazione dei consumatori&#8221; _builder_version=&#8221;4.25.2&#8243; _module_preset=&#8221;default&#8221; global_colors_info=&#8221;{}&#8221; open=&#8221;off&#8221;]<\/p>\n<ul>\n<li>Garantisce la qualit\u00e0 e la sicurezza dei prodotti agricoli, aumentando la fiducia nei prodotti alimentari e migliorando la soddisfazione dei consumatori.<\/li>\n<\/ul>\n<p>[\/et_pb_accordion_item][\/et_pb_accordion][\/et_pb_column][\/et_pb_row][et_pb_row _builder_version=&#8221;4.25.2&#8243; _module_preset=&#8221;default&#8221; global_colors_info=&#8221;{}&#8221;][et_pb_column type=&#8221;4_4&#8243; _builder_version=&#8221;4.25.2&#8243; _module_preset=&#8221;default&#8221; global_colors_info=&#8221;{}&#8221;][et_pb_button button_url=&#8221;https:\/\/inspectogroup.com\/it\/contatto\/&#8221; button_text=&#8221;PIANIFICARE UNA DEMO&#8221; button_alignment=&#8221;center&#8221; _builder_version=&#8221;4.25.2&#8243; _module_preset=&#8221;default&#8221; custom_button=&#8221;on&#8221; button_bg_color=&#8221;#002F5F&#8221; button_use_icon=&#8221;off&#8221; sticky_position=&#8221;top_bottom&#8221; global_colors_info=&#8221;{}&#8221;][\/et_pb_button][\/et_pb_column][\/et_pb_row][\/et_pb_section]<\/p>\n","protected":false},"excerpt":{"rendered":"<p>Garantisce un rigoroso monitoraggio sanitario degli allevamenti per rispettare gli standard sanitari e ridurre al minimo il rischio di contaminazione. Controlla le condizioni igieniche e le pratiche agricole per garantire la sicurezza alimentare. Risponde rapidamente alle non conformit\u00e0 rilevate durante il monitoraggio sanitario per mantenere la conformit\u00e0 e la sicurezza alimentare. Alert automatici per un&#8217;azione [&hellip;]<\/p>\n","protected":false},"author":7,"featured_media":391317,"parent":0,"menu_order":0,"comment_status":"closed","ping_status":"closed","template":"","meta":{"_et_pb_use_builder":"on","_et_pb_old_content":"","_et_gb_content_width":"","footnotes":""},"class_list":["post-391667","page","type-page","status-publish","has-post-thumbnail","hentry"],"yoast_head":"<!-- This site is optimized with the Yoast SEO plugin v27.6 - https:\/\/yoast.com\/product\/yoast-seo-wordpress\/ -->\n<title>Software per ispezioni agricole | Controllo qualit\u00e0 e audit<\/title>\n<meta name=\"description\" content=\"Migliora il controllo qualit\u00e0 dell&#039;agricoltura con il nostro software per le ispezioni. Offre gestione della qualit\u00e0 in tempo reale, ispezioni agricole e audit digitalizzati per una maggiore conformit\u00e0.\" \/>\n<meta name=\"robots\" content=\"index, follow, max-snippet:-1, max-image-preview:large, max-video-preview:-1\" \/>\n<link rel=\"canonical\" href=\"https:\/\/inspectogroup.com\/secteur-agriculture\/\" \/>\n<meta property=\"og:locale\" content=\"it_IT\" \/>\n<meta property=\"og:type\" content=\"article\" \/>\n<meta property=\"og:title\" content=\"Software per ispezioni agricole | Controllo qualit\u00e0 e audit\" \/>\n<meta property=\"og:description\" content=\"Migliora il controllo qualit\u00e0 dell&#039;agricoltura con il nostro software per le ispezioni. Offre gestione della qualit\u00e0 in tempo reale, ispezioni agricole e audit digitalizzati per una maggiore conformit\u00e0.\" \/>\n<meta property=\"og:url\" content=\"https:\/\/inspectogroup.com\/secteur-agriculture\/\" \/>\n<meta property=\"og:site_name\" content=\"INSPECTO GROUP\" \/>\n<meta property=\"article:modified_time\" content=\"2024-09-05T17:37:14+00:00\" \/>\n<meta name=\"twitter:card\" content=\"summary_large_image\" \/>\n<meta name=\"twitter:label1\" content=\"Tempo di lettura stimato\" \/>\n\t<meta name=\"twitter:data1\" content=\"2 minuti\" \/>\n<script type=\"application\/ld+json\" class=\"yoast-schema-graph\">{\"@context\":\"https:\\\/\\\/schema.org\",\"@graph\":[{\"@type\":\"WebPage\",\"@id\":\"https:\\\/\\\/inspectogroup.com\\\/secteur-agriculture\\\/\",\"url\":\"https:\\\/\\\/inspectogroup.com\\\/secteur-agriculture\\\/\",\"name\":\"Software per ispezioni agricole | Controllo qualit\u00e0 e audit\",\"isPartOf\":{\"@id\":\"https:\\\/\\\/inspectogroup.com\\\/#website\"},\"primaryImageOfPage\":{\"@id\":\"https:\\\/\\\/inspectogroup.com\\\/secteur-agriculture\\\/#primaryimage\"},\"image\":{\"@id\":\"https:\\\/\\\/inspectogroup.com\\\/secteur-agriculture\\\/#primaryimage\"},\"thumbnailUrl\":\"https:\\\/\\\/inspectogroup.com\\\/wp-content\\\/uploads\\\/2024\\\/06\\\/jan-kopriva-LTMaAwxanGk-unsplash-scaled.jpg\",\"datePublished\":\"2024-06-26T12:36:24+00:00\",\"dateModified\":\"2024-09-05T17:37:14+00:00\",\"description\":\"Migliora il controllo qualit\u00e0 dell'agricoltura con il nostro software per le ispezioni. Offre gestione della qualit\u00e0 in tempo reale, ispezioni agricole e audit digitalizzati per una maggiore conformit\u00e0.\",\"breadcrumb\":{\"@id\":\"https:\\\/\\\/inspectogroup.com\\\/secteur-agriculture\\\/#breadcrumb\"},\"inLanguage\":\"it-IT\",\"potentialAction\":[{\"@type\":\"ReadAction\",\"target\":[\"https:\\\/\\\/inspectogroup.com\\\/secteur-agriculture\\\/\"]}]},{\"@type\":\"ImageObject\",\"inLanguage\":\"it-IT\",\"@id\":\"https:\\\/\\\/inspectogroup.com\\\/secteur-agriculture\\\/#primaryimage\",\"url\":\"https:\\\/\\\/inspectogroup.com\\\/wp-content\\\/uploads\\\/2024\\\/06\\\/jan-kopriva-LTMaAwxanGk-unsplash-scaled.jpg\",\"contentUrl\":\"https:\\\/\\\/inspectogroup.com\\\/wp-content\\\/uploads\\\/2024\\\/06\\\/jan-kopriva-LTMaAwxanGk-unsplash-scaled.jpg\",\"width\":2560,\"height\":1703,\"caption\":\"Champ agricole\"},{\"@type\":\"BreadcrumbList\",\"@id\":\"https:\\\/\\\/inspectogroup.com\\\/secteur-agriculture\\\/#breadcrumb\",\"itemListElement\":[{\"@type\":\"ListItem\",\"position\":1,\"name\":\"Accueil\",\"item\":\"https:\\\/\\\/inspectogroup.com\\\/it\\\/\"},{\"@type\":\"ListItem\",\"position\":2,\"name\":\"AGRICOLTURA\"}]},{\"@type\":\"WebSite\",\"@id\":\"https:\\\/\\\/inspectogroup.com\\\/#website\",\"url\":\"https:\\\/\\\/inspectogroup.com\\\/\",\"name\":\"INSPECTO GROUP\",\"description\":\"Inspection, contr\u00f4les et audits digitalis\u00e9s!\",\"potentialAction\":[{\"@type\":\"SearchAction\",\"target\":{\"@type\":\"EntryPoint\",\"urlTemplate\":\"https:\\\/\\\/inspectogroup.com\\\/?s={search_term_string}\"},\"query-input\":{\"@type\":\"PropertyValueSpecification\",\"valueRequired\":true,\"valueName\":\"search_term_string\"}}],\"inLanguage\":\"it-IT\"}]}<\/script>\n<!-- \/ Yoast SEO plugin. -->","yoast_head_json":{"title":"Software per ispezioni agricole | Controllo qualit\u00e0 e audit","description":"Migliora il controllo qualit\u00e0 dell'agricoltura con il nostro software per le ispezioni. Offre gestione della qualit\u00e0 in tempo reale, ispezioni agricole e audit digitalizzati per una maggiore conformit\u00e0.","robots":{"index":"index","follow":"follow","max-snippet":"max-snippet:-1","max-image-preview":"max-image-preview:large","max-video-preview":"max-video-preview:-1"},"canonical":"https:\/\/inspectogroup.com\/secteur-agriculture\/","og_locale":"it_IT","og_type":"article","og_title":"Software per ispezioni agricole | Controllo qualit\u00e0 e audit","og_description":"Migliora il controllo qualit\u00e0 dell'agricoltura con il nostro software per le ispezioni. Offre gestione della qualit\u00e0 in tempo reale, ispezioni agricole e audit digitalizzati per una maggiore conformit\u00e0.","og_url":"https:\/\/inspectogroup.com\/secteur-agriculture\/","og_site_name":"INSPECTO GROUP","article_modified_time":"2024-09-05T17:37:14+00:00","twitter_card":"summary_large_image","twitter_misc":{"Tempo di lettura stimato":"2 minuti"},"schema":{"@context":"https:\/\/schema.org","@graph":[{"@type":"WebPage","@id":"https:\/\/inspectogroup.com\/secteur-agriculture\/","url":"https:\/\/inspectogroup.com\/secteur-agriculture\/","name":"Software per ispezioni agricole | Controllo qualit\u00e0 e audit","isPartOf":{"@id":"https:\/\/inspectogroup.com\/#website"},"primaryImageOfPage":{"@id":"https:\/\/inspectogroup.com\/secteur-agriculture\/#primaryimage"},"image":{"@id":"https:\/\/inspectogroup.com\/secteur-agriculture\/#primaryimage"},"thumbnailUrl":"https:\/\/inspectogroup.com\/wp-content\/uploads\/2024\/06\/jan-kopriva-LTMaAwxanGk-unsplash-scaled.jpg","datePublished":"2024-06-26T12:36:24+00:00","dateModified":"2024-09-05T17:37:14+00:00","description":"Migliora il controllo qualit\u00e0 dell'agricoltura con il nostro software per le ispezioni. Offre gestione della qualit\u00e0 in tempo reale, ispezioni agricole e audit digitalizzati per una maggiore conformit\u00e0.","breadcrumb":{"@id":"https:\/\/inspectogroup.com\/secteur-agriculture\/#breadcrumb"},"inLanguage":"it-IT","potentialAction":[{"@type":"ReadAction","target":["https:\/\/inspectogroup.com\/secteur-agriculture\/"]}]},{"@type":"ImageObject","inLanguage":"it-IT","@id":"https:\/\/inspectogroup.com\/secteur-agriculture\/#primaryimage","url":"https:\/\/inspectogroup.com\/wp-content\/uploads\/2024\/06\/jan-kopriva-LTMaAwxanGk-unsplash-scaled.jpg","contentUrl":"https:\/\/inspectogroup.com\/wp-content\/uploads\/2024\/06\/jan-kopriva-LTMaAwxanGk-unsplash-scaled.jpg","width":2560,"height":1703,"caption":"Champ agricole"},{"@type":"BreadcrumbList","@id":"https:\/\/inspectogroup.com\/secteur-agriculture\/#breadcrumb","itemListElement":[{"@type":"ListItem","position":1,"name":"Accueil","item":"https:\/\/inspectogroup.com\/it\/"},{"@type":"ListItem","position":2,"name":"AGRICOLTURA"}]},{"@type":"WebSite","@id":"https:\/\/inspectogroup.com\/#website","url":"https:\/\/inspectogroup.com\/","name":"INSPECTO GROUP","description":"Inspection, contr\u00f4les et audits digitalis\u00e9s!","potentialAction":[{"@type":"SearchAction","target":{"@type":"EntryPoint","urlTemplate":"https:\/\/inspectogroup.com\/?s={search_term_string}"},"query-input":{"@type":"PropertyValueSpecification","valueRequired":true,"valueName":"search_term_string"}}],"inLanguage":"it-IT"}]}},"_links":{"self":[{"href":"https:\/\/inspectogroup.com\/it\/wp-json\/wp\/v2\/pages\/391667","targetHints":{"allow":["GET"]}}],"collection":[{"href":"https:\/\/inspectogroup.com\/it\/wp-json\/wp\/v2\/pages"}],"about":[{"href":"https:\/\/inspectogroup.com\/it\/wp-json\/wp\/v2\/types\/page"}],"author":[{"embeddable":true,"href":"https:\/\/inspectogroup.com\/it\/wp-json\/wp\/v2\/users\/7"}],"replies":[{"embeddable":true,"href":"https:\/\/inspectogroup.com\/it\/wp-json\/wp\/v2\/comments?post=391667"}],"version-history":[{"count":11,"href":"https:\/\/inspectogroup.com\/it\/wp-json\/wp\/v2\/pages\/391667\/revisions"}],"predecessor-version":[{"id":392048,"href":"https:\/\/inspectogroup.com\/it\/wp-json\/wp\/v2\/pages\/391667\/revisions\/392048"}],"wp:featuredmedia":[{"embeddable":true,"href":"https:\/\/inspectogroup.com\/it\/wp-json\/wp\/v2\/media\/391317"}],"wp:attachment":[{"href":"https:\/\/inspectogroup.com\/it\/wp-json\/wp\/v2\/media?parent=391667"}],"curies":[{"name":"wp","href":"https:\/\/api.w.org\/{rel}","templated":true}]}}