{"id":389454,"date":"2022-10-18T12:21:22","date_gmt":"2022-10-18T12:21:22","guid":{"rendered":"https:\/\/inspectogroup.com\/informativa-sulla-privacy\/"},"modified":"2023-03-10T14:32:52","modified_gmt":"2023-03-10T14:32:52","slug":"informativa-sulla-privacy","status":"publish","type":"page","link":"https:\/\/inspectogroup.com\/it\/informativa-sulla-privacy\/","title":{"rendered":"Informativa sulla privacy"},"content":{"rendered":"<p style=\"font-weight: 400;\"><strong>R\u00e9v Janv. 2023<br \/>\n<\/strong><strong>ABBONAMENTO ALLE SOLUZIONI SOFTWARE INSPECTO<\/strong><\/p>\n<p style=\"font-weight: 400;\"><strong>Chi siamo?<br \/>\n<\/strong>L&#8217;indirizzo del nostro sito web \u00e8: https:\/\/inspectogroup.com\/<\/p>\n<p style=\"font-weight: 400;\"><strong>Commentaires<br \/>\n<\/strong>Quando i visitatori lasciano commenti sul sito, raccogliamo i dati visualizzati nel modulo di commento, nonch\u00e9 l&#8217;indirizzo IP del visitatore e la stringa dello user agent del browser per aiutare a rilevare lo spam.<\/p>\n<p style=\"font-weight: 400;\">Una stringa anonima creata a partire dal vostro indirizzo e-mail (chiamata anche hash) pu\u00f2 essere fornita al servizio Gravatar per verificare se lo utilizzate. L&#8217;informativa sulla privacy di Gravatar \u00e8 disponibile qui: https:\/\/automattic.com\/privacy\/. Dopo la convalida del commento, l&#8217;immagine del profilo \u00e8 visibile pubblicamente accanto al commento.<\/p>\n<p style=\"font-weight: 400;\"><strong>M\u00e9dias<br \/>\n<\/strong>Se si caricano immagini sul sito web, si dovrebbe evitare di caricare immagini con dati di localizzazione incorporati (EXIF GPS). I visitatori del sito web possono scaricare ed estrarre tutti i dati di localizzazione delle immagini dal sito web.<\/p>\n<p style=\"font-weight: 400;\"><strong>Cookies<br \/>\n<\/strong>Se lasciate un commento sul nostro sito, potete scegliere di salvare il vostro nome, indirizzo e-mail e sito web nei cookie. Questi sono per vostra comodit\u00e0, in modo che non dobbiate inserire nuovamente i vostri dati quando lasciate un altro commento. Questi biscotti si conservano per un anno.<\/p>\n<p style=\"font-weight: 400;\">Se visitate la nostra pagina di login, imposteremo un cookie temporaneo per determinare se il vostro browser accetta i cookie. Questo cookie non contiene dati personali e viene cancellato alla chiusura del browser.<\/p>\n<p style=\"font-weight: 400;\">Quando l&#8217;utente accede, vengono impostati anche alcuni cookie per registrare le informazioni di accesso e le scelte dello schermo. I cookie di accesso durano due giorni e i cookie delle opzioni dello schermo durano un anno. Se si seleziona &#8220;Ricordami&#8221;, la connessione rimarr\u00e0 attiva per quindici giorni. Se si esce dal proprio account, i cookie di accesso verranno cancellati.<\/p>\n<p style=\"font-weight: 400;\">Se modificate o pubblicate un articolo, un ulteriore cookie verr\u00e0 memorizzato nel vostro browser. Questo cookie non contiene dati personali e indica semplicemente l&#8217;ID di pubblicazione dell&#8217;articolo appena modificato. Scade dopo 1 giorno.<\/p>\n<p style=\"font-weight: 400;\"><strong>Contenu int\u00e9gr\u00e9 \u00e0 d&#8217;autres sites Web<br \/>\n<\/strong>Gli articoli di questo sito possono includere contenuti incorporati (ad esempio, video, immagini, articoli, ecc.). I contenuti incorporati di altri siti web si comportano esattamente come se il visitatore avesse visitato l&#8217;altro sito web.<\/p>\n<p style=\"font-weight: 400;\">Questi siti web possono raccogliere dati sull&#8217;utente, utilizzare cookie, integrare un ulteriore tracciamento di terze parti e monitorare l&#8217;interazione dell&#8217;utente con tali contenuti integrati, compreso il tracciamento dell&#8217;interazione con i contenuti integrati se l&#8217;utente dispone di un account e ha effettuato l&#8217;accesso al sito web in questione.<\/p>\n<p style=\"font-weight: 400;\"><strong>Con chi condividiamo i vostri dati?<br \/>\n<\/strong>Se si richiede la reimpostazione della password, il proprio indirizzo IP sar\u00e0 incluso nell&#8217;e-mail di reimpostazione.<\/p>\n<p style=\"font-weight: 400;\"><strong>Per quanto tempo conserviamo i vostri dati?<br \/>\n<\/strong>Se si lascia un commento, il commento e i relativi metadati vengono conservati a tempo indeterminato. Questo ci permette di riconoscere e approvare automaticamente tutti i commenti successivi, invece di tenerli in una coda di moderazione.<\/p>\n<p style=\"font-weight: 400;\">Per gli utenti che si registrano sul nostro sito web (se presenti), memorizziamo anche le informazioni personali fornite nel loro profilo utente. Tutti gli utenti possono visualizzare, modificare o cancellare le proprie informazioni personali in qualsiasi momento (ad eccezione del fatto che non possono modificare il proprio nome utente). Anche gli amministratori del sito web possono visualizzare e modificare queste informazioni.<\/p>\n<p style=\"font-weight: 400;\"><strong>Quali diritti avete sui vostri dati?<br \/>\n<\/strong>Se avete un account su questo sito o avete lasciato dei commenti, potete richiedere di ricevere un file esportato dei dati personali in nostro possesso, compresi quelli che ci avete fornito. Potete anche chiederci di cancellare i dati personali in nostro possesso. Questo non include i dati che siamo obbligati a conservare per scopi amministrativi, legali o di sicurezza.<\/p>\n<p style=\"font-weight: 400;\"><strong>Dove inviamo i vostri dati?<br \/>\n<\/strong>I commenti dei visitatori possono essere controllati da un servizio automatico di rilevamento dello spam.<\/p>\n<p>&nbsp;<\/p>\n<p style=\"font-weight: 400;\">\n","protected":false},"excerpt":{"rendered":"<p>R\u00e9v Janv. 2023 ABBONAMENTO ALLE SOLUZIONI SOFTWARE INSPECTO Chi siamo? L&#8217;indirizzo del nostro sito web \u00e8: https:\/\/inspectogroup.com\/ Commentaires Quando i visitatori lasciano commenti sul sito, raccogliamo i dati visualizzati nel modulo di commento, nonch\u00e9 l&#8217;indirizzo IP del visitatore e la stringa dello user agent del browser per aiutare a rilevare lo spam. Una stringa anonima [&hellip;]<\/p>\n","protected":false},"author":1,"featured_media":0,"parent":0,"menu_order":0,"comment_status":"closed","ping_status":"open","template":"","meta":{"_et_pb_use_builder":"","_et_pb_old_content":"","_et_gb_content_width":"","footnotes":""},"class_list":["post-389454","page","type-page","status-publish","hentry"],"yoast_head":"<!-- This site is optimized with the Yoast SEO plugin v27.5 - https:\/\/yoast.com\/product\/yoast-seo-wordpress\/ -->\n<title>Informativa sulla privacy - INSPECTO GROUP<\/title>\n<meta name=\"robots\" content=\"index, follow, max-snippet:-1, max-image-preview:large, max-video-preview:-1\" \/>\n<link rel=\"canonical\" href=\"https:\/\/inspectogroup.com\/politique-de-confidentialite\/\" \/>\n<meta property=\"og:locale\" content=\"it_IT\" \/>\n<meta property=\"og:type\" content=\"article\" \/>\n<meta property=\"og:title\" content=\"Informativa sulla privacy - INSPECTO GROUP\" \/>\n<meta property=\"og:description\" content=\"R\u00e9v Janv. 2023 ABBONAMENTO ALLE SOLUZIONI SOFTWARE INSPECTO Chi siamo? L&#8217;indirizzo del nostro sito web \u00e8: https:\/\/inspectogroup.com\/ Commentaires Quando i visitatori lasciano commenti sul sito, raccogliamo i dati visualizzati nel modulo di commento, nonch\u00e9 l&#8217;indirizzo IP del visitatore e la stringa dello user agent del browser per aiutare a rilevare lo spam. Una stringa anonima [&hellip;]\" \/>\n<meta property=\"og:url\" content=\"https:\/\/inspectogroup.com\/politique-de-confidentialite\/\" \/>\n<meta property=\"og:site_name\" content=\"INSPECTO GROUP\" \/>\n<meta property=\"article:modified_time\" content=\"2023-03-10T14:32:52+00:00\" \/>\n<meta name=\"twitter:card\" content=\"summary_large_image\" \/>\n<meta name=\"twitter:label1\" content=\"Tempo di lettura stimato\" \/>\n\t<meta name=\"twitter:data1\" content=\"3 minuti\" \/>\n<script type=\"application\/ld+json\" class=\"yoast-schema-graph\">{\"@context\":\"https:\\\/\\\/schema.org\",\"@graph\":[{\"@type\":\"WebPage\",\"@id\":\"https:\\\/\\\/inspectogroup.com\\\/politique-de-confidentialite\\\/\",\"url\":\"https:\\\/\\\/inspectogroup.com\\\/politique-de-confidentialite\\\/\",\"name\":\"Informativa sulla privacy - INSPECTO GROUP\",\"isPartOf\":{\"@id\":\"https:\\\/\\\/inspectogroup.com\\\/#website\"},\"datePublished\":\"2022-10-18T12:21:22+00:00\",\"dateModified\":\"2023-03-10T14:32:52+00:00\",\"breadcrumb\":{\"@id\":\"https:\\\/\\\/inspectogroup.com\\\/politique-de-confidentialite\\\/#breadcrumb\"},\"inLanguage\":\"it-IT\",\"potentialAction\":[{\"@type\":\"ReadAction\",\"target\":[\"https:\\\/\\\/inspectogroup.com\\\/politique-de-confidentialite\\\/\"]}]},{\"@type\":\"BreadcrumbList\",\"@id\":\"https:\\\/\\\/inspectogroup.com\\\/politique-de-confidentialite\\\/#breadcrumb\",\"itemListElement\":[{\"@type\":\"ListItem\",\"position\":1,\"name\":\"Accueil\",\"item\":\"https:\\\/\\\/inspectogroup.com\\\/it\\\/\"},{\"@type\":\"ListItem\",\"position\":2,\"name\":\"Informativa sulla privacy\"}]},{\"@type\":\"WebSite\",\"@id\":\"https:\\\/\\\/inspectogroup.com\\\/#website\",\"url\":\"https:\\\/\\\/inspectogroup.com\\\/\",\"name\":\"INSPECTO GROUP\",\"description\":\"Inspection, contr\u00f4les et audits digitalis\u00e9s!\",\"potentialAction\":[{\"@type\":\"SearchAction\",\"target\":{\"@type\":\"EntryPoint\",\"urlTemplate\":\"https:\\\/\\\/inspectogroup.com\\\/?s={search_term_string}\"},\"query-input\":{\"@type\":\"PropertyValueSpecification\",\"valueRequired\":true,\"valueName\":\"search_term_string\"}}],\"inLanguage\":\"it-IT\"}]}<\/script>\n<!-- \/ Yoast SEO plugin. -->","yoast_head_json":{"title":"Informativa sulla privacy - INSPECTO GROUP","robots":{"index":"index","follow":"follow","max-snippet":"max-snippet:-1","max-image-preview":"max-image-preview:large","max-video-preview":"max-video-preview:-1"},"canonical":"https:\/\/inspectogroup.com\/politique-de-confidentialite\/","og_locale":"it_IT","og_type":"article","og_title":"Informativa sulla privacy - INSPECTO GROUP","og_description":"R\u00e9v Janv. 2023 ABBONAMENTO ALLE SOLUZIONI SOFTWARE INSPECTO Chi siamo? L&#8217;indirizzo del nostro sito web \u00e8: https:\/\/inspectogroup.com\/ Commentaires Quando i visitatori lasciano commenti sul sito, raccogliamo i dati visualizzati nel modulo di commento, nonch\u00e9 l&#8217;indirizzo IP del visitatore e la stringa dello user agent del browser per aiutare a rilevare lo spam. Una stringa anonima [&hellip;]","og_url":"https:\/\/inspectogroup.com\/politique-de-confidentialite\/","og_site_name":"INSPECTO GROUP","article_modified_time":"2023-03-10T14:32:52+00:00","twitter_card":"summary_large_image","twitter_misc":{"Tempo di lettura stimato":"3 minuti"},"schema":{"@context":"https:\/\/schema.org","@graph":[{"@type":"WebPage","@id":"https:\/\/inspectogroup.com\/politique-de-confidentialite\/","url":"https:\/\/inspectogroup.com\/politique-de-confidentialite\/","name":"Informativa sulla privacy - INSPECTO GROUP","isPartOf":{"@id":"https:\/\/inspectogroup.com\/#website"},"datePublished":"2022-10-18T12:21:22+00:00","dateModified":"2023-03-10T14:32:52+00:00","breadcrumb":{"@id":"https:\/\/inspectogroup.com\/politique-de-confidentialite\/#breadcrumb"},"inLanguage":"it-IT","potentialAction":[{"@type":"ReadAction","target":["https:\/\/inspectogroup.com\/politique-de-confidentialite\/"]}]},{"@type":"BreadcrumbList","@id":"https:\/\/inspectogroup.com\/politique-de-confidentialite\/#breadcrumb","itemListElement":[{"@type":"ListItem","position":1,"name":"Accueil","item":"https:\/\/inspectogroup.com\/it\/"},{"@type":"ListItem","position":2,"name":"Informativa sulla privacy"}]},{"@type":"WebSite","@id":"https:\/\/inspectogroup.com\/#website","url":"https:\/\/inspectogroup.com\/","name":"INSPECTO GROUP","description":"Inspection, contr\u00f4les et audits digitalis\u00e9s!","potentialAction":[{"@type":"SearchAction","target":{"@type":"EntryPoint","urlTemplate":"https:\/\/inspectogroup.com\/?s={search_term_string}"},"query-input":{"@type":"PropertyValueSpecification","valueRequired":true,"valueName":"search_term_string"}}],"inLanguage":"it-IT"}]}},"_links":{"self":[{"href":"https:\/\/inspectogroup.com\/it\/wp-json\/wp\/v2\/pages\/389454","targetHints":{"allow":["GET"]}}],"collection":[{"href":"https:\/\/inspectogroup.com\/it\/wp-json\/wp\/v2\/pages"}],"about":[{"href":"https:\/\/inspectogroup.com\/it\/wp-json\/wp\/v2\/types\/page"}],"author":[{"embeddable":true,"href":"https:\/\/inspectogroup.com\/it\/wp-json\/wp\/v2\/users\/1"}],"replies":[{"embeddable":true,"href":"https:\/\/inspectogroup.com\/it\/wp-json\/wp\/v2\/comments?post=389454"}],"version-history":[{"count":1,"href":"https:\/\/inspectogroup.com\/it\/wp-json\/wp\/v2\/pages\/389454\/revisions"}],"predecessor-version":[{"id":389700,"href":"https:\/\/inspectogroup.com\/it\/wp-json\/wp\/v2\/pages\/389454\/revisions\/389700"}],"wp:attachment":[{"href":"https:\/\/inspectogroup.com\/it\/wp-json\/wp\/v2\/media?parent=389454"}],"curies":[{"name":"wp","href":"https:\/\/api.w.org\/{rel}","templated":true}]}}