{"id":389433,"date":"2022-12-28T08:51:59","date_gmt":"2022-12-28T08:51:59","guid":{"rendered":"https:\/\/inspectogroup.com\/caratteristiche\/"},"modified":"2024-07-11T16:28:21","modified_gmt":"2024-07-11T16:28:21","slug":"funzionalita","status":"publish","type":"page","link":"https:\/\/inspectogroup.com\/it\/funzionalita\/","title":{"rendered":"FUNZIONALITA"},"content":{"rendered":"<p>[et_pb_section fb_built=&#8221;1&#8243; admin_label=&#8221;HEADER&#8221; _builder_version=&#8221;4.19.2&#8243; background_image=&#8221;https:\/\/inspectogroup.com\/wp-content\/uploads\/2022\/12\/header-Focntion.jpg&#8221; global_colors_info=&#8221;{}&#8221;][et_pb_row _builder_version=&#8221;4.25.2&#8243; background_size=&#8221;initial&#8221; background_position=&#8221;top_left&#8221; background_repeat=&#8221;repeat&#8221; z_index=&#8221;1&#8243; custom_padding=&#8221;5vw||5vw|&#8221; global_colors_info=&#8221;{}&#8221;][et_pb_column type=&#8221;4_4&#8243; _builder_version=&#8221;4.16&#8243; background_position=&#8221;top_left&#8221; custom_padding=&#8221;|||&#8221; global_colors_info=&#8221;{}&#8221; custom_padding__hover=&#8221;|||&#8221;][et_pb_cta title=&#8221;Funzionalita&#8221; admin_label=&#8221;Content Page White&#8221; _builder_version=&#8221;4.25.2&#8243; header_font=&#8221;|700||on|||||&#8221; header_font_size=&#8221;70&#8243; use_background_color=&#8221;off&#8221; z_index=&#8221;1&#8243; header_font_size_tablet=&#8221;52&#8243; header_font_size_phone=&#8221;40&#8243; header_font_size_last_edited=&#8221;on|phone&#8221; custom_css_promo_description=&#8221;padding-bottom: 0;&#8221; custom_css_promo_title=&#8221; font-weight: 300;||padding-bottom: 0;&#8221; global_colors_info=&#8221;{}&#8221; button_text_size__hover_enabled=&#8221;off&#8221; button_one_text_size__hover_enabled=&#8221;off&#8221; button_two_text_size__hover_enabled=&#8221;off&#8221; button_text_color__hover_enabled=&#8221;off&#8221; button_one_text_color__hover_enabled=&#8221;off&#8221; button_two_text_color__hover_enabled=&#8221;off&#8221; button_border_width__hover_enabled=&#8221;off&#8221; button_one_border_width__hover_enabled=&#8221;off&#8221; button_two_border_width__hover_enabled=&#8221;off&#8221; button_border_color__hover_enabled=&#8221;off&#8221; button_one_border_color__hover_enabled=&#8221;off&#8221; button_two_border_color__hover_enabled=&#8221;off&#8221; button_border_radius__hover_enabled=&#8221;off&#8221; button_one_border_radius__hover_enabled=&#8221;off&#8221; button_two_border_radius__hover_enabled=&#8221;off&#8221; button_letter_spacing__hover_enabled=&#8221;off&#8221; button_one_letter_spacing__hover_enabled=&#8221;off&#8221; button_two_letter_spacing__hover_enabled=&#8221;off&#8221; button_bg_color__hover_enabled=&#8221;off&#8221; button_one_bg_color__hover_enabled=&#8221;off&#8221; button_two_bg_color__hover_enabled=&#8221;off&#8221;][\/et_pb_cta][\/et_pb_column][\/et_pb_row][\/et_pb_section][et_pb_section fb_built=&#8221;1&#8243; _builder_version=&#8221;4.25.2&#8243; _module_preset=&#8221;default&#8221; global_colors_info=&#8221;{}&#8221;][et_pb_row _builder_version=&#8221;4.25.2&#8243; _module_preset=&#8221;default&#8221; hover_enabled=&#8221;0&#8243; global_colors_info=&#8221;{}&#8221; z_index=&#8221;1&#8243; sticky_enabled=&#8221;0&#8243;][et_pb_column type=&#8221;4_4&#8243; _builder_version=&#8221;4.25.2&#8243; _module_preset=&#8221;default&#8221; global_colors_info=&#8221;{}&#8221;][et_pb_accordion _builder_version=&#8221;4.25.2&#8243; _module_preset=&#8221;default&#8221; hover_enabled=&#8221;0&#8243; global_colors_info=&#8221;{}&#8221; sticky_enabled=&#8221;0&#8243; z_index=&#8221;1&#8243;][et_pb_accordion_item title=&#8221;Digitalizzazione del controllo qualit\u00e0 e delle ispezioni &#8221; open=&#8221;on&#8221; _builder_version=&#8221;4.25.2&#8243; _module_preset=&#8221;default&#8221; global_colors_info=&#8221;{}&#8221;]<\/p>\n<ul>\n<li>Esecuzione, compilazione di rapporti e firme digitali<\/li>\n<li>Sistema di pianificazione e notifica interno ed esterno<\/li>\n<li>Capacit\u00e0 di ispezione remota<\/li>\n<li>Gestione e firma digitale del Piano di Controllo Qualit\u00e0<\/li>\n<\/ul>\n<p>[\/et_pb_accordion_item][et_pb_accordion_item title=&#8221;Gestione delle non conformit\u00e0 e delle azioni associate&#8221; _builder_version=&#8221;4.25.2&#8243; _module_preset=&#8221;default&#8221; global_colors_info=&#8221;{}&#8221; open=&#8221;off&#8221;]<\/p>\n<ul>\n<li>Registrazione e monitoraggio delle non conformit\u00e0<\/li>\n<li>Analisi delle cause principali e definizione delle azioni correttive<\/li>\n<li>Follow-up delle azioni correttive e preventive (CAPA)<\/li>\n<\/ul>\n<p>[\/et_pb_accordion_item][et_pb_accordion_item title=&#8221;Audit di qualit\u00e0&#8221; _builder_version=&#8221;4.25.2&#8243; _module_preset=&#8221;default&#8221; global_colors_info=&#8221;{}&#8221; open=&#8221;off&#8221;]<\/p>\n<ul>\n<li>Pianificazione e gestione di audit interni ed esterni<\/li>\n<li>Checklist personalizzabili per gli audit<\/li>\n<li>Segnalazione e monitoraggio delle azioni post-audit<\/li>\n<\/ul>\n<p>[\/et_pb_accordion_item][et_pb_accordion_item title=&#8221;Gestione dei documenti&#8221; _builder_version=&#8221;4.25.2&#8243; _module_preset=&#8221;default&#8221; global_colors_info=&#8221;{}&#8221; open=&#8221;off&#8221;]<\/p>\n<ul>\n<li>Archiviazione centralizzata dei documenti prodotti<\/li>\n<li>Gestione dei documenti esterni<\/li>\n<li>Rapporti finali e dossier a portata di mano<\/li>\n<\/ul>\n<p>[\/et_pb_accordion_item][et_pb_accordion_item title=&#8221;Gestione dei fornitori e dei clienti&#8221; _builder_version=&#8221;4.25.2&#8243; _module_preset=&#8221;default&#8221; hover_enabled=&#8221;0&#8243; sticky_enabled=&#8221;0&#8243;]<\/p>\n<ul>\n<li>Condivisione di progetti, ispezioni e documentazione<\/li>\n<li>Gestione delle qualifiche<\/li>\n<li>Monitoraggio delle prestazioni<\/li>\n<\/ul>\n<p>[\/et_pb_accordion_item][et_pb_accordion_item title=&#8221;Analisi delle prestazioni&#8221; _builder_version=&#8221;4.25.2&#8243; _module_preset=&#8221;default&#8221; global_colors_info=&#8221;{}&#8221; open=&#8221;off&#8221;]<\/p>\n<ul>\n<li>\n<ul>\n<li>Cruscotti interattivi per il monitoraggio dei KPI di qualit\u00e0<\/li>\n<li>Report dettagliati e analisi statistiche<\/li>\n<li>Identificazione degli andamenti e aree di miglioramento<\/li>\n<\/ul>\n<\/li>\n<\/ul>\n<p>[\/et_pb_accordion_item][et_pb_accordion_item title=&#8221;Integrazione completa &#8221; _builder_version=&#8221;4.25.2&#8243; _module_preset=&#8221;default&#8221; global_colors_info=&#8221;{}&#8221; open=&#8221;off&#8221;]<\/p>\n<ul>\n<li>Integrazione perfetta con i moduli ERP esistenti, per una visione unificata delle operazioni aziendali e della qualit\u00e0.<\/li>\n<li>Flussi di lavoro automatizzati, che riducono la necessit\u00e0 di inserimento manuale e minimizzano gli errori.<\/li>\n<\/ul>\n<p>[\/et_pb_accordion_item][et_pb_accordion_item title=&#8221;Miglioramento della qualit\u00e0&#8221; _builder_version=&#8221;4.25.2&#8243; _module_preset=&#8221;default&#8221; global_colors_info=&#8221;{}&#8221; open=&#8221;off&#8221;]<\/p>\n<ul>\n<li>Supporta le aziende a creare sistemi di qualit\u00e0 conformi alle norme internazionali (ISO 9001, ISO 14001, ecc.).<\/li>\n<li>Riduzione delle non conformit\u00e0 attraverso una gestione proattiva e ben strutturata<\/li>\n<\/ul>\n<p>[\/et_pb_accordion_item][et_pb_accordion_item title=&#8221;Efficienza operativa&#8221; _builder_version=&#8221;4.25.2&#8243; _module_preset=&#8221;default&#8221; global_colors_info=&#8221;{}&#8221; open=&#8221;off&#8221;]<\/p>\n<ul>\n<li>Riduzione dei tempi di ispezione, audit e controllo qualit\u00e0 grazie a processi automatizzati e flussi di lavoro semplificati<\/li>\n<li>Centralizzazione della gestione dei documenti e delle informazioni sulla qualit\u00e0, migliorando l&#8217;accessibilit\u00e0 e la trasparenza.<\/li>\n<\/ul>\n<p>[\/et_pb_accordion_item][et_pb_accordion_item title=&#8221;Conformit\u00e0 e tracciabilit\u00e0 &#8221; _builder_version=&#8221;4.25.2&#8243; _module_preset=&#8221;default&#8221; global_colors_info=&#8221;{}&#8221; open=&#8221;off&#8221;]<\/p>\n<ul>\n<li>Garantisce la conformit\u00e0 alle normative vigenti grazie a strumenti completi di monitoraggio e reportistica<\/li>\n<li>Piena tracciabilit\u00e0 delle attivit\u00e0 e delle azioni correttive e preventive, che semplifica l\u2019evidenza della conformit\u00e0 durante gli audit.<\/li>\n<\/ul>\n<p>[\/et_pb_accordion_item][et_pb_accordion_item title=&#8221;Supporto alle decisioni&#8221; _builder_version=&#8221;4.25.2&#8243; _module_preset=&#8221;default&#8221; global_colors_info=&#8221;{}&#8221; open=&#8221;off&#8221;]<\/p>\n<ul>\n<li>Fornisce dati accurati e tempestivi per supportare le decisioni strategiche aziendali.<\/li>\n<li>Identificazione delle aree critiche e attuazione di piani di miglioramento mirati.<\/li>\n<\/ul>\n<p>[\/et_pb_accordion_item][et_pb_accordion_item title=&#8221;Collaborazione e comunicazione&#8221; _builder_version=&#8221;4.25.2&#8243; _module_preset=&#8221;default&#8221; global_colors_info=&#8221;{}&#8221; open=&#8221;off&#8221;]<\/p>\n<ul>\n<li>Miglior collaborazione tra i team di progetto grazie a una piattaforma centralizzata<\/li>\n<li>Comunicazione efficace con i fornitori e i partner, assicurando che tutte le parti interessate siano allineate con gli obiettivi di qualit\u00e0.<\/li>\n<\/ul>\n<p>[\/et_pb_accordion_item][et_pb_accordion_item title=&#8221;Soluzione Industria 5.0&#8243; _builder_version=&#8221;4.25.2&#8243; _module_preset=&#8221;default&#8221; global_colors_info=&#8221;{}&#8221; open=&#8221;off&#8221;]<\/p>\n<ul>\n<li>Sinergia uomo-macchina per una maggiore produttivit\u00e0 e una produzione e qualit\u00e0 personalizzate<\/li>\n<\/ul>\n<p>[\/et_pb_accordion_item][\/et_pb_accordion][\/et_pb_column][\/et_pb_row][et_pb_row _builder_version=&#8221;4.25.2&#8243; _module_preset=&#8221;default&#8221; global_colors_info=&#8221;{}&#8221;][et_pb_column type=&#8221;4_4&#8243; _builder_version=&#8221;4.25.2&#8243; _module_preset=&#8221;default&#8221; global_colors_info=&#8221;{}&#8221;][et_pb_button button_url=&#8221;https:\/\/inspectogroup.com\/it\/contatto\/&#8221; button_text=&#8221;PIANIFICARE UNA DEMO&#8221; button_alignment=&#8221;center&#8221; _builder_version=&#8221;4.25.2&#8243; _module_preset=&#8221;default&#8221; custom_button=&#8221;on&#8221; button_bg_color=&#8221;#002F5F&#8221; button_use_icon=&#8221;off&#8221; sticky_position=&#8221;top_bottom&#8221; global_colors_info=&#8221;{}&#8221;][\/et_pb_button][\/et_pb_column][\/et_pb_row][\/et_pb_section]<\/p>\n","protected":false},"excerpt":{"rendered":"<p>Esecuzione, compilazione di rapporti e firme digitali Sistema di pianificazione e notifica interno ed esterno Capacit\u00e0 di ispezione remota Gestione e firma digitale del Piano di Controllo Qualit\u00e0 Registrazione e monitoraggio delle non conformit\u00e0 Analisi delle cause principali e definizione delle azioni correttive Follow-up delle azioni correttive e preventive (CAPA) Pianificazione e gestione di audit [&hellip;]<\/p>\n","protected":false},"author":1,"featured_media":0,"parent":0,"menu_order":0,"comment_status":"closed","ping_status":"closed","template":"","meta":{"_et_pb_use_builder":"on","_et_pb_old_content":"","_et_gb_content_width":"","footnotes":""},"class_list":["post-389433","page","type-page","status-publish","hentry"],"yoast_head":"<!-- This site is optimized with the Yoast SEO plugin v27.6 - https:\/\/yoast.com\/product\/yoast-seo-wordpress\/ -->\n<title>Funzionalit\u00e0 del software INSPECTO - Monitoraggio attivit\u00e0\/ispezioni<\/title>\n<meta name=\"description\" content=\"Il software di riferimento per il settore. Migliorare la produttivit\u00e0. Ridurre i costi. Ridurre l&#039;impronta di carbonio.\" \/>\n<meta name=\"robots\" content=\"index, follow, max-snippet:-1, max-image-preview:large, max-video-preview:-1\" \/>\n<link rel=\"canonical\" href=\"https:\/\/inspectogroup.com\/fonctionnalites\/\" \/>\n<meta property=\"og:locale\" content=\"it_IT\" \/>\n<meta property=\"og:type\" content=\"article\" \/>\n<meta property=\"og:title\" content=\"Funzionalit\u00e0 del software INSPECTO - Monitoraggio attivit\u00e0\/ispezioni\" \/>\n<meta property=\"og:description\" content=\"Il software di riferimento per il settore. Migliorare la produttivit\u00e0. Ridurre i costi. Ridurre l&#039;impronta di carbonio.\" \/>\n<meta property=\"og:url\" content=\"https:\/\/inspectogroup.com\/fonctionnalites\/\" \/>\n<meta property=\"og:site_name\" content=\"INSPECTO GROUP\" \/>\n<meta property=\"article:modified_time\" content=\"2024-07-11T16:28:21+00:00\" \/>\n<meta name=\"twitter:card\" content=\"summary_large_image\" \/>\n<meta name=\"twitter:label1\" content=\"Tempo di lettura stimato\" \/>\n\t<meta name=\"twitter:data1\" content=\"2 minuti\" \/>\n<script type=\"application\/ld+json\" class=\"yoast-schema-graph\">{\"@context\":\"https:\\\/\\\/schema.org\",\"@graph\":[{\"@type\":\"WebPage\",\"@id\":\"https:\\\/\\\/inspectogroup.com\\\/fonctionnalites\\\/\",\"url\":\"https:\\\/\\\/inspectogroup.com\\\/fonctionnalites\\\/\",\"name\":\"Funzionalit\u00e0 del software INSPECTO - Monitoraggio attivit\u00e0\\\/ispezioni\",\"isPartOf\":{\"@id\":\"https:\\\/\\\/inspectogroup.com\\\/#website\"},\"datePublished\":\"2022-12-28T08:51:59+00:00\",\"dateModified\":\"2024-07-11T16:28:21+00:00\",\"description\":\"Il software di riferimento per il settore. Migliorare la produttivit\u00e0. Ridurre i costi. Ridurre l'impronta di carbonio.\",\"breadcrumb\":{\"@id\":\"https:\\\/\\\/inspectogroup.com\\\/fonctionnalites\\\/#breadcrumb\"},\"inLanguage\":\"it-IT\",\"potentialAction\":[{\"@type\":\"ReadAction\",\"target\":[\"https:\\\/\\\/inspectogroup.com\\\/fonctionnalites\\\/\"]}]},{\"@type\":\"BreadcrumbList\",\"@id\":\"https:\\\/\\\/inspectogroup.com\\\/fonctionnalites\\\/#breadcrumb\",\"itemListElement\":[{\"@type\":\"ListItem\",\"position\":1,\"name\":\"Accueil\",\"item\":\"https:\\\/\\\/inspectogroup.com\\\/it\\\/\"},{\"@type\":\"ListItem\",\"position\":2,\"name\":\"FUNZIONALITA\"}]},{\"@type\":\"WebSite\",\"@id\":\"https:\\\/\\\/inspectogroup.com\\\/#website\",\"url\":\"https:\\\/\\\/inspectogroup.com\\\/\",\"name\":\"INSPECTO GROUP\",\"description\":\"Inspection, contr\u00f4les et audits digitalis\u00e9s!\",\"potentialAction\":[{\"@type\":\"SearchAction\",\"target\":{\"@type\":\"EntryPoint\",\"urlTemplate\":\"https:\\\/\\\/inspectogroup.com\\\/?s={search_term_string}\"},\"query-input\":{\"@type\":\"PropertyValueSpecification\",\"valueRequired\":true,\"valueName\":\"search_term_string\"}}],\"inLanguage\":\"it-IT\"}]}<\/script>\n<!-- \/ Yoast SEO plugin. -->","yoast_head_json":{"title":"Funzionalit\u00e0 del software INSPECTO - Monitoraggio attivit\u00e0\/ispezioni","description":"Il software di riferimento per il settore. Migliorare la produttivit\u00e0. Ridurre i costi. Ridurre l'impronta di carbonio.","robots":{"index":"index","follow":"follow","max-snippet":"max-snippet:-1","max-image-preview":"max-image-preview:large","max-video-preview":"max-video-preview:-1"},"canonical":"https:\/\/inspectogroup.com\/fonctionnalites\/","og_locale":"it_IT","og_type":"article","og_title":"Funzionalit\u00e0 del software INSPECTO - Monitoraggio attivit\u00e0\/ispezioni","og_description":"Il software di riferimento per il settore. Migliorare la produttivit\u00e0. Ridurre i costi. Ridurre l'impronta di carbonio.","og_url":"https:\/\/inspectogroup.com\/fonctionnalites\/","og_site_name":"INSPECTO GROUP","article_modified_time":"2024-07-11T16:28:21+00:00","twitter_card":"summary_large_image","twitter_misc":{"Tempo di lettura stimato":"2 minuti"},"schema":{"@context":"https:\/\/schema.org","@graph":[{"@type":"WebPage","@id":"https:\/\/inspectogroup.com\/fonctionnalites\/","url":"https:\/\/inspectogroup.com\/fonctionnalites\/","name":"Funzionalit\u00e0 del software INSPECTO - Monitoraggio attivit\u00e0\/ispezioni","isPartOf":{"@id":"https:\/\/inspectogroup.com\/#website"},"datePublished":"2022-12-28T08:51:59+00:00","dateModified":"2024-07-11T16:28:21+00:00","description":"Il software di riferimento per il settore. Migliorare la produttivit\u00e0. Ridurre i costi. Ridurre l'impronta di carbonio.","breadcrumb":{"@id":"https:\/\/inspectogroup.com\/fonctionnalites\/#breadcrumb"},"inLanguage":"it-IT","potentialAction":[{"@type":"ReadAction","target":["https:\/\/inspectogroup.com\/fonctionnalites\/"]}]},{"@type":"BreadcrumbList","@id":"https:\/\/inspectogroup.com\/fonctionnalites\/#breadcrumb","itemListElement":[{"@type":"ListItem","position":1,"name":"Accueil","item":"https:\/\/inspectogroup.com\/it\/"},{"@type":"ListItem","position":2,"name":"FUNZIONALITA"}]},{"@type":"WebSite","@id":"https:\/\/inspectogroup.com\/#website","url":"https:\/\/inspectogroup.com\/","name":"INSPECTO GROUP","description":"Inspection, contr\u00f4les et audits digitalis\u00e9s!","potentialAction":[{"@type":"SearchAction","target":{"@type":"EntryPoint","urlTemplate":"https:\/\/inspectogroup.com\/?s={search_term_string}"},"query-input":{"@type":"PropertyValueSpecification","valueRequired":true,"valueName":"search_term_string"}}],"inLanguage":"it-IT"}]}},"_links":{"self":[{"href":"https:\/\/inspectogroup.com\/it\/wp-json\/wp\/v2\/pages\/389433","targetHints":{"allow":["GET"]}}],"collection":[{"href":"https:\/\/inspectogroup.com\/it\/wp-json\/wp\/v2\/pages"}],"about":[{"href":"https:\/\/inspectogroup.com\/it\/wp-json\/wp\/v2\/types\/page"}],"author":[{"embeddable":true,"href":"https:\/\/inspectogroup.com\/it\/wp-json\/wp\/v2\/users\/1"}],"replies":[{"embeddable":true,"href":"https:\/\/inspectogroup.com\/it\/wp-json\/wp\/v2\/comments?post=389433"}],"version-history":[{"count":36,"href":"https:\/\/inspectogroup.com\/it\/wp-json\/wp\/v2\/pages\/389433\/revisions"}],"predecessor-version":[{"id":391883,"href":"https:\/\/inspectogroup.com\/it\/wp-json\/wp\/v2\/pages\/389433\/revisions\/391883"}],"wp:attachment":[{"href":"https:\/\/inspectogroup.com\/it\/wp-json\/wp\/v2\/media?parent=389433"}],"curies":[{"name":"wp","href":"https:\/\/api.w.org\/{rel}","templated":true}]}}